{"id":6264,"date":"2022-09-17T12:55:35","date_gmt":"2022-09-17T15:55:35","guid":{"rendered":"https:\/\/www.taller-palabras.com\/WordPress_04\/?post_type=product&#038;p=6264"},"modified":"2024-08-27T12:50:49","modified_gmt":"2024-08-27T15:50:49","slug":"ella-en-la-otra-orilla-mitsuyo-kakuta-ebook","status":"publish","type":"product","link":"https:\/\/www.taller-palabras.com\/WordPress_04\/producto\/ella-en-la-otra-orilla-mitsuyo-kakuta-ebook","title":{"rendered":"Ella en la otra orilla &#8211; Mitsuyo Kakuta \/ebook"},"content":{"rendered":"<figure id=\"attachment_6237\" aria-describedby=\"caption-attachment-6237\" style=\"width: 150px\" class=\"wp-caption alignleft\"><img loading=\"lazy\" decoding=\"async\" class=\"wp-image-6237 size-thumbnail\" src=\"https:\/\/www.taller-palabras.com\/WordPress_04\/wp-content\/uploads\/2022\/09\/Mitsuyo-kakuta-150x150.jpg\" alt=\"\" width=\"150\" height=\"150\" srcset=\"https:\/\/www.taller-palabras.com\/WordPress_04\/wp-content\/uploads\/2022\/09\/Mitsuyo-kakuta-150x150.jpg 150w, https:\/\/www.taller-palabras.com\/WordPress_04\/wp-content\/uploads\/2022\/09\/Mitsuyo-kakuta-100x100.jpg 100w\" sizes=\"auto, (max-width: 150px) 100vw, 150px\" \/><figcaption id=\"caption-attachment-6237\" class=\"wp-caption-text\">Autora Mitsuyo Kakuta<\/figcaption><\/figure>\n<p>Sayoko, un ama de casa de treinta y cinco a\u00f1os con un ni\u00f1o de tres, empieza a trabajar para Aoi, una mujer universitaria de su misma edad y esp\u00edritu libre que tiene una agencia de viajes y un negocio de servicio de limpieza. T\u00edmida e incapaz de conectar con otras madres en su barrio, Sayoko se siente atra\u00edda por el estilo de vida independiente de Aoi y su personalidad tolerante. Las dos congenian desde el principio, comenzando una amistad que es para Sayoko tambi\u00e9n una reafirmaci\u00f3n del valor de la vida. Aoi, por su parte, no siempre ha sido la persona segura de s\u00ed misma que parece ser. De adolescente sufri\u00f3 bulling en el instituto y tuvo que cambiar de centro, experiencia que la marc\u00f3 de tal modo que a partir de entonces se ha pasado la vida evitando el contacto con los dem\u00e1s. La amistad entre Sayoko y Aoi, por un lado, y las penurias de la Aoi adolescente, por otro, conforman una narrativa a dos niveles que converge en el arrebatador cap\u00edtulo final. Una novela rica en sensibilidad y en an\u00e1lisis psicol\u00f3gicos sobre la dificultad profesional de las j\u00f3venes madres y el dolor de ser diferente en una sociedad que privilegia la uniformidad.<\/p>\n","protected":false},"excerpt":{"rendered":"<p>Sayoko, un ama de casa de treinta y cinco a\u00f1os con un ni\u00f1o de tres, empieza a trabajar para Aoi, una mujer universitaria de su misma edad y esp\u00edritu libre que tiene una agencia de viajes y un negocio de servicio de limpieza. T\u00edmida e incapaz de conectar con otras madres en su barrio, Sayoko [&hellip;]<\/p>\n","protected":false},"featured_media":6239,"template":"","meta":[],"product_brand":[],"product_cat":[25],"product_tag":[54,901,225,900],"class_list":{"0":"post-6264","1":"product","2":"type-product","3":"status-publish","4":"has-post-thumbnail","6":"product_cat-libros-digitales-ebooks","7":"product_tag-descargar-ebook","8":"product_tag-ella-en-la-otra-orilla","9":"product_tag-mejores-novelas","10":"product_tag-mitsuyo-kakuta","12":"first","13":"instock","14":"shipping-taxable","15":"purchasable","16":"product-type-variable","17":"has-default-attributes"},"_links":{"self":[{"href":"https:\/\/www.taller-palabras.com\/WordPress_04\/wp-json\/wp\/v2\/product\/6264","targetHints":{"allow":["GET"]}}],"collection":[{"href":"https:\/\/www.taller-palabras.com\/WordPress_04\/wp-json\/wp\/v2\/product"}],"about":[{"href":"https:\/\/www.taller-palabras.com\/WordPress_04\/wp-json\/wp\/v2\/types\/product"}],"wp:featuredmedia":[{"embeddable":true,"href":"https:\/\/www.taller-palabras.com\/WordPress_04\/wp-json\/wp\/v2\/media\/6239"}],"wp:attachment":[{"href":"https:\/\/www.taller-palabras.com\/WordPress_04\/wp-json\/wp\/v2\/media?parent=6264"}],"wp:term":[{"taxonomy":"product_brand","embeddable":true,"href":"https:\/\/www.taller-palabras.com\/WordPress_04\/wp-json\/wp\/v2\/product_brand?post=6264"},{"taxonomy":"product_cat","embeddable":true,"href":"https:\/\/www.taller-palabras.com\/WordPress_04\/wp-json\/wp\/v2\/product_cat?post=6264"},{"taxonomy":"product_tag","embeddable":true,"href":"https:\/\/www.taller-palabras.com\/WordPress_04\/wp-json\/wp\/v2\/product_tag?post=6264"}],"curies":[{"name":"wp","href":"https:\/\/api.w.org\/{rel}","templated":true}]}}