{"id":6269,"date":"2022-09-17T13:06:21","date_gmt":"2022-09-17T16:06:21","guid":{"rendered":"https:\/\/www.taller-palabras.com\/WordPress_04\/?post_type=product&#038;p=6269"},"modified":"2024-08-28T11:07:22","modified_gmt":"2024-08-28T14:07:22","slug":"cuatro-amigos-david-trueba-ebook","status":"publish","type":"product","link":"https:\/\/www.taller-palabras.com\/WordPress_04\/producto\/cuatro-amigos-david-trueba-ebook","title":{"rendered":"Cuatro amigos &#8211; David Trueba \/ebook"},"content":{"rendered":"<figure id=\"attachment_6229\" aria-describedby=\"caption-attachment-6229\" style=\"width: 150px\" class=\"wp-caption alignleft\"><img loading=\"lazy\" decoding=\"async\" class=\"wp-image-6229 size-thumbnail\" src=\"https:\/\/www.taller-palabras.com\/WordPress_04\/wp-content\/uploads\/2022\/09\/David-Trueba-150x150.jpeg\" alt=\"\" width=\"150\" height=\"150\" srcset=\"https:\/\/www.taller-palabras.com\/WordPress_04\/wp-content\/uploads\/2022\/09\/David-Trueba-150x150.jpeg 150w, https:\/\/www.taller-palabras.com\/WordPress_04\/wp-content\/uploads\/2022\/09\/David-Trueba-100x100.jpeg 100w, https:\/\/www.taller-palabras.com\/WordPress_04\/wp-content\/uploads\/2022\/09\/David-Trueba.jpeg 225w\" sizes=\"auto, (max-width: 150px) 100vw, 150px\" \/><figcaption id=\"caption-attachment-6229\" class=\"wp-caption-text\">Autor David Trueba<\/figcaption><\/figure>\n<p>Detr\u00e1s del desmadrado viaje de vacaciones de cuatro amigos veintea\u00f1eros, se esconde una historia de amor. El protagonista, Solo, se suma a la juerga continua y al gamberrismo andante de sus inseparables compa\u00f1eros tratando de huir del recuerdo de B\u00e1rbara, pero cada paso le acerca m\u00e1s a ella, al amor de su vida. La exaltaci\u00f3n de la libertad, de la juventud, de la adolescencia eterna termina por recordarles que todo se acaba, que tras las carcajadas asoman las frustraciones. \u00abCuatro amigos\u00bb es el relato agridulce del final de una \u00e9poca, de una edad. David Trueba reincide con su segunda novela en el contraste de tonalidades, entre la pura comedia disparatada y el m\u00e1s desatado romanticismo, y despliega de nuevo su talento narrativo en un espacio muy poco transitado en la nueva literatura espa\u00f1ola.<\/p>\n","protected":false},"excerpt":{"rendered":"<p>Detr\u00e1s del desmadrado viaje de vacaciones de cuatro amigos veintea\u00f1eros, se esconde una historia de amor. El protagonista, Solo, se suma a la juerga continua y al gamberrismo andante de sus inseparables compa\u00f1eros tratando de huir del recuerdo de B\u00e1rbara, pero cada paso le acerca m\u00e1s a ella, al amor de su vida. La exaltaci\u00f3n [&hellip;]<\/p>\n","protected":false},"featured_media":6228,"template":"","meta":[],"product_brand":[],"product_cat":[25],"product_tag":[903,902,54,225],"class_list":{"0":"post-6269","1":"product","2":"type-product","3":"status-publish","4":"has-post-thumbnail","6":"product_cat-libros-digitales-ebooks","7":"product_tag-cuatro-amigos","8":"product_tag-david-trueba","9":"product_tag-descargar-ebook","10":"product_tag-mejores-novelas","12":"first","13":"instock","14":"shipping-taxable","15":"purchasable","16":"product-type-variable","17":"has-default-attributes"},"_links":{"self":[{"href":"https:\/\/www.taller-palabras.com\/WordPress_04\/wp-json\/wp\/v2\/product\/6269","targetHints":{"allow":["GET"]}}],"collection":[{"href":"https:\/\/www.taller-palabras.com\/WordPress_04\/wp-json\/wp\/v2\/product"}],"about":[{"href":"https:\/\/www.taller-palabras.com\/WordPress_04\/wp-json\/wp\/v2\/types\/product"}],"wp:featuredmedia":[{"embeddable":true,"href":"https:\/\/www.taller-palabras.com\/WordPress_04\/wp-json\/wp\/v2\/media\/6228"}],"wp:attachment":[{"href":"https:\/\/www.taller-palabras.com\/WordPress_04\/wp-json\/wp\/v2\/media?parent=6269"}],"wp:term":[{"taxonomy":"product_brand","embeddable":true,"href":"https:\/\/www.taller-palabras.com\/WordPress_04\/wp-json\/wp\/v2\/product_brand?post=6269"},{"taxonomy":"product_cat","embeddable":true,"href":"https:\/\/www.taller-palabras.com\/WordPress_04\/wp-json\/wp\/v2\/product_cat?post=6269"},{"taxonomy":"product_tag","embeddable":true,"href":"https:\/\/www.taller-palabras.com\/WordPress_04\/wp-json\/wp\/v2\/product_tag?post=6269"}],"curies":[{"name":"wp","href":"https:\/\/api.w.org\/{rel}","templated":true}]}}