{"id":6289,"date":"2022-09-21T12:07:36","date_gmt":"2022-09-21T15:07:36","guid":{"rendered":"https:\/\/www.taller-palabras.com\/WordPress_04\/?post_type=product&#038;p=6289"},"modified":"2024-08-31T12:23:32","modified_gmt":"2024-08-31T15:23:32","slug":"el-hombre-sentimental-javier-marias-ebook","status":"publish","type":"product","link":"https:\/\/www.taller-palabras.com\/WordPress_04\/producto\/el-hombre-sentimental-javier-marias-ebook","title":{"rendered":"El hombre sentimental &#8211; Javier Mar\u00edas \/ebook"},"content":{"rendered":"<figure id=\"attachment_4940\" aria-describedby=\"caption-attachment-4940\" style=\"width: 150px\" class=\"wp-caption alignleft\"><img loading=\"lazy\" decoding=\"async\" class=\"wp-image-4940 size-thumbnail\" src=\"https:\/\/www.taller-palabras.com\/WordPress_04\/wp-content\/uploads\/2021\/12\/JavierMarias-150x150.jpg\" alt=\"\" width=\"150\" height=\"150\" srcset=\"https:\/\/www.taller-palabras.com\/WordPress_04\/wp-content\/uploads\/2021\/12\/JavierMarias-150x150.jpg 150w, https:\/\/www.taller-palabras.com\/WordPress_04\/wp-content\/uploads\/2021\/12\/JavierMarias-100x100.jpg 100w\" sizes=\"auto, (max-width: 150px) 100vw, 150px\" \/><figcaption id=\"caption-attachment-4940\" class=\"wp-caption-text\">Autor Javier Mar\u00edas<\/figcaption><\/figure>\n<p>Es esta una historia de pasiones llevadas hasta las \u00faltimas consecuencias, que en este fin de siglo s\u00f3lo son verdaderamente \u00faltimas para el hombre sentimental, que parece ser el artista o el pensador, pero que tal vez sea, por el contrario, el hombre de negocios, el hombre de acci\u00f3n.<\/p>\n","protected":false},"excerpt":{"rendered":"<p>Es esta una historia de pasiones llevadas hasta las \u00faltimas consecuencias, que en este fin de siglo s\u00f3lo son verdaderamente \u00faltimas para el hombre sentimental, que parece ser el artista o el pensador, pero que tal vez sea, por el contrario, el hombre de negocios, el hombre de acci\u00f3n.<\/p>\n","protected":false},"featured_media":6284,"template":"","meta":[],"product_brand":[],"product_cat":[25],"product_tag":[54,907,669,225],"class_list":{"0":"post-6289","1":"product","2":"type-product","3":"status-publish","4":"has-post-thumbnail","6":"product_cat-libros-digitales-ebooks","7":"product_tag-descargar-ebook","8":"product_tag-el-hombre-sentimental","9":"product_tag-javier-marias","10":"product_tag-mejores-novelas","12":"first","13":"instock","14":"shipping-taxable","15":"purchasable","16":"product-type-variable","17":"has-default-attributes"},"_links":{"self":[{"href":"https:\/\/www.taller-palabras.com\/WordPress_04\/wp-json\/wp\/v2\/product\/6289","targetHints":{"allow":["GET"]}}],"collection":[{"href":"https:\/\/www.taller-palabras.com\/WordPress_04\/wp-json\/wp\/v2\/product"}],"about":[{"href":"https:\/\/www.taller-palabras.com\/WordPress_04\/wp-json\/wp\/v2\/types\/product"}],"wp:featuredmedia":[{"embeddable":true,"href":"https:\/\/www.taller-palabras.com\/WordPress_04\/wp-json\/wp\/v2\/media\/6284"}],"wp:attachment":[{"href":"https:\/\/www.taller-palabras.com\/WordPress_04\/wp-json\/wp\/v2\/media?parent=6289"}],"wp:term":[{"taxonomy":"product_brand","embeddable":true,"href":"https:\/\/www.taller-palabras.com\/WordPress_04\/wp-json\/wp\/v2\/product_brand?post=6289"},{"taxonomy":"product_cat","embeddable":true,"href":"https:\/\/www.taller-palabras.com\/WordPress_04\/wp-json\/wp\/v2\/product_cat?post=6289"},{"taxonomy":"product_tag","embeddable":true,"href":"https:\/\/www.taller-palabras.com\/WordPress_04\/wp-json\/wp\/v2\/product_tag?post=6289"}],"curies":[{"name":"wp","href":"https:\/\/api.w.org\/{rel}","templated":true}]}}