{"id":6293,"date":"2022-10-02T13:12:42","date_gmt":"2022-10-02T16:12:42","guid":{"rendered":"https:\/\/www.taller-palabras.com\/WordPress_04\/?post_type=product&#038;p=6293"},"modified":"2024-08-31T13:06:50","modified_gmt":"2024-08-31T16:06:50","slug":"yo-antes-de-ti-jojo-moyes-ebook","status":"publish","type":"product","link":"https:\/\/www.taller-palabras.com\/WordPress_04\/producto\/yo-antes-de-ti-jojo-moyes-ebook","title":{"rendered":"Yo antes de ti &#8211; Jojo Moyes \/ebook"},"content":{"rendered":"<figure id=\"attachment_6298\" aria-describedby=\"caption-attachment-6298\" style=\"width: 150px\" class=\"wp-caption alignleft\"><img loading=\"lazy\" decoding=\"async\" class=\"wp-image-6298 size-thumbnail\" src=\"https:\/\/www.taller-palabras.com\/WordPress_04\/wp-content\/uploads\/2022\/10\/Jojo-Moyes-150x150.jpg\" alt=\"\" width=\"150\" height=\"150\" srcset=\"https:\/\/www.taller-palabras.com\/WordPress_04\/wp-content\/uploads\/2022\/10\/Jojo-Moyes-150x150.jpg 150w, https:\/\/www.taller-palabras.com\/WordPress_04\/wp-content\/uploads\/2022\/10\/Jojo-Moyes-100x100.jpg 100w\" sizes=\"auto, (max-width: 150px) 100vw, 150px\" \/><figcaption id=\"caption-attachment-6298\" class=\"wp-caption-text\">Autora Jojo Moyes<\/figcaption><\/figure>\n<p>Louisa Clark sabe muchas cosas. Sabe cu\u00e1ntos pasos hay entre la parada del autob\u00fas y su casa. Sabe que le gusta trabajar en el caf\u00e9 The Buttered Bun y sabe que quiz\u00e1 no quiera a su novio Patrick. Lo que Lou no sabe es que est\u00e1 a punto de perder su trabajo o que son sus peque\u00f1as rutinas las que la mantienen en su sano juicio. Will Traynor sabe que un accidente de moto se llev\u00f3 sus ganas de vivir. Sabe que ahora todo le parece insignificante y triste y sabe exactamente c\u00f3mo va a ponerle fin. Lo que Will no sabe es que Lou est\u00e1 a punto de irrumpir en su mundo con una explosi\u00f3n de color. Y ninguno de los dos sabe que va a cambiar al otro para siempre. Yo antes de ti re\u00fane a dos personas que no podr\u00edan tener menos en com\u00fan en una novela conmovedoramente rom\u00e1ntica con una pregunta: \u00bfQu\u00e9 decidir\u00edas cuando hacer feliz a la persona a la que amas significa tambi\u00e9n destrozarte el coraz\u00f3n?<\/p>\n","protected":false},"excerpt":{"rendered":"<p>Louisa Clark sabe muchas cosas. Sabe cu\u00e1ntos pasos hay entre la parada del autob\u00fas y su casa. Sabe que le gusta trabajar en el caf\u00e9 The Buttered Bun y sabe que quiz\u00e1 no quiera a su novio Patrick. Lo que Lou no sabe es que est\u00e1 a punto de perder su trabajo o que son [&hellip;]<\/p>\n","protected":false},"featured_media":6299,"template":"","meta":[],"product_brand":[],"product_cat":[25],"product_tag":[54,908,225,909],"class_list":{"0":"post-6293","1":"product","2":"type-product","3":"status-publish","4":"has-post-thumbnail","6":"product_cat-libros-digitales-ebooks","7":"product_tag-descargar-ebook","8":"product_tag-jojo-moyes","9":"product_tag-mejores-novelas","10":"product_tag-yo-antes-de-ti","12":"first","13":"instock","14":"shipping-taxable","15":"purchasable","16":"product-type-variable","17":"has-default-attributes"},"_links":{"self":[{"href":"https:\/\/www.taller-palabras.com\/WordPress_04\/wp-json\/wp\/v2\/product\/6293","targetHints":{"allow":["GET"]}}],"collection":[{"href":"https:\/\/www.taller-palabras.com\/WordPress_04\/wp-json\/wp\/v2\/product"}],"about":[{"href":"https:\/\/www.taller-palabras.com\/WordPress_04\/wp-json\/wp\/v2\/types\/product"}],"wp:featuredmedia":[{"embeddable":true,"href":"https:\/\/www.taller-palabras.com\/WordPress_04\/wp-json\/wp\/v2\/media\/6299"}],"wp:attachment":[{"href":"https:\/\/www.taller-palabras.com\/WordPress_04\/wp-json\/wp\/v2\/media?parent=6293"}],"wp:term":[{"taxonomy":"product_brand","embeddable":true,"href":"https:\/\/www.taller-palabras.com\/WordPress_04\/wp-json\/wp\/v2\/product_brand?post=6293"},{"taxonomy":"product_cat","embeddable":true,"href":"https:\/\/www.taller-palabras.com\/WordPress_04\/wp-json\/wp\/v2\/product_cat?post=6293"},{"taxonomy":"product_tag","embeddable":true,"href":"https:\/\/www.taller-palabras.com\/WordPress_04\/wp-json\/wp\/v2\/product_tag?post=6293"}],"curies":[{"name":"wp","href":"https:\/\/api.w.org\/{rel}","templated":true}]}}