{"id":6310,"date":"2022-10-05T11:01:08","date_gmt":"2022-10-05T14:01:08","guid":{"rendered":"https:\/\/www.taller-palabras.com\/WordPress_04\/?post_type=product&#038;p=6310"},"modified":"2024-08-31T14:14:32","modified_gmt":"2024-08-31T17:14:32","slug":"aventuras-del-baron-de-munchhausen-gottfried-august-burger-ebook","status":"publish","type":"product","link":"https:\/\/www.taller-palabras.com\/WordPress_04\/producto\/aventuras-del-baron-de-munchhausen-gottfried-august-burger-ebook","title":{"rendered":"Aventuras del Bar\u00f3n de Munchhausen &#8211; Gottfried August Burger \/ebook"},"content":{"rendered":"<figure id=\"attachment_6316\" aria-describedby=\"caption-attachment-6316\" style=\"width: 150px\" class=\"wp-caption alignleft\"><img loading=\"lazy\" decoding=\"async\" class=\"wp-image-6316 size-thumbnail\" src=\"https:\/\/www.taller-palabras.com\/WordPress_04\/wp-content\/uploads\/2022\/10\/Godfried-Adolf-Burger-150x150.jpg\" alt=\"\" width=\"150\" height=\"150\" srcset=\"https:\/\/www.taller-palabras.com\/WordPress_04\/wp-content\/uploads\/2022\/10\/Godfried-Adolf-Burger-150x150.jpg 150w, https:\/\/www.taller-palabras.com\/WordPress_04\/wp-content\/uploads\/2022\/10\/Godfried-Adolf-Burger-100x100.jpg 100w\" sizes=\"auto, (max-width: 150px) 100vw, 150px\" \/><figcaption id=\"caption-attachment-6316\" class=\"wp-caption-text\">Autor Gottfried August Burger<\/figcaption><\/figure>\n<p>El protagonista de \u00abLas Aventuras del Bar\u00f3n de M\u00fcnchhausen\u00bb no es una figura inventada sino un personaje hist\u00f3rico de la Baja Sajonia que, tras retirarse a la vida privada en 1750, sol\u00eda entretener a sus amistades con la fabulaci\u00f3n de sus supuestas haza\u00f1as. Gottfried August B\u00fcrger (1747-1794) fue el autor de la versi\u00f3n m\u00e1s difundida y popular de estos \u00abviajes prodigiosos por tierras y mares, campa\u00f1as y aventuras festivas del bar\u00f3n de M\u00fcnchhausen, tal como \u00e9l suele contarlas en su tertulia junto a una botella\u00bb. Las adaptaciones infantiles de este divertido libro suprimen habitualmente las alusiones a la Iglesia, el sexo o a la bebida, borran el contexto hist\u00f3rico de las an\u00e9cdotas y estiran o encogen las historias a su entero capricho. Miguel S\u00e1enz \u2014traductor, prologuista y anotador de esta edici\u00f3n castellana, basada en la segunda reimpresi\u00f3n alemana de 1788\u2014 se\u00f1ala que esas versiones para ni\u00f1os transforman a un genial embustero en un pobre idiota y laminan el lenguaje vivo, directo y enormemente expresivo con que fueron narradas las disparatadas historias. \u00abLa mentira es simplemente la forma m\u00e1s pura de la narrativa, la imaginaci\u00f3n instalada en el poder. El bar\u00f3n de M\u00fcnchhausen lo sab\u00eda y nunca tuvo la pretensi\u00f3n de ser cre\u00eddo; le bastaba con hacer pasar un buen rato a sus oyentes.<\/p>\n","protected":false},"excerpt":{"rendered":"<p>El protagonista de \u00abLas Aventuras del Bar\u00f3n de M\u00fcnchhausen\u00bb no es una figura inventada sino un personaje hist\u00f3rico de la Baja Sajonia que, tras retirarse a la vida privada en 1750, sol\u00eda entretener a sus amistades con la fabulaci\u00f3n de sus supuestas haza\u00f1as. Gottfried August B\u00fcrger (1747-1794) fue el autor de la versi\u00f3n m\u00e1s difundida [&hellip;]<\/p>\n","protected":false},"featured_media":6315,"template":"","meta":[],"product_brand":[],"product_cat":[25],"product_tag":[912,54,911,45],"class_list":{"0":"post-6310","1":"product","2":"type-product","3":"status-publish","4":"has-post-thumbnail","6":"product_cat-libros-digitales-ebooks","7":"product_tag-aventuras-del-baron-de-munchhausen","8":"product_tag-descargar-ebook","9":"product_tag-gottfried-august-burger","10":"product_tag-mejor-novela","12":"first","13":"instock","14":"shipping-taxable","15":"purchasable","16":"product-type-variable","17":"has-default-attributes"},"_links":{"self":[{"href":"https:\/\/www.taller-palabras.com\/WordPress_04\/wp-json\/wp\/v2\/product\/6310","targetHints":{"allow":["GET"]}}],"collection":[{"href":"https:\/\/www.taller-palabras.com\/WordPress_04\/wp-json\/wp\/v2\/product"}],"about":[{"href":"https:\/\/www.taller-palabras.com\/WordPress_04\/wp-json\/wp\/v2\/types\/product"}],"wp:featuredmedia":[{"embeddable":true,"href":"https:\/\/www.taller-palabras.com\/WordPress_04\/wp-json\/wp\/v2\/media\/6315"}],"wp:attachment":[{"href":"https:\/\/www.taller-palabras.com\/WordPress_04\/wp-json\/wp\/v2\/media?parent=6310"}],"wp:term":[{"taxonomy":"product_brand","embeddable":true,"href":"https:\/\/www.taller-palabras.com\/WordPress_04\/wp-json\/wp\/v2\/product_brand?post=6310"},{"taxonomy":"product_cat","embeddable":true,"href":"https:\/\/www.taller-palabras.com\/WordPress_04\/wp-json\/wp\/v2\/product_cat?post=6310"},{"taxonomy":"product_tag","embeddable":true,"href":"https:\/\/www.taller-palabras.com\/WordPress_04\/wp-json\/wp\/v2\/product_tag?post=6310"}],"curies":[{"name":"wp","href":"https:\/\/api.w.org\/{rel}","templated":true}]}}