{"id":632,"date":"2020-07-30T12:24:40","date_gmt":"2020-07-30T15:24:40","guid":{"rendered":"https:\/\/www.taller-palabras.com\/WordPress_04\/?post_type=product&#038;p=632"},"modified":"2025-09-21T15:25:19","modified_gmt":"2025-09-21T18:25:19","slug":"inferno-dan-brown-ebook","status":"publish","type":"product","link":"https:\/\/www.taller-palabras.com\/WordPress_04\/producto\/inferno-dan-brown-ebook","title":{"rendered":"Inferno &#8211; Dan Brown  \/ebook"},"content":{"rendered":"<figure id=\"attachment_633\" aria-describedby=\"caption-attachment-633\" style=\"width: 150px\" class=\"wp-caption alignleft\"><img loading=\"lazy\" decoding=\"async\" class=\"wp-image-633 size-thumbnail\" src=\"https:\/\/www.taller-palabras.com\/WordPress_04\/wp-content\/uploads\/2019\/04\/danbrown-150x150.jpg\" alt=\"\" width=\"150\" height=\"150\" srcset=\"https:\/\/www.taller-palabras.com\/WordPress_04\/wp-content\/uploads\/2019\/04\/danbrown-150x150.jpg 150w, https:\/\/www.taller-palabras.com\/WordPress_04\/wp-content\/uploads\/2019\/04\/danbrown-324x324.jpg 324w, https:\/\/www.taller-palabras.com\/WordPress_04\/wp-content\/uploads\/2019\/04\/danbrown-100x100.jpg 100w\" sizes=\"auto, (max-width: 150px) 100vw, 150px\" \/><figcaption id=\"caption-attachment-633\" class=\"wp-caption-text\">Autor Dan Brown<\/figcaption><\/figure>\n<p>En sus bestsellers internacionales El c\u00f3digo Da Vinci, \u00c1ngeles y demonios y El s\u00edmbolo perdido, Dan Brown aun\u00f3 con maestr\u00eda historia, arte, c\u00f3digos y s\u00edmbolos. En su nuevo thriller, Inferno, Brown recupera su esencia con su novela m\u00e1s ambiciosa hasta la fecha. En el coraz\u00f3n de Italia, el catedr\u00e1tico de Simbolog\u00eda de Harvard Robert Langdon se ve arrastrado a un mundo terror\u00edfico centrado en una de las obras maestras de la Literatura m\u00e1s imperecederas y misteriosas de la Historia: el Infierno de Dante. Con este tel\u00f3n de fondo, Langdon se enfrenta a un adversario escalofriante y lidia con un acertijo ingenioso en un escenario de arte cl\u00e1sico, pasadizos secretos y ciencia futurista. Apoy\u00e1ndose en el oscuro poema \u00e9pico de Dante, Langdon, en una carrera contrarreloj, busca respuestas y personas de confianza antes de que el mundo cambie irrevocablemente.<\/p>\n<p>La humanidad est\u00e1 transitando una serena, callada pero sistem\u00e1tica Tercera Guerra Mundial.<br \/>\nEl imparable crecimiento demogr\u00e1fico est\u00e1 acabando con importantes sectores de la sociedad que frente al aumento incontrolado de su poblaci\u00f3n se ven sometidos al hambre y a enfermedades end\u00e9micas de dif\u00edcil control.<br \/>\nAlgunos datos son alarmantes: La poblaci\u00f3n mundial a finales de 2011 lleg\u00f3 a los 7 mil millones de habitantes.<\/p>\n<p>&nbsp;<\/p>\n","protected":false},"excerpt":{"rendered":"<p>En sus bestsellers internacionales El c\u00f3digo Da Vinci, \u00c1ngeles y demonios y El s\u00edmbolo perdido, Dan Brown aun\u00f3 con maestr\u00eda historia, arte, c\u00f3digos y s\u00edmbolos. En su nuevo thriller, Inferno, Brown recupera su esencia con su novela m\u00e1s ambiciosa hasta la fecha. En el coraz\u00f3n de Italia, el catedr\u00e1tico de Simbolog\u00eda de Harvard Robert Langdon [&hellip;]<\/p>\n","protected":false},"featured_media":634,"template":"","meta":[],"product_brand":[],"product_cat":[25],"product_tag":[118,54,119,55],"class_list":{"0":"post-632","1":"product","2":"type-product","3":"status-publish","4":"has-post-thumbnail","6":"product_cat-libros-digitales-ebooks","7":"product_tag-dan-brown","8":"product_tag-descargar-ebook","9":"product_tag-inferno","10":"product_tag-novelas","12":"first","13":"instock","14":"shipping-taxable","15":"purchasable","16":"product-type-variable","17":"has-default-attributes"},"_links":{"self":[{"href":"https:\/\/www.taller-palabras.com\/WordPress_04\/wp-json\/wp\/v2\/product\/632","targetHints":{"allow":["GET"]}}],"collection":[{"href":"https:\/\/www.taller-palabras.com\/WordPress_04\/wp-json\/wp\/v2\/product"}],"about":[{"href":"https:\/\/www.taller-palabras.com\/WordPress_04\/wp-json\/wp\/v2\/types\/product"}],"wp:featuredmedia":[{"embeddable":true,"href":"https:\/\/www.taller-palabras.com\/WordPress_04\/wp-json\/wp\/v2\/media\/634"}],"wp:attachment":[{"href":"https:\/\/www.taller-palabras.com\/WordPress_04\/wp-json\/wp\/v2\/media?parent=632"}],"wp:term":[{"taxonomy":"product_brand","embeddable":true,"href":"https:\/\/www.taller-palabras.com\/WordPress_04\/wp-json\/wp\/v2\/product_brand?post=632"},{"taxonomy":"product_cat","embeddable":true,"href":"https:\/\/www.taller-palabras.com\/WordPress_04\/wp-json\/wp\/v2\/product_cat?post=632"},{"taxonomy":"product_tag","embeddable":true,"href":"https:\/\/www.taller-palabras.com\/WordPress_04\/wp-json\/wp\/v2\/product_tag?post=632"}],"curies":[{"name":"wp","href":"https:\/\/api.w.org\/{rel}","templated":true}]}}