{"id":6334,"date":"2022-10-11T11:32:10","date_gmt":"2022-10-11T14:32:10","guid":{"rendered":"https:\/\/www.taller-palabras.com\/WordPress_04\/?post_type=product&#038;p=6334"},"modified":"2024-08-31T17:04:24","modified_gmt":"2024-08-31T20:04:24","slug":"pura-pasion-annie-ernaux-ebook","status":"publish","type":"product","link":"https:\/\/www.taller-palabras.com\/WordPress_04\/producto\/pura-pasion-annie-ernaux-ebook","title":{"rendered":"Pura pasi\u00f3n &#8211; Annie Ernaux \/ebook"},"content":{"rendered":"<figure id=\"attachment_6319\" aria-describedby=\"caption-attachment-6319\" style=\"width: 150px\" class=\"wp-caption alignleft\"><img loading=\"lazy\" decoding=\"async\" class=\"wp-image-6319 size-thumbnail\" src=\"https:\/\/www.taller-palabras.com\/WordPress_04\/wp-content\/uploads\/2022\/10\/Annie-Ernaux-150x150.jpg\" alt=\"\" width=\"150\" height=\"150\" srcset=\"https:\/\/www.taller-palabras.com\/WordPress_04\/wp-content\/uploads\/2022\/10\/Annie-Ernaux-150x150.jpg 150w, https:\/\/www.taller-palabras.com\/WordPress_04\/wp-content\/uploads\/2022\/10\/Annie-Ernaux-100x100.jpg 100w\" sizes=\"auto, (max-width: 150px) 100vw, 150px\" \/><figcaption id=\"caption-attachment-6319\" class=\"wp-caption-text\">Autora Annie Ernaux<\/figcaption><\/figure>\n<p>\u00abA partir del mes de septiembre del a\u00f1o pasado, no hice otra cosa que esperar a un hombre: que me llamara y que viniera a verme\u00bb; as\u00ed empieza la historia sobre la pasi\u00f3n de una mujer culta, inteligente, econ\u00f3micamente independiente, divorciada y con hijos ya mayores, que pierde la cabeza por un diplom\u00e1tico de un pa\u00eds del Este \u00abque cultiva su parecido con Alain Delon\u00bb y siente especial debilidad por la buena ropa y los coches aparatosos. Si el tema que da lugar a esta novela es aparentemente trivial, no lo es en absoluto la vida que lo alienta. Muy pocas veces antes se hab\u00eda hablado con tan descarnado descaro, por ejemplo, del sexo masculino o del deseo que idiotiza, que trastoca. La escritura as\u00e9ptica y desnuda de Annie Ernaux consigue introducirnos, con la precisi\u00f3n de un entom\u00f3logo que observa un insecto, en el febril, extasiado y devastador desvar\u00edo que cualquier mujer \u2014\u00bfy cualquier hombre?\u2014, en cualquier lugar del mundo, ha experimentado sin duda al menos una vez en su vida.<\/p>\n","protected":false},"excerpt":{"rendered":"<p>\u00abA partir del mes de septiembre del a\u00f1o pasado, no hice otra cosa que esperar a un hombre: que me llamara y que viniera a verme\u00bb; as\u00ed empieza la historia sobre la pasi\u00f3n de una mujer culta, inteligente, econ\u00f3micamente independiente, divorciada y con hijos ya mayores, que pierde la cabeza por un diplom\u00e1tico de un [&hellip;]<\/p>\n","protected":false},"featured_media":6322,"template":"","meta":[],"product_brand":[],"product_cat":[25],"product_tag":[913,54,45,915],"class_list":{"0":"post-6334","1":"product","2":"type-product","3":"status-publish","4":"has-post-thumbnail","6":"product_cat-libros-digitales-ebooks","7":"product_tag-annie-ernaux","8":"product_tag-descargar-ebook","9":"product_tag-mejor-novela","10":"product_tag-pura-pasion","12":"first","13":"instock","14":"shipping-taxable","15":"purchasable","16":"product-type-variable","17":"has-default-attributes"},"_links":{"self":[{"href":"https:\/\/www.taller-palabras.com\/WordPress_04\/wp-json\/wp\/v2\/product\/6334","targetHints":{"allow":["GET"]}}],"collection":[{"href":"https:\/\/www.taller-palabras.com\/WordPress_04\/wp-json\/wp\/v2\/product"}],"about":[{"href":"https:\/\/www.taller-palabras.com\/WordPress_04\/wp-json\/wp\/v2\/types\/product"}],"wp:featuredmedia":[{"embeddable":true,"href":"https:\/\/www.taller-palabras.com\/WordPress_04\/wp-json\/wp\/v2\/media\/6322"}],"wp:attachment":[{"href":"https:\/\/www.taller-palabras.com\/WordPress_04\/wp-json\/wp\/v2\/media?parent=6334"}],"wp:term":[{"taxonomy":"product_brand","embeddable":true,"href":"https:\/\/www.taller-palabras.com\/WordPress_04\/wp-json\/wp\/v2\/product_brand?post=6334"},{"taxonomy":"product_cat","embeddable":true,"href":"https:\/\/www.taller-palabras.com\/WordPress_04\/wp-json\/wp\/v2\/product_cat?post=6334"},{"taxonomy":"product_tag","embeddable":true,"href":"https:\/\/www.taller-palabras.com\/WordPress_04\/wp-json\/wp\/v2\/product_tag?post=6334"}],"curies":[{"name":"wp","href":"https:\/\/api.w.org\/{rel}","templated":true}]}}