{"id":6359,"date":"2022-10-19T09:42:10","date_gmt":"2022-10-19T12:42:10","guid":{"rendered":"https:\/\/www.taller-palabras.com\/WordPress_04\/?post_type=product&#038;p=6359"},"modified":"2024-09-03T16:27:21","modified_gmt":"2024-09-03T19:27:21","slug":"como-fuego-en-el-hielo-luz-gabas-ebook","status":"publish","type":"product","link":"https:\/\/www.taller-palabras.com\/WordPress_04\/producto\/como-fuego-en-el-hielo-luz-gabas-ebook","title":{"rendered":"Como fuego en el hielo &#8211; Luz Gab\u00e1s \/ebook"},"content":{"rendered":"<figure id=\"attachment_6346\" aria-describedby=\"caption-attachment-6346\" style=\"width: 150px\" class=\"wp-caption alignleft\"><img loading=\"lazy\" decoding=\"async\" class=\"wp-image-6346 size-thumbnail\" src=\"https:\/\/www.taller-palabras.com\/WordPress_04\/wp-content\/uploads\/2022\/10\/Luz-Gabas-150x150.jpg\" alt=\"\" width=\"150\" height=\"150\" srcset=\"https:\/\/www.taller-palabras.com\/WordPress_04\/wp-content\/uploads\/2022\/10\/Luz-Gabas-150x150.jpg 150w, https:\/\/www.taller-palabras.com\/WordPress_04\/wp-content\/uploads\/2022\/10\/Luz-Gabas-100x100.jpg 100w\" sizes=\"auto, (max-width: 150px) 100vw, 150px\" \/><figcaption id=\"caption-attachment-6346\" class=\"wp-caption-text\">Autora Luz Gab\u00e1s<\/figcaption><\/figure>\n<p>El fat\u00eddico d\u00eda en el que Attua tuvo que ocupar el lugar de su padre supo que su prometedor futuro se hab\u00eda truncado. Ahora deb\u00eda regentar las termas que hab\u00edan sido el sustento de su familia, en una tierra fronteriza a la que \u00e9l nunca hubiera elegido regresar. Junto al suyo, tambi\u00e9n se frustr\u00f3 el deseo de Cristela, quien anhelaba una vida a su lado y, adem\u00e1s, alejarse de su insoportable rutina en un entorno hostil. Un nuevo rev\u00e9s del destino pondr\u00e1 a prueba el irrefrenable amor entre ellos; y as\u00ed, entre malentendidos y obligaciones, decisiones y obsesiones, traiciones y lealtades, Luz Gab\u00e1s teje una bella historia de amor, honor y superaci\u00f3n. Los convulsos a\u00f1os de mediados del siglo XIX, entre guerras carlistas y revoluciones; la construcci\u00f3n de un sue\u00f1o en las indomables monta\u00f1as que separan Francia y Espa\u00f1a; y una historia de amor que traspasa todas las barreras. Una novela escrita con el apasionante pulso narrativo de la autora de \u00abPalmeras en la nieve\u00bb.<\/p>\n","protected":false},"excerpt":{"rendered":"<p>El fat\u00eddico d\u00eda en el que Attua tuvo que ocupar el lugar de su padre supo que su prometedor futuro se hab\u00eda truncado. Ahora deb\u00eda regentar las termas que hab\u00edan sido el sustento de su familia, en una tierra fronteriza a la que \u00e9l nunca hubiera elegido regresar. Junto al suyo, tambi\u00e9n se frustr\u00f3 el [&hellip;]<\/p>\n","protected":false},"featured_media":6344,"template":"","meta":[],"product_brand":[],"product_cat":[25],"product_tag":[920,54,918,45],"class_list":{"0":"post-6359","1":"product","2":"type-product","3":"status-publish","4":"has-post-thumbnail","6":"product_cat-libros-digitales-ebooks","7":"product_tag-como-fuego-en-el-hielo","8":"product_tag-descargar-ebook","9":"product_tag-luz-gabas","10":"product_tag-mejor-novela","12":"first","13":"instock","14":"shipping-taxable","15":"purchasable","16":"product-type-variable","17":"has-default-attributes"},"_links":{"self":[{"href":"https:\/\/www.taller-palabras.com\/WordPress_04\/wp-json\/wp\/v2\/product\/6359","targetHints":{"allow":["GET"]}}],"collection":[{"href":"https:\/\/www.taller-palabras.com\/WordPress_04\/wp-json\/wp\/v2\/product"}],"about":[{"href":"https:\/\/www.taller-palabras.com\/WordPress_04\/wp-json\/wp\/v2\/types\/product"}],"wp:featuredmedia":[{"embeddable":true,"href":"https:\/\/www.taller-palabras.com\/WordPress_04\/wp-json\/wp\/v2\/media\/6344"}],"wp:attachment":[{"href":"https:\/\/www.taller-palabras.com\/WordPress_04\/wp-json\/wp\/v2\/media?parent=6359"}],"wp:term":[{"taxonomy":"product_brand","embeddable":true,"href":"https:\/\/www.taller-palabras.com\/WordPress_04\/wp-json\/wp\/v2\/product_brand?post=6359"},{"taxonomy":"product_cat","embeddable":true,"href":"https:\/\/www.taller-palabras.com\/WordPress_04\/wp-json\/wp\/v2\/product_cat?post=6359"},{"taxonomy":"product_tag","embeddable":true,"href":"https:\/\/www.taller-palabras.com\/WordPress_04\/wp-json\/wp\/v2\/product_tag?post=6359"}],"curies":[{"name":"wp","href":"https:\/\/api.w.org\/{rel}","templated":true}]}}