{"id":6363,"date":"2022-10-19T09:45:33","date_gmt":"2022-10-19T12:45:33","guid":{"rendered":"https:\/\/www.taller-palabras.com\/WordPress_04\/?post_type=product&#038;p=6363"},"modified":"2024-09-03T16:51:53","modified_gmt":"2024-09-03T19:51:53","slug":"regreso-a-tu-piel-luz-gabas-ebook","status":"publish","type":"product","link":"https:\/\/www.taller-palabras.com\/WordPress_04\/producto\/regreso-a-tu-piel-luz-gabas-ebook","title":{"rendered":"Regreso a tu piel &#8211; Luz Gab\u00e1s \/ebook"},"content":{"rendered":"<figure id=\"attachment_6346\" aria-describedby=\"caption-attachment-6346\" style=\"width: 150px\" class=\"wp-caption alignleft\"><img loading=\"lazy\" decoding=\"async\" class=\"wp-image-6346 size-thumbnail\" src=\"https:\/\/www.taller-palabras.com\/WordPress_04\/wp-content\/uploads\/2022\/10\/Luz-Gabas-150x150.jpg\" alt=\"\" width=\"150\" height=\"150\" srcset=\"https:\/\/www.taller-palabras.com\/WordPress_04\/wp-content\/uploads\/2022\/10\/Luz-Gabas-150x150.jpg 150w, https:\/\/www.taller-palabras.com\/WordPress_04\/wp-content\/uploads\/2022\/10\/Luz-Gabas-100x100.jpg 100w\" sizes=\"auto, (max-width: 150px) 100vw, 150px\" \/><figcaption id=\"caption-attachment-6346\" class=\"wp-caption-text\">Autora Luz Gab\u00e1s<\/figcaption><\/figure>\n<p>Brianda de Lubich, \u00fanica heredera del se\u00f1or m\u00e1s importante del condado de Orrun, ve como el mundo a su alrededor se desmorona tras la muerte de su progenitor. En una tierra convulsionada por las guerras, en la que ella y otras veintitr\u00e9s mujeres ser\u00e1n acusadas de brujer\u00eda, solo podr\u00e1 aferrarse a un hombre: aquel a quien jur\u00f3 amar m\u00e1s all\u00e1 de la muerte. El desenlace de esta historia de amor inquebrantable llegar\u00e1 siglos despu\u00e9s, cuando una joven ingeniera comience a recuperar fragmentos de un mundo pret\u00e9rito y a sentir un amor irracional hacia un extranjero llegado a un rec\u00f3ndito lugar de las monta\u00f1as para reconstruir la mansi\u00f3n familiar heredada de sus ancestros. Los impenetrables paisajes que separan la Francia y la Espa\u00f1a del siglo XVI albergan una historia \u00fanica de lucha, amor y justicia.<\/p>\n","protected":false},"excerpt":{"rendered":"<p>Brianda de Lubich, \u00fanica heredera del se\u00f1or m\u00e1s importante del condado de Orrun, ve como el mundo a su alrededor se desmorona tras la muerte de su progenitor. En una tierra convulsionada por las guerras, en la que ella y otras veintitr\u00e9s mujeres ser\u00e1n acusadas de brujer\u00eda, solo podr\u00e1 aferrarse a un hombre: aquel a [&hellip;]<\/p>\n","protected":false},"featured_media":6348,"template":"","meta":[],"product_brand":[],"product_cat":[25],"product_tag":[54,918,45,921],"class_list":{"0":"post-6363","1":"product","2":"type-product","3":"status-publish","4":"has-post-thumbnail","6":"product_cat-libros-digitales-ebooks","7":"product_tag-descargar-ebook","8":"product_tag-luz-gabas","9":"product_tag-mejor-novela","10":"product_tag-regreso-a-tu-piel","12":"first","13":"instock","14":"shipping-taxable","15":"purchasable","16":"product-type-variable","17":"has-default-attributes"},"_links":{"self":[{"href":"https:\/\/www.taller-palabras.com\/WordPress_04\/wp-json\/wp\/v2\/product\/6363","targetHints":{"allow":["GET"]}}],"collection":[{"href":"https:\/\/www.taller-palabras.com\/WordPress_04\/wp-json\/wp\/v2\/product"}],"about":[{"href":"https:\/\/www.taller-palabras.com\/WordPress_04\/wp-json\/wp\/v2\/types\/product"}],"wp:featuredmedia":[{"embeddable":true,"href":"https:\/\/www.taller-palabras.com\/WordPress_04\/wp-json\/wp\/v2\/media\/6348"}],"wp:attachment":[{"href":"https:\/\/www.taller-palabras.com\/WordPress_04\/wp-json\/wp\/v2\/media?parent=6363"}],"wp:term":[{"taxonomy":"product_brand","embeddable":true,"href":"https:\/\/www.taller-palabras.com\/WordPress_04\/wp-json\/wp\/v2\/product_brand?post=6363"},{"taxonomy":"product_cat","embeddable":true,"href":"https:\/\/www.taller-palabras.com\/WordPress_04\/wp-json\/wp\/v2\/product_cat?post=6363"},{"taxonomy":"product_tag","embeddable":true,"href":"https:\/\/www.taller-palabras.com\/WordPress_04\/wp-json\/wp\/v2\/product_tag?post=6363"}],"curies":[{"name":"wp","href":"https:\/\/api.w.org\/{rel}","templated":true}]}}