{"id":6366,"date":"2022-10-19T09:49:35","date_gmt":"2022-10-19T12:49:35","guid":{"rendered":"https:\/\/www.taller-palabras.com\/WordPress_04\/?post_type=product&#038;p=6366"},"modified":"2024-09-03T17:12:22","modified_gmt":"2024-09-03T20:12:22","slug":"palmeras-en-la-nieve-luz-gabas-ebook","status":"publish","type":"product","link":"https:\/\/www.taller-palabras.com\/WordPress_04\/producto\/palmeras-en-la-nieve-luz-gabas-ebook","title":{"rendered":"Palmeras en la nieve &#8211; Luz Gab\u00e1s \/ebook"},"content":{"rendered":"<figure id=\"attachment_6346\" aria-describedby=\"caption-attachment-6346\" style=\"width: 150px\" class=\"wp-caption alignleft\"><img loading=\"lazy\" decoding=\"async\" class=\"wp-image-6346 size-thumbnail\" src=\"https:\/\/www.taller-palabras.com\/WordPress_04\/wp-content\/uploads\/2022\/10\/Luz-Gabas-150x150.jpg\" alt=\"\" width=\"150\" height=\"150\" srcset=\"https:\/\/www.taller-palabras.com\/WordPress_04\/wp-content\/uploads\/2022\/10\/Luz-Gabas-150x150.jpg 150w, https:\/\/www.taller-palabras.com\/WordPress_04\/wp-content\/uploads\/2022\/10\/Luz-Gabas-100x100.jpg 100w\" sizes=\"auto, (max-width: 150px) 100vw, 150px\" \/><figcaption id=\"caption-attachment-6346\" class=\"wp-caption-text\">Autora Luz Gab\u00e1s<\/figcaption><\/figure>\n<p>Es 1953 y Kilian abandona la nieve de la monta\u00f1a oscense para iniciar, junto a su hermano Jacobo, el viaje hacia una tierra desconocida, lejana y ex\u00f3tica, la isla de Fernando Poo. En las entra\u00f1as de esa isla exuberante y seductora, le espera su padre, un veterano de la finca Sampaka, el lugar donde se cultiva y tuesta uno de los mejores cacaos del mundo.<br \/>\nEn esa tierra eternamente verde, c\u00e1lida y voluptuosa, los j\u00f3venes hermanos descubren la ligereza de la vida social de la colonia en comparaci\u00f3n con una Espa\u00f1a encorsetada y gris; comparten el duro trabajo necesario para conseguir el cacao perfecto de la finca Sampaka; aprenden las diferencias y similitudes culturales entre coloniales y nativos; y conocen el significado de la amistad, la pasi\u00f3n, el amor y el odio. Pero uno de ellos cruzar\u00e1 una l\u00ednea prohibida e invisible y se enamorar\u00e1 perdidamente de una mujer.<br \/>\nSu amor por ella, enmarcado en unas complejas circunstancias hist\u00f3ricas, y el especial v\u00ednculo que se crea entre el colono y los nativos de la isla, transformar\u00e1 la relaci\u00f3n de los hermanos, cambiar\u00e1 el curso de sus vidas y ser\u00e1 el origen de un secreto cuyas consecuencias alcanzar\u00e1n al presente.<br \/>\nEn el a\u00f1o 2003, Clarence, hija y sobrina de ese par de hermanos, llevada por la curiosidad de quien desea conocer sus or\u00edgenes, se zambulle en el ruinoso pasado que habitaron Kilian y Jacobo y descubre los hilos polvorientos de ese secreto que finalmente ser\u00e1 desentra\u00f1ado.<br \/>\nUna excelente novela que recupera nuestras ra\u00edces coloniales y una extraordinaria y conmovedora historia de amor prohibido con resonancias a Memorias de \u00c1frica.<\/p>\n","protected":false},"excerpt":{"rendered":"<p>Es 1953 y Kilian abandona la nieve de la monta\u00f1a oscense para iniciar, junto a su hermano Jacobo, el viaje hacia una tierra desconocida, lejana y ex\u00f3tica, la isla de Fernando Poo. En las entra\u00f1as de esa isla exuberante y seductora, le espera su padre, un veterano de la finca Sampaka, el lugar donde se [&hellip;]<\/p>\n","protected":false},"featured_media":6347,"template":"","meta":[],"product_brand":[],"product_cat":[25],"product_tag":[54,918,45,922],"class_list":{"0":"post-6366","1":"product","2":"type-product","3":"status-publish","4":"has-post-thumbnail","6":"product_cat-libros-digitales-ebooks","7":"product_tag-descargar-ebook","8":"product_tag-luz-gabas","9":"product_tag-mejor-novela","10":"product_tag-palmeras-en-la-nieve","12":"first","13":"instock","14":"shipping-taxable","15":"purchasable","16":"product-type-variable","17":"has-default-attributes"},"_links":{"self":[{"href":"https:\/\/www.taller-palabras.com\/WordPress_04\/wp-json\/wp\/v2\/product\/6366","targetHints":{"allow":["GET"]}}],"collection":[{"href":"https:\/\/www.taller-palabras.com\/WordPress_04\/wp-json\/wp\/v2\/product"}],"about":[{"href":"https:\/\/www.taller-palabras.com\/WordPress_04\/wp-json\/wp\/v2\/types\/product"}],"wp:featuredmedia":[{"embeddable":true,"href":"https:\/\/www.taller-palabras.com\/WordPress_04\/wp-json\/wp\/v2\/media\/6347"}],"wp:attachment":[{"href":"https:\/\/www.taller-palabras.com\/WordPress_04\/wp-json\/wp\/v2\/media?parent=6366"}],"wp:term":[{"taxonomy":"product_brand","embeddable":true,"href":"https:\/\/www.taller-palabras.com\/WordPress_04\/wp-json\/wp\/v2\/product_brand?post=6366"},{"taxonomy":"product_cat","embeddable":true,"href":"https:\/\/www.taller-palabras.com\/WordPress_04\/wp-json\/wp\/v2\/product_cat?post=6366"},{"taxonomy":"product_tag","embeddable":true,"href":"https:\/\/www.taller-palabras.com\/WordPress_04\/wp-json\/wp\/v2\/product_tag?post=6366"}],"curies":[{"name":"wp","href":"https:\/\/api.w.org\/{rel}","templated":true}]}}