{"id":6383,"date":"2022-10-26T13:39:03","date_gmt":"2022-10-26T16:39:03","guid":{"rendered":"https:\/\/www.taller-palabras.com\/WordPress_04\/?post_type=product&#038;p=6383"},"modified":"2024-09-15T16:57:33","modified_gmt":"2024-09-15T19:57:33","slug":"buenos-dias-tristeza-francoise-sagan-ebook","status":"publish","type":"product","link":"https:\/\/www.taller-palabras.com\/WordPress_04\/producto\/buenos-dias-tristeza-francoise-sagan-ebook","title":{"rendered":"Buenos d\u00edas, tristeza &#8211; Fran\u00e7oise Sagan\/ebook"},"content":{"rendered":"<figure id=\"attachment_6376\" aria-describedby=\"caption-attachment-6376\" style=\"width: 150px\" class=\"wp-caption alignleft\"><img loading=\"lazy\" decoding=\"async\" class=\"wp-image-6376 size-thumbnail\" src=\"https:\/\/www.taller-palabras.com\/WordPress_04\/wp-content\/uploads\/2022\/10\/francoise-sagan-150x150.jpg\" alt=\"\" width=\"150\" height=\"150\" srcset=\"https:\/\/www.taller-palabras.com\/WordPress_04\/wp-content\/uploads\/2022\/10\/francoise-sagan-150x150.jpg 150w, https:\/\/www.taller-palabras.com\/WordPress_04\/wp-content\/uploads\/2022\/10\/francoise-sagan-100x100.jpg 100w\" sizes=\"auto, (max-width: 150px) 100vw, 150px\" \/><figcaption id=\"caption-attachment-6376\" class=\"wp-caption-text\">Autora Fran\u00e7oise Sagan<\/figcaption><\/figure>\n<p>En una hermosa mansi\u00f3n a orillas del Mediterr\u00e1neo, C\u00e9cile, una joven de diecisiete a\u00f1os, y su padre, viudo y cuarent\u00f3n, pero alegre, fr\u00edvolo y seductor como nadie, amante de las relaciones amorosas breves y sin consecuencias, viven felices, despreocupados, entregados a la vida f\u00e1cil y placentera. No necesitan a nadie m\u00e1s, se bastan a si mismos en una ociosa y disipada independencia basada en la complicidad y el respeto mutuo. Un d\u00eda, la visita de Anne, una mujer inteligente, culta y serena, viene a perturbar aquel delicioso desorden. A la sombra del pinar que rodea la casa y filtra el sol abrasador del verano, un juego cruel se prepara. \u00bfC\u00f3mo alejar la amenaza que se cierne sobre la extra\u00f1a pero arm\u00f3nica relaci\u00f3n de C\u00e9cile con su padre? A partir del momento en que Anne, que hab\u00eda sido amiga de su madre, intenta adue\u00f1arse de la situaci\u00f3n, C\u00e9cile librar\u00e1 con ella, con el perverso maquiavelismo de una adolescente, una lucha implacable que, a pesar suyo, erosionar\u00e1 su vida y la conducir\u00e1 lentamente al encuentro de la tristeza.<\/p>\n","protected":false},"excerpt":{"rendered":"<p>En una hermosa mansi\u00f3n a orillas del Mediterr\u00e1neo, C\u00e9cile, una joven de diecisiete a\u00f1os, y su padre, viudo y cuarent\u00f3n, pero alegre, fr\u00edvolo y seductor como nadie, amante de las relaciones amorosas breves y sin consecuencias, viven felices, despreocupados, entregados a la vida f\u00e1cil y placentera. No necesitan a nadie m\u00e1s, se bastan a si [&hellip;]<\/p>\n","protected":false},"featured_media":6375,"template":"","meta":[],"product_brand":[],"product_cat":[25],"product_tag":[926,54,925,45,927],"class_list":{"0":"post-6383","1":"product","2":"type-product","3":"status-publish","4":"has-post-thumbnail","6":"product_cat-libros-digitales-ebooks","7":"product_tag-buenos-dias","8":"product_tag-descargar-ebook","9":"product_tag-francoise-sagan","10":"product_tag-mejor-novela","11":"product_tag-tristeza","13":"first","14":"instock","15":"shipping-taxable","16":"purchasable","17":"product-type-variable","18":"has-default-attributes"},"_links":{"self":[{"href":"https:\/\/www.taller-palabras.com\/WordPress_04\/wp-json\/wp\/v2\/product\/6383","targetHints":{"allow":["GET"]}}],"collection":[{"href":"https:\/\/www.taller-palabras.com\/WordPress_04\/wp-json\/wp\/v2\/product"}],"about":[{"href":"https:\/\/www.taller-palabras.com\/WordPress_04\/wp-json\/wp\/v2\/types\/product"}],"wp:featuredmedia":[{"embeddable":true,"href":"https:\/\/www.taller-palabras.com\/WordPress_04\/wp-json\/wp\/v2\/media\/6375"}],"wp:attachment":[{"href":"https:\/\/www.taller-palabras.com\/WordPress_04\/wp-json\/wp\/v2\/media?parent=6383"}],"wp:term":[{"taxonomy":"product_brand","embeddable":true,"href":"https:\/\/www.taller-palabras.com\/WordPress_04\/wp-json\/wp\/v2\/product_brand?post=6383"},{"taxonomy":"product_cat","embeddable":true,"href":"https:\/\/www.taller-palabras.com\/WordPress_04\/wp-json\/wp\/v2\/product_cat?post=6383"},{"taxonomy":"product_tag","embeddable":true,"href":"https:\/\/www.taller-palabras.com\/WordPress_04\/wp-json\/wp\/v2\/product_tag?post=6383"}],"curies":[{"name":"wp","href":"https:\/\/api.w.org\/{rel}","templated":true}]}}