{"id":6412,"date":"2021-03-26T11:58:51","date_gmt":"2021-03-26T14:58:51","guid":{"rendered":"https:\/\/www.taller-palabras.com\/WordPress_04\/?post_type=product&#038;p=6412"},"modified":"2023-11-18T14:06:48","modified_gmt":"2023-11-18T17:06:48","slug":"sunset-park-paul-auster-ebook","status":"publish","type":"product","link":"https:\/\/www.taller-palabras.com\/WordPress_04\/producto\/sunset-park-paul-auster-ebook","title":{"rendered":"Sunset Park &#8211; Paul Auster \/ebook"},"content":{"rendered":"<figure id=\"attachment_2239\" aria-describedby=\"caption-attachment-2239\" style=\"width: 150px\" class=\"wp-caption alignleft\"><img loading=\"lazy\" decoding=\"async\" class=\"wp-image-2239 size-thumbnail\" src=\"https:\/\/www.taller-palabras.com\/WordPress_04\/wp-content\/uploads\/2020\/07\/PaulAuster-150x150.jpg\" alt=\"\" width=\"150\" height=\"150\" srcset=\"https:\/\/www.taller-palabras.com\/WordPress_04\/wp-content\/uploads\/2020\/07\/PaulAuster-150x150.jpg 150w, https:\/\/www.taller-palabras.com\/WordPress_04\/wp-content\/uploads\/2020\/07\/PaulAuster-324x324.jpg 324w, https:\/\/www.taller-palabras.com\/WordPress_04\/wp-content\/uploads\/2020\/07\/PaulAuster-100x100.jpg 100w\" sizes=\"auto, (max-width: 150px) 100vw, 150px\" \/><figcaption id=\"caption-attachment-2239\" class=\"wp-caption-text\">Autor Paul Auster<\/figcaption><\/figure>\n<p>Miles Heller tiene veintiocho a\u00f1os, y a los veinte abandon\u00f3 la universidad, se despidi\u00f3 de sus padres, dej\u00f3 Nueva York, y nadie ha vuelto a saber nada de \u00e9l. Ahora vive en Florida, y trabaja para una empresa que se encarga de vaciar las viviendas de los desahuciados. Adem\u00e1s de acarrear bultos y repintar paredes, Miles saca fotos de todas las cosas abandonadas para probar que los fantasmas de esa gente a\u00fan est\u00e1n presentes. Miles vive con lo m\u00ednimo, y habr\u00eda seguido as\u00ed de no haber sido por Pilar S\u00e1nchez. El \u00fanico inconveniente es la edad de Pilar: diecis\u00e9is a\u00f1os. Y como Miles puede ir a la c\u00e1rcel por la relaci\u00f3n con una menor, y la codiciosa hermana de Pilar comienza a \u00adchantajearlos, regresa a Nueva York y espera all\u00ed la mayor\u00eda de edad de Pilar. Su vuelta es el retorno al pasado y a sus secretos; a su padre, un brillante editor; a su madre, una actriz implacablemente seductora. Y tambi\u00e9n la vuelta a la comunidad de Sunset Park y a sus compa\u00f1eros okupas; a la vida, con todos sus horrores y esplendores. \u00abSunset Park tambi\u00e9n es, como Invisible, un libro sobre la inocencia de la juventud&#8230; Se habla de Auster como del maestro de la metanarrativa, pero \u00e9l prefiere citar como fuente de inspiraci\u00f3n a Emily Bront\u00eb antes que a Baudrillard\u00bb (Arifa Akbar, The Independent); \u00abVolver\u00e1 a seducir a sus fans de siempre, pero tambi\u00e9n atraer\u00e1 a una multitud de nuevos lectores\u00bb (Kirkus Review); \u00abEn tiempos de crisis y de cambios abrumadores, Auster nos recuerda las cosas duraderas: el amor, el arte y la \u201cextra\u00f1a sensaci\u00f3n de estar vivo\u201d\u00bb (Donna Seaman, Booklist).<\/p>\n","protected":false},"excerpt":{"rendered":"<p>Miles Heller tiene veintiocho a\u00f1os, y a los veinte abandon\u00f3 la universidad, se despidi\u00f3 de sus padres, dej\u00f3 Nueva York, y nadie ha vuelto a saber nada de \u00e9l. Ahora vive en Florida, y trabaja para una empresa que se encarga de vaciar las viviendas de los desahuciados. Adem\u00e1s de acarrear bultos y repintar paredes, [&hellip;]<\/p>\n","protected":false},"featured_media":6396,"template":"","meta":[],"product_brand":[],"product_cat":[25],"product_tag":[54,45,233,928],"class_list":{"0":"post-6412","1":"product","2":"type-product","3":"status-publish","4":"has-post-thumbnail","6":"product_cat-libros-digitales-ebooks","7":"product_tag-descargar-ebook","8":"product_tag-mejor-novela","9":"product_tag-paul-auster","10":"product_tag-sunset-park","12":"first","13":"instock","14":"shipping-taxable","15":"purchasable","16":"product-type-variable","17":"has-default-attributes"},"_links":{"self":[{"href":"https:\/\/www.taller-palabras.com\/WordPress_04\/wp-json\/wp\/v2\/product\/6412","targetHints":{"allow":["GET"]}}],"collection":[{"href":"https:\/\/www.taller-palabras.com\/WordPress_04\/wp-json\/wp\/v2\/product"}],"about":[{"href":"https:\/\/www.taller-palabras.com\/WordPress_04\/wp-json\/wp\/v2\/types\/product"}],"wp:featuredmedia":[{"embeddable":true,"href":"https:\/\/www.taller-palabras.com\/WordPress_04\/wp-json\/wp\/v2\/media\/6396"}],"wp:attachment":[{"href":"https:\/\/www.taller-palabras.com\/WordPress_04\/wp-json\/wp\/v2\/media?parent=6412"}],"wp:term":[{"taxonomy":"product_brand","embeddable":true,"href":"https:\/\/www.taller-palabras.com\/WordPress_04\/wp-json\/wp\/v2\/product_brand?post=6412"},{"taxonomy":"product_cat","embeddable":true,"href":"https:\/\/www.taller-palabras.com\/WordPress_04\/wp-json\/wp\/v2\/product_cat?post=6412"},{"taxonomy":"product_tag","embeddable":true,"href":"https:\/\/www.taller-palabras.com\/WordPress_04\/wp-json\/wp\/v2\/product_tag?post=6412"}],"curies":[{"name":"wp","href":"https:\/\/api.w.org\/{rel}","templated":true}]}}