{"id":6426,"date":"2022-10-30T14:05:41","date_gmt":"2022-10-30T17:05:41","guid":{"rendered":"https:\/\/www.taller-palabras.com\/WordPress_04\/?post_type=product&#038;p=6426"},"modified":"2024-09-17T13:00:37","modified_gmt":"2024-09-17T16:00:37","slug":"estupor-y-temblores-amelie-nothomb-ebook","status":"publish","type":"product","link":"https:\/\/www.taller-palabras.com\/WordPress_04\/producto\/estupor-y-temblores-amelie-nothomb-ebook","title":{"rendered":"Estupor y temblores &#8211; Amelie Nothomb\/ebook"},"content":{"rendered":"<figure id=\"attachment_6429\" aria-describedby=\"caption-attachment-6429\" style=\"width: 150px\" class=\"wp-caption alignleft\"><img loading=\"lazy\" decoding=\"async\" class=\"wp-image-6429 size-thumbnail\" src=\"https:\/\/www.taller-palabras.com\/WordPress_04\/wp-content\/uploads\/2022\/10\/Amelie-Nothomb-150x150.jpg\" alt=\"\" width=\"150\" height=\"150\" srcset=\"https:\/\/www.taller-palabras.com\/WordPress_04\/wp-content\/uploads\/2022\/10\/Amelie-Nothomb-150x150.jpg 150w, https:\/\/www.taller-palabras.com\/WordPress_04\/wp-content\/uploads\/2022\/10\/Amelie-Nothomb-100x100.jpg 100w, https:\/\/www.taller-palabras.com\/WordPress_04\/wp-content\/uploads\/2022\/10\/Amelie-Nothomb.jpg 283w\" sizes=\"auto, (max-width: 150px) 100vw, 150px\" \/><figcaption id=\"caption-attachment-6429\" class=\"wp-caption-text\">Autora Amelie Nothomb<\/figcaption><\/figure>\n<p>Esta novela de inspiraci\u00f3n autobiogr\u00e1fica, que ha obtenido un enorme \u00e9xito en Francia, cuenta la historia de una joven belga que empieza a trabajar en Tokio en una gran compa\u00f1\u00eda japonesa. Pero en el Jap\u00f3n actual, fuertemente jerarquizado, la joven tiene el lastre de un doble handicap: es occidental y mujer, lo cual la convertir\u00e1 en blanco de una cascada de humillaciones y de una progresiva degradaci\u00f3n laboral que la llevar\u00e1 a pasar de la contabilidad a servir caf\u00e9s, ocuparse de la fotocopiadora y finalmente encargarse de la limpieza de los lavabos masculinos.<\/p>\n","protected":false},"excerpt":{"rendered":"<p>Esta novela de inspiraci\u00f3n autobiogr\u00e1fica, que ha obtenido un enorme \u00e9xito en Francia, cuenta la historia de una joven belga que empieza a trabajar en Tokio en una gran compa\u00f1\u00eda japonesa. Pero en el Jap\u00f3n actual, fuertemente jerarquizado, la joven tiene el lastre de un doble handicap: es occidental y mujer, lo cual la convertir\u00e1 [&hellip;]<\/p>\n","protected":false},"featured_media":6392,"template":"","meta":[],"product_brand":[],"product_cat":[25],"product_tag":[929,926,54,930,45],"class_list":{"0":"post-6426","1":"product","2":"type-product","3":"status-publish","4":"has-post-thumbnail","6":"product_cat-libros-digitales-ebooks","7":"product_tag-amelie-nothomb","8":"product_tag-buenos-dias","9":"product_tag-descargar-ebook","10":"product_tag-estupor-y-temblores","11":"product_tag-mejor-novela","13":"first","14":"instock","15":"shipping-taxable","16":"purchasable","17":"product-type-variable","18":"has-default-attributes"},"_links":{"self":[{"href":"https:\/\/www.taller-palabras.com\/WordPress_04\/wp-json\/wp\/v2\/product\/6426","targetHints":{"allow":["GET"]}}],"collection":[{"href":"https:\/\/www.taller-palabras.com\/WordPress_04\/wp-json\/wp\/v2\/product"}],"about":[{"href":"https:\/\/www.taller-palabras.com\/WordPress_04\/wp-json\/wp\/v2\/types\/product"}],"wp:featuredmedia":[{"embeddable":true,"href":"https:\/\/www.taller-palabras.com\/WordPress_04\/wp-json\/wp\/v2\/media\/6392"}],"wp:attachment":[{"href":"https:\/\/www.taller-palabras.com\/WordPress_04\/wp-json\/wp\/v2\/media?parent=6426"}],"wp:term":[{"taxonomy":"product_brand","embeddable":true,"href":"https:\/\/www.taller-palabras.com\/WordPress_04\/wp-json\/wp\/v2\/product_brand?post=6426"},{"taxonomy":"product_cat","embeddable":true,"href":"https:\/\/www.taller-palabras.com\/WordPress_04\/wp-json\/wp\/v2\/product_cat?post=6426"},{"taxonomy":"product_tag","embeddable":true,"href":"https:\/\/www.taller-palabras.com\/WordPress_04\/wp-json\/wp\/v2\/product_tag?post=6426"}],"curies":[{"name":"wp","href":"https:\/\/api.w.org\/{rel}","templated":true}]}}