{"id":6437,"date":"2022-10-30T16:25:40","date_gmt":"2022-10-30T19:25:40","guid":{"rendered":"https:\/\/www.taller-palabras.com\/WordPress_04\/?post_type=product&#038;p=6437"},"modified":"2024-09-17T18:39:03","modified_gmt":"2024-09-17T21:39:03","slug":"que-seria-yo-sin-ti-guillaume-musso-ebook","status":"publish","type":"product","link":"https:\/\/www.taller-palabras.com\/WordPress_04\/producto\/que-seria-yo-sin-ti-guillaume-musso-ebook","title":{"rendered":"Qu\u00e9 ser\u00eda yo sin ti &#8211; Guillaume Musso \/ebook"},"content":{"rendered":"<figure id=\"attachment_6436\" aria-describedby=\"caption-attachment-6436\" style=\"width: 150px\" class=\"wp-caption alignleft\"><img loading=\"lazy\" decoding=\"async\" class=\"wp-image-6436 size-thumbnail\" src=\"https:\/\/www.taller-palabras.com\/WordPress_04\/wp-content\/uploads\/2022\/10\/Musso-150x150.jpg\" alt=\"\" width=\"150\" height=\"150\" srcset=\"https:\/\/www.taller-palabras.com\/WordPress_04\/wp-content\/uploads\/2022\/10\/Musso-150x150.jpg 150w, https:\/\/www.taller-palabras.com\/WordPress_04\/wp-content\/uploads\/2022\/10\/Musso-100x100.jpg 100w\" sizes=\"auto, (max-width: 150px) 100vw, 150px\" \/><figcaption id=\"caption-attachment-6436\" class=\"wp-caption-text\">Autor Guillaume Musso<\/figcaption><\/figure>\n<p>Gabrielle tiene dos hombres en su vida. Uno es su padre; el otro es su primer amor. Uno es un famoso polic\u00eda, el otro es un reconocido ladr\u00f3n. Ambos se conocen y ambos se odian. El destino los alej\u00f3 de ella durante mucho tiempo, pero un d\u00eda, a la misma hora, ellos reaparecen pero Gabrielle se negar\u00e1 a elegir&#8230; Le gustar\u00eda protegerlos, mantenerlos juntos y amarlos a los dos, pero hay conflictos cuya \u00fanica soluci\u00f3n es la muerte. Excepto si&#8230;<\/p>\n","protected":false},"excerpt":{"rendered":"<p>Gabrielle tiene dos hombres en su vida. Uno es su padre; el otro es su primer amor. Uno es un famoso polic\u00eda, el otro es un reconocido ladr\u00f3n. Ambos se conocen y ambos se odian. El destino los alej\u00f3 de ella durante mucho tiempo, pero un d\u00eda, a la misma hora, ellos reaparecen pero Gabrielle [&hellip;]<\/p>\n","protected":false},"featured_media":6397,"template":"","meta":[],"product_brand":[],"product_cat":[25],"product_tag":[54,932,45,934],"class_list":{"0":"post-6437","1":"product","2":"type-product","3":"status-publish","4":"has-post-thumbnail","6":"product_cat-libros-digitales-ebooks","7":"product_tag-descargar-ebook","8":"product_tag-guillaume-musso","9":"product_tag-mejor-novela","10":"product_tag-que-seria-yo-sin-ti","12":"first","13":"instock","14":"shipping-taxable","15":"purchasable","16":"product-type-variable","17":"has-default-attributes"},"_links":{"self":[{"href":"https:\/\/www.taller-palabras.com\/WordPress_04\/wp-json\/wp\/v2\/product\/6437","targetHints":{"allow":["GET"]}}],"collection":[{"href":"https:\/\/www.taller-palabras.com\/WordPress_04\/wp-json\/wp\/v2\/product"}],"about":[{"href":"https:\/\/www.taller-palabras.com\/WordPress_04\/wp-json\/wp\/v2\/types\/product"}],"wp:featuredmedia":[{"embeddable":true,"href":"https:\/\/www.taller-palabras.com\/WordPress_04\/wp-json\/wp\/v2\/media\/6397"}],"wp:attachment":[{"href":"https:\/\/www.taller-palabras.com\/WordPress_04\/wp-json\/wp\/v2\/media?parent=6437"}],"wp:term":[{"taxonomy":"product_brand","embeddable":true,"href":"https:\/\/www.taller-palabras.com\/WordPress_04\/wp-json\/wp\/v2\/product_brand?post=6437"},{"taxonomy":"product_cat","embeddable":true,"href":"https:\/\/www.taller-palabras.com\/WordPress_04\/wp-json\/wp\/v2\/product_cat?post=6437"},{"taxonomy":"product_tag","embeddable":true,"href":"https:\/\/www.taller-palabras.com\/WordPress_04\/wp-json\/wp\/v2\/product_tag?post=6437"}],"curies":[{"name":"wp","href":"https:\/\/api.w.org\/{rel}","templated":true}]}}