{"id":6461,"date":"2020-10-30T16:57:32","date_gmt":"2020-10-30T19:57:32","guid":{"rendered":"https:\/\/www.taller-palabras.com\/WordPress_04\/?post_type=product&#038;p=6461"},"modified":"2024-01-12T10:58:38","modified_gmt":"2024-01-12T13:58:38","slug":"las-batallas-en-el-desierto-jose-emilio-pacheco-ebook","status":"publish","type":"product","link":"https:\/\/www.taller-palabras.com\/WordPress_04\/producto\/las-batallas-en-el-desierto-jose-emilio-pacheco-ebook","title":{"rendered":"Las batallas en el desierto &#8211; Jos\u00e9 Emilio Pacheco \/ebook"},"content":{"rendered":"<figure id=\"attachment_6466\" aria-describedby=\"caption-attachment-6466\" style=\"width: 150px\" class=\"wp-caption alignleft\"><img loading=\"lazy\" decoding=\"async\" class=\"wp-image-6466 size-thumbnail\" src=\"https:\/\/www.taller-palabras.com\/WordPress_04\/wp-content\/uploads\/2020\/10\/Jose-Emilio-pacheco-150x150.jpg\" alt=\"\" width=\"150\" height=\"150\" srcset=\"https:\/\/www.taller-palabras.com\/WordPress_04\/wp-content\/uploads\/2020\/10\/Jose-Emilio-pacheco-150x150.jpg 150w, https:\/\/www.taller-palabras.com\/WordPress_04\/wp-content\/uploads\/2020\/10\/Jose-Emilio-pacheco-100x100.jpg 100w\" sizes=\"auto, (max-width: 150px) 100vw, 150px\" \/><figcaption id=\"caption-attachment-6466\" class=\"wp-caption-text\">Autor Jos\u00e9 Emilio Pacheco<\/figcaption><\/figure>\n<p>Una ciudad y un ni\u00f1o crecen, se transforman y se deforman juntos, arrastrados sin posibilidad de resistencia inmediata por la fuerza de un proceso hist\u00f3rico aparentemente ciego y sin sentido: vidas individuales y existencia colectiva dominadas por la frustraci\u00f3n y la impotencia que el escritor descubre en su propia ciudad de M\u00e9xico. A lo largo de un relato ejemplar, el autor lleva a cabo un implacable y l\u00facido ajuste de cuentas con la realidad que le toc\u00f3 vivir a toda una generaci\u00f3n. Y ya sea porque su obra aborda los grandes temas de la literatura (el amor, la muerte, el paso del tiempo) o porque incorpora problem\u00e1ticas de gran actualidad (la discriminaci\u00f3n, las consecuencias de la modernizaci\u00f3n para M\u00e9xico y Latinoam\u00e9rica, la ecolog\u00eda, la globalizaci\u00f3n), el autor logra lo que todos los escritores buscan pero pocos consiguen: ser le\u00eddo.<\/p>\n","protected":false},"excerpt":{"rendered":"<p>Una ciudad y un ni\u00f1o crecen, se transforman y se deforman juntos, arrastrados sin posibilidad de resistencia inmediata por la fuerza de un proceso hist\u00f3rico aparentemente ciego y sin sentido: vidas individuales y existencia colectiva dominadas por la frustraci\u00f3n y la impotencia que el escritor descubre en su propia ciudad de M\u00e9xico. A lo largo [&hellip;]<\/p>\n","protected":false},"featured_media":6388,"template":"","meta":[],"product_brand":[],"product_cat":[25],"product_tag":[54,943,944,45],"class_list":{"0":"post-6461","1":"product","2":"type-product","3":"status-publish","4":"has-post-thumbnail","6":"product_cat-libros-digitales-ebooks","7":"product_tag-descargar-ebook","8":"product_tag-jose-emilio-pacheco","9":"product_tag-las-batallas-en-el-desierto","10":"product_tag-mejor-novela","12":"first","13":"instock","14":"shipping-taxable","15":"purchasable","16":"product-type-variable","17":"has-default-attributes"},"_links":{"self":[{"href":"https:\/\/www.taller-palabras.com\/WordPress_04\/wp-json\/wp\/v2\/product\/6461","targetHints":{"allow":["GET"]}}],"collection":[{"href":"https:\/\/www.taller-palabras.com\/WordPress_04\/wp-json\/wp\/v2\/product"}],"about":[{"href":"https:\/\/www.taller-palabras.com\/WordPress_04\/wp-json\/wp\/v2\/types\/product"}],"wp:featuredmedia":[{"embeddable":true,"href":"https:\/\/www.taller-palabras.com\/WordPress_04\/wp-json\/wp\/v2\/media\/6388"}],"wp:attachment":[{"href":"https:\/\/www.taller-palabras.com\/WordPress_04\/wp-json\/wp\/v2\/media?parent=6461"}],"wp:term":[{"taxonomy":"product_brand","embeddable":true,"href":"https:\/\/www.taller-palabras.com\/WordPress_04\/wp-json\/wp\/v2\/product_brand?post=6461"},{"taxonomy":"product_cat","embeddable":true,"href":"https:\/\/www.taller-palabras.com\/WordPress_04\/wp-json\/wp\/v2\/product_cat?post=6461"},{"taxonomy":"product_tag","embeddable":true,"href":"https:\/\/www.taller-palabras.com\/WordPress_04\/wp-json\/wp\/v2\/product_tag?post=6461"}],"curies":[{"name":"wp","href":"https:\/\/api.w.org\/{rel}","templated":true}]}}