{"id":6469,"date":"2020-04-18T16:47:58","date_gmt":"2020-04-18T19:47:58","guid":{"rendered":"https:\/\/www.taller-palabras.com\/WordPress_04\/?post_type=product&#038;p=6469"},"modified":"2023-11-10T13:00:25","modified_gmt":"2023-11-10T16:00:25","slug":"juegos-de-la-edad-tardia-luis-landero-ebook","status":"publish","type":"product","link":"https:\/\/www.taller-palabras.com\/WordPress_04\/producto\/juegos-de-la-edad-tardia-luis-landero-ebook","title":{"rendered":"Juegos de la edad tard\u00eda &#8211; Luis Landero \/ebook"},"content":{"rendered":"<figure id=\"attachment_1852\" aria-describedby=\"caption-attachment-1852\" style=\"width: 150px\" class=\"wp-caption alignleft\"><img loading=\"lazy\" decoding=\"async\" class=\"wp-image-1852 size-thumbnail\" src=\"https:\/\/www.taller-palabras.com\/WordPress_04\/wp-content\/uploads\/2020\/04\/LuisLandero-150x150.jpg\" alt=\"\" width=\"150\" height=\"150\" srcset=\"https:\/\/www.taller-palabras.com\/WordPress_04\/wp-content\/uploads\/2020\/04\/LuisLandero-150x150.jpg 150w, https:\/\/www.taller-palabras.com\/WordPress_04\/wp-content\/uploads\/2020\/04\/LuisLandero-324x324.jpg 324w, https:\/\/www.taller-palabras.com\/WordPress_04\/wp-content\/uploads\/2020\/04\/LuisLandero-100x100.jpg 100w\" sizes=\"auto, (max-width: 150px) 100vw, 150px\" \/><figcaption id=\"caption-attachment-1852\" class=\"wp-caption-text\">Autor Luis Landero<\/figcaption><\/figure>\n<p>Los anhelos de una vida amorosa e intelectual inquieta que Gregorio aliment\u00f3 en su juventud se hab\u00edan esfumado cuando, convertido ya en un oficinista gris, conoce un d\u00eda por tel\u00e9fono a Gil , hombre modesto, maduro tambi\u00e9n, quien, tras largos a\u00f1os de exilio, acab\u00f3 idealiz\u00e1ndolo todo en mitos anacr\u00f3nicos. Gil necesita a toda costa a un h\u00e9roe-artista al que adherirse y, lentamente, consigue resucitar en Gregorio sus sue\u00f1os juveniles y el deseo de convertirse en esa figura simb\u00f3lica. Y ha lugar la metamorfosis de Gregorio en Faroni , personaje que ninguno de los dos nunca logr\u00f3 ser \u2014ingeniero y poeta, trinfador, culto, pol\u00edglota, apuesto, audaz en el amor, \u00abprogre\u00bb, pero pat\u00e9tica caricatura del artista trasnochado\u2014. Cuando Gil va por fin a conocer a Gregorio , \u00e9ste ya no puede volver atr\u00e1s. Estos dos adolescentes oto\u00f1ales han emprendido juegos demasiado peligrosos , y fortificado el uno por la feredentora del otro, ya no pueden sino fundirse para siempre en Faroni.<\/p>\n<p>&nbsp;<\/p>\n","protected":false},"excerpt":{"rendered":"<p>Los anhelos de una vida amorosa e intelectual inquieta que Gregorio aliment\u00f3 en su juventud se hab\u00edan esfumado cuando, convertido ya en un oficinista gris, conoce un d\u00eda por tel\u00e9fono a Gil , hombre modesto, maduro tambi\u00e9n, quien, tras largos a\u00f1os de exilio, acab\u00f3 idealiz\u00e1ndolo todo en mitos anacr\u00f3nicos. Gil necesita a toda costa a [&hellip;]<\/p>\n","protected":false},"featured_media":6473,"template":"","meta":[],"product_brand":[],"product_cat":[25],"product_tag":[136,945,206,55],"class_list":{"0":"post-6469","1":"product","2":"type-product","3":"status-publish","4":"has-post-thumbnail","6":"product_cat-libros-digitales-ebooks","7":"product_tag-decargar-ebook","8":"product_tag-juegos-de-la-edad-tardia","9":"product_tag-luis-landero","10":"product_tag-novelas","12":"first","13":"instock","14":"shipping-taxable","15":"purchasable","16":"product-type-variable","17":"has-default-attributes"},"_links":{"self":[{"href":"https:\/\/www.taller-palabras.com\/WordPress_04\/wp-json\/wp\/v2\/product\/6469","targetHints":{"allow":["GET"]}}],"collection":[{"href":"https:\/\/www.taller-palabras.com\/WordPress_04\/wp-json\/wp\/v2\/product"}],"about":[{"href":"https:\/\/www.taller-palabras.com\/WordPress_04\/wp-json\/wp\/v2\/types\/product"}],"wp:featuredmedia":[{"embeddable":true,"href":"https:\/\/www.taller-palabras.com\/WordPress_04\/wp-json\/wp\/v2\/media\/6473"}],"wp:attachment":[{"href":"https:\/\/www.taller-palabras.com\/WordPress_04\/wp-json\/wp\/v2\/media?parent=6469"}],"wp:term":[{"taxonomy":"product_brand","embeddable":true,"href":"https:\/\/www.taller-palabras.com\/WordPress_04\/wp-json\/wp\/v2\/product_brand?post=6469"},{"taxonomy":"product_cat","embeddable":true,"href":"https:\/\/www.taller-palabras.com\/WordPress_04\/wp-json\/wp\/v2\/product_cat?post=6469"},{"taxonomy":"product_tag","embeddable":true,"href":"https:\/\/www.taller-palabras.com\/WordPress_04\/wp-json\/wp\/v2\/product_tag?post=6469"}],"curies":[{"name":"wp","href":"https:\/\/api.w.org\/{rel}","templated":true}]}}