{"id":6485,"date":"2020-04-18T14:30:44","date_gmt":"2020-04-18T17:30:44","guid":{"rendered":"https:\/\/www.taller-palabras.com\/WordPress_04\/?post_type=product&#038;p=6485"},"modified":"2023-11-10T11:09:57","modified_gmt":"2023-11-10T14:09:57","slug":"el-huerto-de-emerson-luis-landero-ebook","status":"publish","type":"product","link":"https:\/\/www.taller-palabras.com\/WordPress_04\/producto\/el-huerto-de-emerson-luis-landero-ebook","title":{"rendered":"El huerto de Emerson &#8211; Luis Landero \/ebook"},"content":{"rendered":"<figure id=\"attachment_1852\" aria-describedby=\"caption-attachment-1852\" style=\"width: 150px\" class=\"wp-caption alignleft\"><img loading=\"lazy\" decoding=\"async\" class=\"wp-image-1852 size-thumbnail\" src=\"https:\/\/www.taller-palabras.com\/WordPress_04\/wp-content\/uploads\/2020\/04\/LuisLandero-150x150.jpg\" alt=\"\" width=\"150\" height=\"150\" srcset=\"https:\/\/www.taller-palabras.com\/WordPress_04\/wp-content\/uploads\/2020\/04\/LuisLandero-150x150.jpg 150w, https:\/\/www.taller-palabras.com\/WordPress_04\/wp-content\/uploads\/2020\/04\/LuisLandero-324x324.jpg 324w, https:\/\/www.taller-palabras.com\/WordPress_04\/wp-content\/uploads\/2020\/04\/LuisLandero-100x100.jpg 100w\" sizes=\"auto, (max-width: 150px) 100vw, 150px\" \/><figcaption id=\"caption-attachment-1852\" class=\"wp-caption-text\">Autor Luis Landero<\/figcaption><\/figure>\n<p>Tras el \u00e9xito prolongado de Lluvia fina, Luis Landero retoma la memoria y las lecturas de su particular universo personal donde las dej\u00f3 en El balc\u00f3n en invierno. Y lo hace en este libro memorable, que vuelve a trenzar de manera magistral los recuerdos del ni\u00f1o en su pueblo de Extremadura, del adolescente reci\u00e9n llegado a Madrid o del joven que empieza a trabajar, con historias y escenas vividas en los libros con la misma pasi\u00f3n y avidez que en el mundo real. En El huerto de Emerson asoman personajes de un tiempo a\u00fan reciente, pero que parecen pertenecer a un ya lejano entonces, y tan llenos de vida como Pache y su boliche en medio de la nada, mujeres hiperactivas que sostienen a las familias como la abuela y la t\u00eda del narrador, hombres callados que de pronto revelan secretos asombrosos, o novios c\u00e1ndidos como Florentino y Cipriana y su enigm\u00e1tico cortejo al anochecer. A todos ellos Landero los convierte en pares de los protagonistas del Ulises, cong\u00e9neres de los personajes de las novelas de Kafka o de Stendhal, y en acompa\u00f1antes de las m\u00e1s brillantes reflexiones sobre escritura y creaci\u00f3n en una mezcla \u00fanica de humor y poes\u00eda, de evocaci\u00f3n y encanto. Es dif\u00edcil no sentirse transportado a un relato contado junto al fuego.<\/p>\n<p>&nbsp;<\/p>\n","protected":false},"excerpt":{"rendered":"<p>Tras el \u00e9xito prolongado de Lluvia fina, Luis Landero retoma la memoria y las lecturas de su particular universo personal donde las dej\u00f3 en El balc\u00f3n en invierno. Y lo hace en este libro memorable, que vuelve a trenzar de manera magistral los recuerdos del ni\u00f1o en su pueblo de Extremadura, del adolescente reci\u00e9n llegado [&hellip;]<\/p>\n","protected":false},"featured_media":6475,"template":"","meta":[],"product_brand":[],"product_cat":[25],"product_tag":[136,947,206,55],"class_list":{"0":"post-6485","1":"product","2":"type-product","3":"status-publish","4":"has-post-thumbnail","6":"product_cat-libros-digitales-ebooks","7":"product_tag-decargar-ebook","8":"product_tag-el-huerto-de-emerson","9":"product_tag-luis-landero","10":"product_tag-novelas","12":"first","13":"instock","14":"shipping-taxable","15":"purchasable","16":"product-type-variable","17":"has-default-attributes"},"_links":{"self":[{"href":"https:\/\/www.taller-palabras.com\/WordPress_04\/wp-json\/wp\/v2\/product\/6485","targetHints":{"allow":["GET"]}}],"collection":[{"href":"https:\/\/www.taller-palabras.com\/WordPress_04\/wp-json\/wp\/v2\/product"}],"about":[{"href":"https:\/\/www.taller-palabras.com\/WordPress_04\/wp-json\/wp\/v2\/types\/product"}],"wp:featuredmedia":[{"embeddable":true,"href":"https:\/\/www.taller-palabras.com\/WordPress_04\/wp-json\/wp\/v2\/media\/6475"}],"wp:attachment":[{"href":"https:\/\/www.taller-palabras.com\/WordPress_04\/wp-json\/wp\/v2\/media?parent=6485"}],"wp:term":[{"taxonomy":"product_brand","embeddable":true,"href":"https:\/\/www.taller-palabras.com\/WordPress_04\/wp-json\/wp\/v2\/product_brand?post=6485"},{"taxonomy":"product_cat","embeddable":true,"href":"https:\/\/www.taller-palabras.com\/WordPress_04\/wp-json\/wp\/v2\/product_cat?post=6485"},{"taxonomy":"product_tag","embeddable":true,"href":"https:\/\/www.taller-palabras.com\/WordPress_04\/wp-json\/wp\/v2\/product_tag?post=6485"}],"curies":[{"name":"wp","href":"https:\/\/api.w.org\/{rel}","templated":true}]}}