{"id":6501,"date":"2022-11-18T11:28:39","date_gmt":"2022-11-18T14:28:39","guid":{"rendered":"https:\/\/www.taller-palabras.com\/WordPress_04\/?post_type=product&#038;p=6501"},"modified":"2025-03-03T14:09:30","modified_gmt":"2025-03-03T17:09:30","slug":"atrevida-apuesta-corin-tellado-ebook","status":"publish","type":"product","link":"https:\/\/www.taller-palabras.com\/WordPress_04\/producto\/atrevida-apuesta-corin-tellado-ebook","title":{"rendered":"Atrevida apuesta &#8211; Cor\u00edn Tellado \/ebook"},"content":{"rendered":"<figure id=\"attachment_6495\" aria-describedby=\"caption-attachment-6495\" style=\"width: 150px\" class=\"wp-caption alignleft\"><img loading=\"lazy\" decoding=\"async\" class=\"wp-image-6495 size-thumbnail\" src=\"https:\/\/www.taller-palabras.com\/WordPress_04\/wp-content\/uploads\/2022\/11\/Corin-Tellado-150x150.jpg\" alt=\"\" width=\"150\" height=\"150\" srcset=\"https:\/\/www.taller-palabras.com\/WordPress_04\/wp-content\/uploads\/2022\/11\/Corin-Tellado-150x150.jpg 150w, https:\/\/www.taller-palabras.com\/WordPress_04\/wp-content\/uploads\/2022\/11\/Corin-Tellado-100x100.jpg 100w\" sizes=\"auto, (max-width: 150px) 100vw, 150px\" \/><figcaption id=\"caption-attachment-6495\" class=\"wp-caption-text\">Autora Cor\u00edn Tellado<\/figcaption><\/figure>\n<p>Rosa Mar\u00eda y Margarita son dos amigas que estudian en un internado internacional. A la muerte de su t\u00edo, Rosa Mar\u00eda se convierte en la pupila de los duques de Castro Mina, padres de su amiga, con quienes pasar\u00e1 a vivir a partir desde ese momento. En su casa conoce a Juan Carlos, conde de Peralta y hermano de Margarita. La relaci\u00f3n entre los dos se torna dif\u00edcil desde el principio y, vali\u00e9ndose de una argucia innoble, el conde, en una apuesta con sus amigos, termina con el noviazgo de Rosa Mar\u00eda y el arist\u00f3crata Luis Minareli. Esto provoca la reacci\u00f3n de la joven con un desenlace inesperado.<\/p>\n","protected":false},"excerpt":{"rendered":"<p>Rosa Mar\u00eda y Margarita son dos amigas que estudian en un internado internacional. A la muerte de su t\u00edo, Rosa Mar\u00eda se convierte en la pupila de los duques de Castro Mina, padres de su amiga, con quienes pasar\u00e1 a vivir a partir desde ese momento. En su casa conoce a Juan Carlos, conde de [&hellip;]<\/p>\n","protected":false},"featured_media":6494,"template":"","meta":[],"product_brand":[],"product_cat":[25],"product_tag":[950,948,54,45],"class_list":{"0":"post-6501","1":"product","2":"type-product","3":"status-publish","4":"has-post-thumbnail","6":"product_cat-libros-digitales-ebooks","7":"product_tag-atrevida-apuesta","8":"product_tag-corin-tellado","9":"product_tag-descargar-ebook","10":"product_tag-mejor-novela","12":"first","13":"instock","14":"shipping-taxable","15":"purchasable","16":"product-type-variable","17":"has-default-attributes"},"_links":{"self":[{"href":"https:\/\/www.taller-palabras.com\/WordPress_04\/wp-json\/wp\/v2\/product\/6501","targetHints":{"allow":["GET"]}}],"collection":[{"href":"https:\/\/www.taller-palabras.com\/WordPress_04\/wp-json\/wp\/v2\/product"}],"about":[{"href":"https:\/\/www.taller-palabras.com\/WordPress_04\/wp-json\/wp\/v2\/types\/product"}],"wp:featuredmedia":[{"embeddable":true,"href":"https:\/\/www.taller-palabras.com\/WordPress_04\/wp-json\/wp\/v2\/media\/6494"}],"wp:attachment":[{"href":"https:\/\/www.taller-palabras.com\/WordPress_04\/wp-json\/wp\/v2\/media?parent=6501"}],"wp:term":[{"taxonomy":"product_brand","embeddable":true,"href":"https:\/\/www.taller-palabras.com\/WordPress_04\/wp-json\/wp\/v2\/product_brand?post=6501"},{"taxonomy":"product_cat","embeddable":true,"href":"https:\/\/www.taller-palabras.com\/WordPress_04\/wp-json\/wp\/v2\/product_cat?post=6501"},{"taxonomy":"product_tag","embeddable":true,"href":"https:\/\/www.taller-palabras.com\/WordPress_04\/wp-json\/wp\/v2\/product_tag?post=6501"}],"curies":[{"name":"wp","href":"https:\/\/api.w.org\/{rel}","templated":true}]}}