{"id":6506,"date":"2022-09-21T12:08:59","date_gmt":"2022-09-21T15:08:59","guid":{"rendered":"https:\/\/www.taller-palabras.com\/WordPress_04\/?post_type=product&#038;p=6506"},"modified":"2024-08-31T12:37:31","modified_gmt":"2024-08-31T15:37:31","slug":"corazon-tan-blanco-javier-marias-ebook","status":"publish","type":"product","link":"https:\/\/www.taller-palabras.com\/WordPress_04\/producto\/corazon-tan-blanco-javier-marias-ebook","title":{"rendered":"Corazon tan blanco &#8211; Javier Marias \/ebook"},"content":{"rendered":"<figure id=\"attachment_4940\" aria-describedby=\"caption-attachment-4940\" style=\"width: 150px\" class=\"wp-caption alignleft\"><img loading=\"lazy\" decoding=\"async\" class=\"wp-image-4940 size-thumbnail\" src=\"https:\/\/www.taller-palabras.com\/WordPress_04\/wp-content\/uploads\/2021\/12\/JavierMarias-150x150.jpg\" alt=\"\" width=\"150\" height=\"150\" srcset=\"https:\/\/www.taller-palabras.com\/WordPress_04\/wp-content\/uploads\/2021\/12\/JavierMarias-150x150.jpg 150w, https:\/\/www.taller-palabras.com\/WordPress_04\/wp-content\/uploads\/2021\/12\/JavierMarias-100x100.jpg 100w\" sizes=\"auto, (max-width: 150px) 100vw, 150px\" \/><figcaption id=\"caption-attachment-4940\" class=\"wp-caption-text\">Autor Javier Mar\u00edas<\/figcaption><\/figure>\n<p>\u00abNo he querido saber, pero he sabido que una de las ni\u00f1as, cuando ya no era ni\u00f1a y no hac\u00eda mucho que hab\u00eda regresado de su viaje de bodas, entr\u00f3 en el cuarto de ba\u00f1o, se puso frente al espejo, se abri\u00f3 la blusa, se quit\u00f3 el sost\u00e9n y se busc\u00f3 el coraz\u00f3n con la punta de la pistola&#8230;\u00bb Este es el ya legendario comienzo de un cl\u00e1sico contempor\u00e1neo, Coraz\u00f3n tan blanco, cuyo protagonista y narrador, Juan Ranz, prefiere siempre no saber, consciente de lo peligroso que resulta escuchar: los o\u00eddos no tienen p\u00e1rpados, y lo que les llega ya no se olvida. Traductor e int\u00e9rprete de profesi\u00f3n, es \u00e9l ahora el reci\u00e9n casado, y en su propio viaje de novios, en La Habana, asomado al balc\u00f3n, es confundido por una desconocida que espera en la calle, y sin querer escucha una conversaci\u00f3n de hotel. A partir de entonces \u00abpresentimientos de desastre\u00bb envolver\u00e1n su matrimonio. Pero la clave de ese malestar quiz\u00e1 est\u00e9 en el pasado, pues su padre hubo de casarse tres veces para que \u00e9l pudiera nacer. Una novela hipn\u00f3tica sobre el secreto y su conveniencia posible, sobre el matrimonio, el asesinato y la instigaci\u00f3n, sobre la sospecha, el hablar y el callar y la persuasi\u00f3n: sobre los corazones tan blancos que poco a poco se van ti\u00f1endo y acaban siendo lo que nunca quisieron ser.<\/p>\n","protected":false},"excerpt":{"rendered":"<p>\u00abNo he querido saber, pero he sabido que una de las ni\u00f1as, cuando ya no era ni\u00f1a y no hac\u00eda mucho que hab\u00eda regresado de su viaje de bodas, entr\u00f3 en el cuarto de ba\u00f1o, se puso frente al espejo, se abri\u00f3 la blusa, se quit\u00f3 el sost\u00e9n y se busc\u00f3 el coraz\u00f3n con la [&hellip;]<\/p>\n","protected":false},"featured_media":6511,"template":"","meta":[],"product_brand":[],"product_cat":[25],"product_tag":[951,54,669,45],"class_list":{"0":"post-6506","1":"product","2":"type-product","3":"status-publish","4":"has-post-thumbnail","6":"product_cat-libros-digitales-ebooks","7":"product_tag-corazon-tan-blanco","8":"product_tag-descargar-ebook","9":"product_tag-javier-marias","10":"product_tag-mejor-novela","12":"first","13":"instock","14":"shipping-taxable","15":"purchasable","16":"product-type-variable","17":"has-default-attributes"},"_links":{"self":[{"href":"https:\/\/www.taller-palabras.com\/WordPress_04\/wp-json\/wp\/v2\/product\/6506","targetHints":{"allow":["GET"]}}],"collection":[{"href":"https:\/\/www.taller-palabras.com\/WordPress_04\/wp-json\/wp\/v2\/product"}],"about":[{"href":"https:\/\/www.taller-palabras.com\/WordPress_04\/wp-json\/wp\/v2\/types\/product"}],"wp:featuredmedia":[{"embeddable":true,"href":"https:\/\/www.taller-palabras.com\/WordPress_04\/wp-json\/wp\/v2\/media\/6511"}],"wp:attachment":[{"href":"https:\/\/www.taller-palabras.com\/WordPress_04\/wp-json\/wp\/v2\/media?parent=6506"}],"wp:term":[{"taxonomy":"product_brand","embeddable":true,"href":"https:\/\/www.taller-palabras.com\/WordPress_04\/wp-json\/wp\/v2\/product_brand?post=6506"},{"taxonomy":"product_cat","embeddable":true,"href":"https:\/\/www.taller-palabras.com\/WordPress_04\/wp-json\/wp\/v2\/product_cat?post=6506"},{"taxonomy":"product_tag","embeddable":true,"href":"https:\/\/www.taller-palabras.com\/WordPress_04\/wp-json\/wp\/v2\/product_tag?post=6506"}],"curies":[{"name":"wp","href":"https:\/\/api.w.org\/{rel}","templated":true}]}}