{"id":6538,"date":"2022-12-24T13:25:00","date_gmt":"2022-12-24T16:25:00","guid":{"rendered":"https:\/\/www.taller-palabras.com\/WordPress_04\/?post_type=product&#038;p=6538"},"modified":"2024-09-23T17:26:20","modified_gmt":"2024-09-23T20:26:20","slug":"la-sabiduria-recobrada-monica-cavalle-ebook","status":"publish","type":"product","link":"https:\/\/www.taller-palabras.com\/WordPress_04\/producto\/la-sabiduria-recobrada-monica-cavalle-ebook","title":{"rendered":"La sabidur\u00eda recobrada &#8211; M\u00f3nica Cavalle \/ebook"},"content":{"rendered":"<figure id=\"attachment_6521\" aria-describedby=\"caption-attachment-6521\" style=\"width: 150px\" class=\"wp-caption alignleft\"><img loading=\"lazy\" decoding=\"async\" class=\"wp-image-6521 size-thumbnail\" src=\"https:\/\/www.taller-palabras.com\/WordPress_04\/wp-content\/uploads\/2022\/12\/Monica_Cavalle-150x150.jpg\" alt=\"\" width=\"150\" height=\"150\" srcset=\"https:\/\/www.taller-palabras.com\/WordPress_04\/wp-content\/uploads\/2022\/12\/Monica_Cavalle-150x150.jpg 150w, https:\/\/www.taller-palabras.com\/WordPress_04\/wp-content\/uploads\/2022\/12\/Monica_Cavalle-100x100.jpg 100w\" sizes=\"auto, (max-width: 150px) 100vw, 150px\" \/><figcaption id=\"caption-attachment-6521\" class=\"wp-caption-text\">Autora M\u00f3nica Cavalle<\/figcaption><\/figure>\n<p>Parecen quedar lejos de nosotros aquellos tiempos en que la filosof\u00eda ten\u00eda un profundo impacto en la vida de quienes la cultivaban, cuando era una pr\u00e1ctica que conllevaba toda una ejercitaci\u00f3n cotidiana y un estilo de vida. La palabra \u00abfilosof\u00eda\u00bb ha llegado a ser sin\u00f3nimo de \u00abespeculaci\u00f3n\u00bb, de pura teor\u00eda, de reflexi\u00f3n est\u00e9ril, y casi hemos olvidado que durante mucho tiempo fue considerada el camino hacia la plenitud y una fuente inagotable de inspiraci\u00f3n para la vida pr\u00e1ctica. Esta convicci\u00f3n de que sabidur\u00eda y vida son indisociables hac\u00eda de la filosof\u00eda el saber terap\u00e9utico por excelencia. Este libro es una invitaci\u00f3n a conocer y cultivar esa sabidur\u00eda. Se dirige a quienes siempre han sospechado que la filosof\u00eda les ser\u00eda \u00fatil, que deber\u00eda ser algo mucho m\u00e1s relevante y directamente concerniente a la propia vida que lo que se ense\u00f1a habitualmente.<\/p>\n","protected":false},"excerpt":{"rendered":"<p>Parecen quedar lejos de nosotros aquellos tiempos en que la filosof\u00eda ten\u00eda un profundo impacto en la vida de quienes la cultivaban, cuando era una pr\u00e1ctica que conllevaba toda una ejercitaci\u00f3n cotidiana y un estilo de vida. La palabra \u00abfilosof\u00eda\u00bb ha llegado a ser sin\u00f3nimo de \u00abespeculaci\u00f3n\u00bb, de pura teor\u00eda, de reflexi\u00f3n est\u00e9ril, y casi [&hellip;]<\/p>\n","protected":false},"featured_media":6522,"template":"","meta":[],"product_brand":[],"product_cat":[25],"product_tag":[54,958,45,957],"class_list":{"0":"post-6538","1":"product","2":"type-product","3":"status-publish","4":"has-post-thumbnail","6":"product_cat-libros-digitales-ebooks","7":"product_tag-descargar-ebook","8":"product_tag-la-sabiduria-recobrada","9":"product_tag-mejor-novela","10":"product_tag-monica-cavalle","12":"first","13":"instock","14":"shipping-taxable","15":"purchasable","16":"product-type-variable","17":"has-default-attributes"},"_links":{"self":[{"href":"https:\/\/www.taller-palabras.com\/WordPress_04\/wp-json\/wp\/v2\/product\/6538","targetHints":{"allow":["GET"]}}],"collection":[{"href":"https:\/\/www.taller-palabras.com\/WordPress_04\/wp-json\/wp\/v2\/product"}],"about":[{"href":"https:\/\/www.taller-palabras.com\/WordPress_04\/wp-json\/wp\/v2\/types\/product"}],"wp:featuredmedia":[{"embeddable":true,"href":"https:\/\/www.taller-palabras.com\/WordPress_04\/wp-json\/wp\/v2\/media\/6522"}],"wp:attachment":[{"href":"https:\/\/www.taller-palabras.com\/WordPress_04\/wp-json\/wp\/v2\/media?parent=6538"}],"wp:term":[{"taxonomy":"product_brand","embeddable":true,"href":"https:\/\/www.taller-palabras.com\/WordPress_04\/wp-json\/wp\/v2\/product_brand?post=6538"},{"taxonomy":"product_cat","embeddable":true,"href":"https:\/\/www.taller-palabras.com\/WordPress_04\/wp-json\/wp\/v2\/product_cat?post=6538"},{"taxonomy":"product_tag","embeddable":true,"href":"https:\/\/www.taller-palabras.com\/WordPress_04\/wp-json\/wp\/v2\/product_tag?post=6538"}],"curies":[{"name":"wp","href":"https:\/\/api.w.org\/{rel}","templated":true}]}}