{"id":6543,"date":"2022-12-24T13:31:30","date_gmt":"2022-12-24T16:31:30","guid":{"rendered":"https:\/\/www.taller-palabras.com\/WordPress_04\/?post_type=product&#038;p=6543"},"modified":"2024-10-02T12:45:32","modified_gmt":"2024-10-02T15:45:32","slug":"shimriti-jorge-bucay-ebook","status":"publish","type":"product","link":"https:\/\/www.taller-palabras.com\/WordPress_04\/producto\/shimriti-jorge-bucay-ebook","title":{"rendered":"Shimriti &#8211; Jorge Bucay \/ebook"},"content":{"rendered":"<figure id=\"attachment_6520\" aria-describedby=\"caption-attachment-6520\" style=\"width: 150px\" class=\"wp-caption alignleft\"><img loading=\"lazy\" decoding=\"async\" class=\"wp-image-6520 size-thumbnail\" src=\"https:\/\/www.taller-palabras.com\/WordPress_04\/wp-content\/uploads\/2022\/12\/jorge-bucay-150x150.jpg\" alt=\"\" width=\"150\" height=\"150\" srcset=\"https:\/\/www.taller-palabras.com\/WordPress_04\/wp-content\/uploads\/2022\/12\/jorge-bucay-150x150.jpg 150w, https:\/\/www.taller-palabras.com\/WordPress_04\/wp-content\/uploads\/2022\/12\/jorge-bucay-100x100.jpg 100w, https:\/\/www.taller-palabras.com\/WordPress_04\/wp-content\/uploads\/2022\/12\/jorge-bucay.jpg 283w\" sizes=\"auto, (max-width: 150px) 100vw, 150px\" \/><figcaption id=\"caption-attachment-6520\" class=\"wp-caption-text\">Autor Jorge Bucay<\/figcaption><\/figure>\n<p>\u00c9ste no es un libro m\u00e1s de Bucay. Tampoco el principal. Shimriti, de la Ignorancia a la Sabidur\u00eda est\u00e1 presente en cada libro suyo anterior y estar\u00e1, quiz\u00e1, en aquellos que escriba en el Futuro. Poca gente sintoniza con un buscador de sabidur\u00eda, porque este es siempre impredecible, no deja que conf\u00edes en \u00e9l; quiz\u00e1 no satisfaga ninguna de tus esperanzas; pero despu\u00e9s de ofenderte, de defraudarte, de inquietarte y de lastimarte\u2026 poco a poco, te despertar\u00e1 a la experiencia de la libertad. Puede resultar molesto, pero no hay otra manera para este autor que ponerte de cara al compromiso con tu propia vida. Todos somos \u2014sostiene\u2014 ignorantes, buscadores, conocedores, y de alguna manera tenemos un sabio interior que, si lo escuch\u00e1ramos, nos dir\u00eda: Tu mayor responsabilidad no est\u00e1 orientada hacia el afuera sino hacia ti mismo, para que alumbres tu vida con tu propia luz. \u00c9se es tu compromiso m\u00e1s grande, dondequiera que vayas, con quienquiera que est\u00e9s, porque \u00e9se eres t\u00fa. Shimriti emprende un viaje en tren que va transformando el conocimiento de s\u00ed misma. Comprende que la sabidur\u00eda no es adquisici\u00f3n de datos y que la verdad es un don s\u00f3lo a disposici\u00f3n de quienes son verdaderos. El disc\u00edpulo interroga al maestro: \u00bfQu\u00e9 es la iluminaci\u00f3n? Y la respuesta es un bastonazo en la cabeza. El maestro pregunta al disc\u00edpulo: \u00bfQu\u00e9 ves ah\u00ed? Y el disc\u00edpulo contesta: Una monta\u00f1a. El maestro le pega otra vez y lo echa. Diez a\u00f1os despu\u00e9s se encuentran en el mismo lugar. El maestro vuelve a preguntarle: \u00ab\u00bfQu\u00e9 ves ah\u00ed? El disc\u00edpulo se detiene, piensa, duda; no sabe que responder; la respuesta una monta\u00f1a ya fracas\u00f3. Sin embargo, se decide a ser fiel a su saber: Una monta\u00f1a\u00bb, responde. El maestro, ahora, aprueba la respuesta. El sabio desnuda la verdad. El intelectual sin sabidur\u00eda la recubre, la empapela con palabras para que s\u00f3lo la entiendan los que juegan su juego. Donde algunos fruncen el ce\u00f1o, Bucay pone la risa. Donde otros utilizan el lenguaje herm\u00e9tico, Bucay usa nuestras palabras de todos los d\u00edas. Donde otros complican para parecer mis inteligentes, Bucay simplifica admitiendo la acusaci\u00f3n de los que temen que muchos se acerquen al saber. En cada libro, Bucay opera un desv\u00edo precisamente all\u00ed donde los procedimientos tradicionales de autoayuda fracasan: la receta m\u00e1gica, la respuesta \u00fanica, la supuesta solemnidad, la construcci\u00f3n de un lector creyente. Aqu\u00ed, en su doceavo libro, dramatiza, desarma y rearma con desenfado y profundidad la escena del saber, abriendo su camino a quien quiera recorrerlo. Confirma, as\u00ed, lo que dijo alguna vez el periodista Luis P\u00e9rez refiri\u00e9ndose a Jorge Bucay: \u2026alguien que escribe para la gente que ya no tiene quien le escriba.<\/p>\n","protected":false},"excerpt":{"rendered":"<p>\u00c9ste no es un libro m\u00e1s de Bucay. Tampoco el principal. Shimriti, de la Ignorancia a la Sabidur\u00eda est\u00e1 presente en cada libro suyo anterior y estar\u00e1, quiz\u00e1, en aquellos que escriba en el Futuro. Poca gente sintoniza con un buscador de sabidur\u00eda, porque este es siempre impredecible, no deja que conf\u00edes en \u00e9l; quiz\u00e1 [&hellip;]<\/p>\n","protected":false},"featured_media":6523,"template":"","meta":[],"product_brand":[],"product_cat":[25],"product_tag":[54,959,45,960],"class_list":{"0":"post-6543","1":"product","2":"type-product","3":"status-publish","4":"has-post-thumbnail","6":"product_cat-libros-digitales-ebooks","7":"product_tag-descargar-ebook","8":"product_tag-jorge-bucay","9":"product_tag-mejor-novela","10":"product_tag-shimriti","12":"first","13":"instock","14":"shipping-taxable","15":"purchasable","16":"product-type-variable","17":"has-default-attributes"},"_links":{"self":[{"href":"https:\/\/www.taller-palabras.com\/WordPress_04\/wp-json\/wp\/v2\/product\/6543","targetHints":{"allow":["GET"]}}],"collection":[{"href":"https:\/\/www.taller-palabras.com\/WordPress_04\/wp-json\/wp\/v2\/product"}],"about":[{"href":"https:\/\/www.taller-palabras.com\/WordPress_04\/wp-json\/wp\/v2\/types\/product"}],"wp:featuredmedia":[{"embeddable":true,"href":"https:\/\/www.taller-palabras.com\/WordPress_04\/wp-json\/wp\/v2\/media\/6523"}],"wp:attachment":[{"href":"https:\/\/www.taller-palabras.com\/WordPress_04\/wp-json\/wp\/v2\/media?parent=6543"}],"wp:term":[{"taxonomy":"product_brand","embeddable":true,"href":"https:\/\/www.taller-palabras.com\/WordPress_04\/wp-json\/wp\/v2\/product_brand?post=6543"},{"taxonomy":"product_cat","embeddable":true,"href":"https:\/\/www.taller-palabras.com\/WordPress_04\/wp-json\/wp\/v2\/product_cat?post=6543"},{"taxonomy":"product_tag","embeddable":true,"href":"https:\/\/www.taller-palabras.com\/WordPress_04\/wp-json\/wp\/v2\/product_tag?post=6543"}],"curies":[{"name":"wp","href":"https:\/\/api.w.org\/{rel}","templated":true}]}}