{"id":6548,"date":"2022-12-25T09:31:08","date_gmt":"2022-12-25T12:31:08","guid":{"rendered":"https:\/\/www.taller-palabras.com\/WordPress_04\/?post_type=product&#038;p=6548"},"modified":"2024-10-02T13:01:08","modified_gmt":"2024-10-02T16:01:08","slug":"la-tierra-baldia-t-s-eliot-ebook","status":"publish","type":"product","link":"https:\/\/www.taller-palabras.com\/WordPress_04\/producto\/la-tierra-baldia-t-s-eliot-ebook","title":{"rendered":"La tierra bald\u00eda &#8211; T S Eliot\/ebook"},"content":{"rendered":"<figure id=\"attachment_6551\" aria-describedby=\"caption-attachment-6551\" style=\"width: 150px\" class=\"wp-caption alignleft\"><img loading=\"lazy\" decoding=\"async\" class=\"wp-image-6551 size-thumbnail\" src=\"https:\/\/www.taller-palabras.com\/WordPress_04\/wp-content\/uploads\/2022\/12\/T.S.Eliot_-150x150.jpg\" alt=\"\" width=\"150\" height=\"150\" srcset=\"https:\/\/www.taller-palabras.com\/WordPress_04\/wp-content\/uploads\/2022\/12\/T.S.Eliot_-150x150.jpg 150w, https:\/\/www.taller-palabras.com\/WordPress_04\/wp-content\/uploads\/2022\/12\/T.S.Eliot_-100x100.jpg 100w\" sizes=\"auto, (max-width: 150px) 100vw, 150px\" \/><figcaption id=\"caption-attachment-6551\" class=\"wp-caption-text\">Autor T. S. Eliot<\/figcaption><\/figure>\n<p>Adem\u00e1s de ser el gran poema del siglo XX, La tierra bald\u00eda es una obra esencial para entender nuestro tiempo. Con una dicci\u00f3n y unas im\u00e1genes rompedoras, T. S. Eliot sabe cantar la devastaci\u00f3n de la primera guerra mundial, la adecuaci\u00f3n del hombre a la ciudad como nuevo y definitivo exilio de la naturaleza, el deseo dif\u00edcil entre mujeres y hombres, y convocar a la vez las voces del pasado literario de Occidente. Pero m\u00e1s all\u00e1 del virtuosismo t\u00e9cnico y de la intensidad est\u00e9tica que el poema desata, en estos versos emociona sobre todo la desnuda humanidad que estalla en silencio. Editado, prologado y traducido por Andreu Jaume, que tambi\u00e9n nos da su versi\u00f3n de Prufrock, el primer poemario de Eliot y referente indispensable para entender el resto de su poes\u00eda, este libro viene a recordarnos, cuando se cumplen cincuenta a\u00f1os de su muerte, la vigencia, la ambici\u00f3n y el ejemplo de un poeta, un cr\u00edtico y un editor que consigui\u00f3 crear una nueva visi\u00f3n del mundo contempor\u00e1neo.<\/p>\n","protected":false},"excerpt":{"rendered":"<p>Adem\u00e1s de ser el gran poema del siglo XX, La tierra bald\u00eda es una obra esencial para entender nuestro tiempo. Con una dicci\u00f3n y unas im\u00e1genes rompedoras, T. S. Eliot sabe cantar la devastaci\u00f3n de la primera guerra mundial, la adecuaci\u00f3n del hombre a la ciudad como nuevo y definitivo exilio de la naturaleza, el [&hellip;]<\/p>\n","protected":false},"featured_media":6552,"template":"","meta":[],"product_brand":[],"product_cat":[25],"product_tag":[54,962,45,961],"class_list":{"0":"post-6548","1":"product","2":"type-product","3":"status-publish","4":"has-post-thumbnail","6":"product_cat-libros-digitales-ebooks","7":"product_tag-descargar-ebook","8":"product_tag-la-tierra-baldia","9":"product_tag-mejor-novela","10":"product_tag-t-s-eliot","12":"first","13":"instock","14":"shipping-taxable","15":"purchasable","16":"product-type-variable","17":"has-default-attributes"},"_links":{"self":[{"href":"https:\/\/www.taller-palabras.com\/WordPress_04\/wp-json\/wp\/v2\/product\/6548","targetHints":{"allow":["GET"]}}],"collection":[{"href":"https:\/\/www.taller-palabras.com\/WordPress_04\/wp-json\/wp\/v2\/product"}],"about":[{"href":"https:\/\/www.taller-palabras.com\/WordPress_04\/wp-json\/wp\/v2\/types\/product"}],"wp:featuredmedia":[{"embeddable":true,"href":"https:\/\/www.taller-palabras.com\/WordPress_04\/wp-json\/wp\/v2\/media\/6552"}],"wp:attachment":[{"href":"https:\/\/www.taller-palabras.com\/WordPress_04\/wp-json\/wp\/v2\/media?parent=6548"}],"wp:term":[{"taxonomy":"product_brand","embeddable":true,"href":"https:\/\/www.taller-palabras.com\/WordPress_04\/wp-json\/wp\/v2\/product_brand?post=6548"},{"taxonomy":"product_cat","embeddable":true,"href":"https:\/\/www.taller-palabras.com\/WordPress_04\/wp-json\/wp\/v2\/product_cat?post=6548"},{"taxonomy":"product_tag","embeddable":true,"href":"https:\/\/www.taller-palabras.com\/WordPress_04\/wp-json\/wp\/v2\/product_tag?post=6548"}],"curies":[{"name":"wp","href":"https:\/\/api.w.org\/{rel}","templated":true}]}}