{"id":6555,"date":"2022-12-31T12:51:21","date_gmt":"2022-12-31T15:51:21","guid":{"rendered":"https:\/\/www.taller-palabras.com\/WordPress_04\/?post_type=product&#038;p=6555"},"modified":"2024-10-02T13:22:33","modified_gmt":"2024-10-02T16:22:33","slug":"a-sangre-fria-truman-capote-ebook","status":"publish","type":"product","link":"https:\/\/www.taller-palabras.com\/WordPress_04\/producto\/a-sangre-fria-truman-capote-ebook","title":{"rendered":"A sangre fr\u00eda &#8211; Truman Capote \/ebook"},"content":{"rendered":"<figure id=\"attachment_6565\" aria-describedby=\"caption-attachment-6565\" style=\"width: 150px\" class=\"wp-caption alignleft\"><img loading=\"lazy\" decoding=\"async\" class=\"wp-image-6565 size-thumbnail\" src=\"https:\/\/www.taller-palabras.com\/WordPress_04\/wp-content\/uploads\/2022\/12\/Truman-Capote-150x150.png\" alt=\"\" width=\"150\" height=\"150\" srcset=\"https:\/\/www.taller-palabras.com\/WordPress_04\/wp-content\/uploads\/2022\/12\/Truman-Capote-150x150.png 150w, https:\/\/www.taller-palabras.com\/WordPress_04\/wp-content\/uploads\/2022\/12\/Truman-Capote-100x100.png 100w\" sizes=\"auto, (max-width: 150px) 100vw, 150px\" \/><figcaption id=\"caption-attachment-6565\" class=\"wp-caption-text\">Autor Truman Capote<\/figcaption><\/figure>\n<p>El 15 de noviembre de 1959, en un pueblecito de Kansas, los cuatro miembros de la familia Clutter fueron salvajemente asesinados en su casa. Los cr\u00edmenes eran, aparentemente, inmotivados, y no se encontraron claves que permitieran identificar a los asesinos. Cinco a\u00f1os despu\u00e9s, Dick Hickcock y Perry Smith fueron ahorcados como culpables de las muertes. A partir de estos hechos, y tras realizar largas y minuciosas investigaciones con los protagonistas reales de la historia, Truman Capote dio un vuelco a su carrera de narrador y escribi\u00f3 &#8216;A sangre fr\u00eda&#8217;, la novela que le consagr\u00f3 definitivamente como uno de los grandes de la literatura norteamericana del siglo xx. Capote sigue paso a paso la vida del peque\u00f1o pueblecito, esboza retratos de los que ser\u00edan v\u00edctimas de una muerte tan espantosa como insospechada, acompa\u00f1a a la polic\u00eda en las pesquisas que condujeron al descubrimiento y detenci\u00f3n de Hickcock y Smith y, sobre todo, se concentra en los dos criminales psic\u00f3patas hasta construir dos personajes perfectamente perfilados, a los que el lector llegar\u00e1 a conocer \u00edntimamente. &#8216;A sangre fr\u00eda&#8217;, que fue bautizada, pionera y provocativamente, por Capote como una \u00abnon fiction novel\u00bb, es un libro estremecedor que, desde la fecha misma de su publicaci\u00f3n, se convirti\u00f3 en un cl\u00e1sico.<\/p>\n","protected":false},"excerpt":{"rendered":"<p>El 15 de noviembre de 1959, en un pueblecito de Kansas, los cuatro miembros de la familia Clutter fueron salvajemente asesinados en su casa. Los cr\u00edmenes eran, aparentemente, inmotivados, y no se encontraron claves que permitieran identificar a los asesinos. Cinco a\u00f1os despu\u00e9s, Dick Hickcock y Perry Smith fueron ahorcados como culpables de las muertes. [&hellip;]<\/p>\n","protected":false},"featured_media":6562,"template":"","meta":[],"product_brand":[],"product_cat":[25],"product_tag":[964,54,45,963],"class_list":{"0":"post-6555","1":"product","2":"type-product","3":"status-publish","4":"has-post-thumbnail","6":"product_cat-libros-digitales-ebooks","7":"product_tag-a-sangre-fria","8":"product_tag-descargar-ebook","9":"product_tag-mejor-novela","10":"product_tag-truman-capote","12":"first","13":"instock","14":"shipping-taxable","15":"purchasable","16":"product-type-variable","17":"has-default-attributes"},"_links":{"self":[{"href":"https:\/\/www.taller-palabras.com\/WordPress_04\/wp-json\/wp\/v2\/product\/6555","targetHints":{"allow":["GET"]}}],"collection":[{"href":"https:\/\/www.taller-palabras.com\/WordPress_04\/wp-json\/wp\/v2\/product"}],"about":[{"href":"https:\/\/www.taller-palabras.com\/WordPress_04\/wp-json\/wp\/v2\/types\/product"}],"wp:featuredmedia":[{"embeddable":true,"href":"https:\/\/www.taller-palabras.com\/WordPress_04\/wp-json\/wp\/v2\/media\/6562"}],"wp:attachment":[{"href":"https:\/\/www.taller-palabras.com\/WordPress_04\/wp-json\/wp\/v2\/media?parent=6555"}],"wp:term":[{"taxonomy":"product_brand","embeddable":true,"href":"https:\/\/www.taller-palabras.com\/WordPress_04\/wp-json\/wp\/v2\/product_brand?post=6555"},{"taxonomy":"product_cat","embeddable":true,"href":"https:\/\/www.taller-palabras.com\/WordPress_04\/wp-json\/wp\/v2\/product_cat?post=6555"},{"taxonomy":"product_tag","embeddable":true,"href":"https:\/\/www.taller-palabras.com\/WordPress_04\/wp-json\/wp\/v2\/product_tag?post=6555"}],"curies":[{"name":"wp","href":"https:\/\/api.w.org\/{rel}","templated":true}]}}