{"id":6574,"date":"2022-12-31T13:09:02","date_gmt":"2022-12-31T16:09:02","guid":{"rendered":"https:\/\/www.taller-palabras.com\/WordPress_04\/?post_type=product&#038;p=6574"},"modified":"2024-10-02T13:39:46","modified_gmt":"2024-10-02T16:39:46","slug":"la-mujer-rota-simone-de-beauvoir-ebook","status":"publish","type":"product","link":"https:\/\/www.taller-palabras.com\/WordPress_04\/producto\/la-mujer-rota-simone-de-beauvoir-ebook","title":{"rendered":"La mujer rota &#8211; Simone de Beauvoir \/ebook"},"content":{"rendered":"<figure id=\"attachment_6563\" aria-describedby=\"caption-attachment-6563\" style=\"width: 150px\" class=\"wp-caption alignleft\"><img loading=\"lazy\" decoding=\"async\" class=\"wp-image-6563 size-thumbnail\" src=\"https:\/\/www.taller-palabras.com\/WordPress_04\/wp-content\/uploads\/2022\/12\/simone-de-beauvoir-150x150.jpg\" alt=\"\" width=\"150\" height=\"150\" srcset=\"https:\/\/www.taller-palabras.com\/WordPress_04\/wp-content\/uploads\/2022\/12\/simone-de-beauvoir-150x150.jpg 150w, https:\/\/www.taller-palabras.com\/WordPress_04\/wp-content\/uploads\/2022\/12\/simone-de-beauvoir-100x100.jpg 100w, https:\/\/www.taller-palabras.com\/WordPress_04\/wp-content\/uploads\/2022\/12\/simone-de-beauvoir.jpg 283w\" sizes=\"auto, (max-width: 150px) 100vw, 150px\" \/><figcaption id=\"caption-attachment-6563\" class=\"wp-caption-text\">Autora Simone de Beauvoir<\/figcaption><\/figure>\n<p>La mujer rota es la v\u00edctima estupefacta de la vida que ella misma eligi\u00f3: una dependencia conyugal que la deja despojada de todo y de su ser mismo cuando el amor le es rehusado. Ser\u00eda en vano buscar moralejas en estos relatos; proponer lecciones, no; mi intenci\u00f3n ha sido totalmente diferente. No se vive m\u00e1s que una sola vida pero, por la simpat\u00eda, a veces es posible salirse de la propia piel. Me siento solidaria de las mujeres que han asumido su vida y que luchan por sus objetivos, pero eso no me impide ,al contrario, interesarme por aquellas que, de un modo u otro, han fracasado y, en general, por esa parte de fracaso que hay en toda existencia.<\/p>\n","protected":false},"excerpt":{"rendered":"<p>La mujer rota es la v\u00edctima estupefacta de la vida que ella misma eligi\u00f3: una dependencia conyugal que la deja despojada de todo y de su ser mismo cuando el amor le es rehusado. Ser\u00eda en vano buscar moralejas en estos relatos; proponer lecciones, no; mi intenci\u00f3n ha sido totalmente diferente. No se vive m\u00e1s [&hellip;]<\/p>\n","protected":false},"featured_media":6560,"template":"","meta":[],"product_brand":[],"product_cat":[25],"product_tag":[54,966,45,965],"class_list":{"0":"post-6574","1":"product","2":"type-product","3":"status-publish","4":"has-post-thumbnail","6":"product_cat-libros-digitales-ebooks","7":"product_tag-descargar-ebook","8":"product_tag-la-mujer-rota","9":"product_tag-mejor-novela","10":"product_tag-simone-de-beauvoir","12":"first","13":"instock","14":"shipping-taxable","15":"purchasable","16":"product-type-variable","17":"has-default-attributes"},"_links":{"self":[{"href":"https:\/\/www.taller-palabras.com\/WordPress_04\/wp-json\/wp\/v2\/product\/6574","targetHints":{"allow":["GET"]}}],"collection":[{"href":"https:\/\/www.taller-palabras.com\/WordPress_04\/wp-json\/wp\/v2\/product"}],"about":[{"href":"https:\/\/www.taller-palabras.com\/WordPress_04\/wp-json\/wp\/v2\/types\/product"}],"wp:featuredmedia":[{"embeddable":true,"href":"https:\/\/www.taller-palabras.com\/WordPress_04\/wp-json\/wp\/v2\/media\/6560"}],"wp:attachment":[{"href":"https:\/\/www.taller-palabras.com\/WordPress_04\/wp-json\/wp\/v2\/media?parent=6574"}],"wp:term":[{"taxonomy":"product_brand","embeddable":true,"href":"https:\/\/www.taller-palabras.com\/WordPress_04\/wp-json\/wp\/v2\/product_brand?post=6574"},{"taxonomy":"product_cat","embeddable":true,"href":"https:\/\/www.taller-palabras.com\/WordPress_04\/wp-json\/wp\/v2\/product_cat?post=6574"},{"taxonomy":"product_tag","embeddable":true,"href":"https:\/\/www.taller-palabras.com\/WordPress_04\/wp-json\/wp\/v2\/product_tag?post=6574"}],"curies":[{"name":"wp","href":"https:\/\/api.w.org\/{rel}","templated":true}]}}