{"id":6577,"date":"2022-12-31T13:13:03","date_gmt":"2022-12-31T16:13:03","guid":{"rendered":"https:\/\/www.taller-palabras.com\/WordPress_04\/?post_type=product&#038;p=6577"},"modified":"2024-10-03T10:15:21","modified_gmt":"2024-10-03T13:15:21","slug":"la-nausea-jean-paul-sartre-ebook","status":"publish","type":"product","link":"https:\/\/www.taller-palabras.com\/WordPress_04\/producto\/la-nausea-jean-paul-sartre-ebook","title":{"rendered":"La n\u00e1usea &#8211; Jean-Paul Sartre \/ebook"},"content":{"rendered":"<figure id=\"attachment_6558\" aria-describedby=\"caption-attachment-6558\" style=\"width: 150px\" class=\"wp-caption alignleft\"><img loading=\"lazy\" decoding=\"async\" class=\"wp-image-6558 size-thumbnail\" src=\"https:\/\/www.taller-palabras.com\/WordPress_04\/wp-content\/uploads\/2022\/12\/Jean-Paul-Sartre-150x150.jpg\" alt=\"\" width=\"150\" height=\"150\" srcset=\"https:\/\/www.taller-palabras.com\/WordPress_04\/wp-content\/uploads\/2022\/12\/Jean-Paul-Sartre-150x150.jpg 150w, https:\/\/www.taller-palabras.com\/WordPress_04\/wp-content\/uploads\/2022\/12\/Jean-Paul-Sartre-100x100.jpg 100w\" sizes=\"auto, (max-width: 150px) 100vw, 150px\" \/><figcaption id=\"caption-attachment-6558\" class=\"wp-caption-text\">Autor Jean-Paul Sartre<\/figcaption><\/figure>\n<p>\u00c9sta es la primera y m\u00e1s famosa novela de Jean-Paul Sartre (1905-1980). En La n\u00e1usea (1938) se anticipan los temas y los problemas que su autor desarrollar\u00e1 en su obra posterior. Texto impar, valioso por su unicidad y por su importancia dentro de la novela contempor\u00e1nea, esta obra que presentamos acrecienta con los a\u00f1os su inter\u00e9s y descubre las muchas riquezas de la observaci\u00f3n humana, de la reflexi\u00f3n filos\u00f3fica, de la realizaci\u00f3n literaria que le han valido permanencia tan indiscutida.<\/p>\n","protected":false},"excerpt":{"rendered":"<p>\u00c9sta es la primera y m\u00e1s famosa novela de Jean-Paul Sartre (1905-1980). En La n\u00e1usea (1938) se anticipan los temas y los problemas que su autor desarrollar\u00e1 en su obra posterior. Texto impar, valioso por su unicidad y por su importancia dentro de la novela contempor\u00e1nea, esta obra que presentamos acrecienta con los a\u00f1os su [&hellip;]<\/p>\n","protected":false},"featured_media":6561,"template":"","meta":[],"product_brand":[],"product_cat":[25],"product_tag":[54,967,968,45],"class_list":{"0":"post-6577","1":"product","2":"type-product","3":"status-publish","4":"has-post-thumbnail","6":"product_cat-libros-digitales-ebooks","7":"product_tag-descargar-ebook","8":"product_tag-jean-paul-sartre","9":"product_tag-la-nausea","10":"product_tag-mejor-novela","12":"first","13":"instock","14":"shipping-taxable","15":"purchasable","16":"product-type-variable","17":"has-default-attributes"},"_links":{"self":[{"href":"https:\/\/www.taller-palabras.com\/WordPress_04\/wp-json\/wp\/v2\/product\/6577","targetHints":{"allow":["GET"]}}],"collection":[{"href":"https:\/\/www.taller-palabras.com\/WordPress_04\/wp-json\/wp\/v2\/product"}],"about":[{"href":"https:\/\/www.taller-palabras.com\/WordPress_04\/wp-json\/wp\/v2\/types\/product"}],"wp:featuredmedia":[{"embeddable":true,"href":"https:\/\/www.taller-palabras.com\/WordPress_04\/wp-json\/wp\/v2\/media\/6561"}],"wp:attachment":[{"href":"https:\/\/www.taller-palabras.com\/WordPress_04\/wp-json\/wp\/v2\/media?parent=6577"}],"wp:term":[{"taxonomy":"product_brand","embeddable":true,"href":"https:\/\/www.taller-palabras.com\/WordPress_04\/wp-json\/wp\/v2\/product_brand?post=6577"},{"taxonomy":"product_cat","embeddable":true,"href":"https:\/\/www.taller-palabras.com\/WordPress_04\/wp-json\/wp\/v2\/product_cat?post=6577"},{"taxonomy":"product_tag","embeddable":true,"href":"https:\/\/www.taller-palabras.com\/WordPress_04\/wp-json\/wp\/v2\/product_tag?post=6577"}],"curies":[{"name":"wp","href":"https:\/\/api.w.org\/{rel}","templated":true}]}}