{"id":6580,"date":"2022-12-31T13:16:46","date_gmt":"2022-12-31T16:16:46","guid":{"rendered":"https:\/\/www.taller-palabras.com\/WordPress_04\/?post_type=product&#038;p=6580"},"modified":"2024-10-03T10:49:08","modified_gmt":"2024-10-03T13:49:08","slug":"trilogia-de-auschwitz-primo-levi-ebook","status":"publish","type":"product","link":"https:\/\/www.taller-palabras.com\/WordPress_04\/producto\/trilogia-de-auschwitz-primo-levi-ebook","title":{"rendered":"Trilog\u00eda de Auschwitz &#8211; Primo Levi \/ebook"},"content":{"rendered":"<figure id=\"attachment_6559\" aria-describedby=\"caption-attachment-6559\" style=\"width: 150px\" class=\"wp-caption alignleft\"><img loading=\"lazy\" decoding=\"async\" class=\"wp-image-6559 size-thumbnail\" src=\"https:\/\/www.taller-palabras.com\/WordPress_04\/wp-content\/uploads\/2022\/12\/levi_primo-150x150.jpg\" alt=\"\" width=\"150\" height=\"150\" srcset=\"https:\/\/www.taller-palabras.com\/WordPress_04\/wp-content\/uploads\/2022\/12\/levi_primo-150x150.jpg 150w, https:\/\/www.taller-palabras.com\/WordPress_04\/wp-content\/uploads\/2022\/12\/levi_primo-100x100.jpg 100w\" sizes=\"auto, (max-width: 150px) 100vw, 150px\" \/><figcaption id=\"caption-attachment-6559\" class=\"wp-caption-text\">Autor Primo Levi<\/figcaption><\/figure>\n<p>\u00abTuve la suerte de no ser deportado a Auschwitz hasta 1944, despu\u00e9s de que el gobierno alem\u00e1n hubiera decidido, a causa de la escasez creciente de mano de obra, prolongar la vida media de los prisioneros que iba a eliminar.\u00bb As\u00ed comienza Si esto es un hombre, libro que inaugura la trilog\u00eda que Primo Levi dedic\u00f3 a los campos de exterminio nazis. Cr\u00f3nica del horror cotidiano, el libro describe en el lenguaje mesurado y sobrio del testigo la espera de la nada, la privaci\u00f3n cotidiana, el olvido de la condici\u00f3n humana de los prisioneros. Completan la Trilog\u00eda de Auschwitz dos obras posteriores: La tregua (1963), relato picaresco de las tribulaciones de un grupo de italianos, liberados de los campos nazis, que recorren durante meses los caminos de Europa central en compa\u00f1\u00eda del Ej\u00e9rcito Rojo, y Los hundidos y los salvados (1986), un ensayo en el que Primo Levi trata de comprender, a partir del ejemplo de los campos nazis, las condiciones y circunstancias que permiten la degradaci\u00f3n del ser humano. \u00abEl descubrimiento inaudito que Levi realiz\u00f3 en Auschwitz se refiere a una materia que resulta refractaria a cualquier intento de determinar la responsabilidad (\u2026) El testigo da testimonio a favor de la verdad y la justicia, pero (\u2026) los verdaderos testigos (martis, en griego) son los que no han testimoniado ni hubieran podido hacerlo. \u00bb Giogio Agamben, Lo que queda de Auschwitz (1999).<\/p>\n","protected":false},"excerpt":{"rendered":"<p>\u00abTuve la suerte de no ser deportado a Auschwitz hasta 1944, despu\u00e9s de que el gobierno alem\u00e1n hubiera decidido, a causa de la escasez creciente de mano de obra, prolongar la vida media de los prisioneros que iba a eliminar.\u00bb As\u00ed comienza Si esto es un hombre, libro que inaugura la trilog\u00eda que Primo Levi [&hellip;]<\/p>\n","protected":false},"featured_media":6564,"template":"","meta":[],"product_brand":[],"product_cat":[25],"product_tag":[54,45,969,970],"class_list":{"0":"post-6580","1":"product","2":"type-product","3":"status-publish","4":"has-post-thumbnail","6":"product_cat-libros-digitales-ebooks","7":"product_tag-descargar-ebook","8":"product_tag-mejor-novela","9":"product_tag-primo-levi","10":"product_tag-trilogia-de-auschwitz","12":"first","13":"instock","14":"shipping-taxable","15":"purchasable","16":"product-type-variable","17":"has-default-attributes"},"_links":{"self":[{"href":"https:\/\/www.taller-palabras.com\/WordPress_04\/wp-json\/wp\/v2\/product\/6580","targetHints":{"allow":["GET"]}}],"collection":[{"href":"https:\/\/www.taller-palabras.com\/WordPress_04\/wp-json\/wp\/v2\/product"}],"about":[{"href":"https:\/\/www.taller-palabras.com\/WordPress_04\/wp-json\/wp\/v2\/types\/product"}],"wp:featuredmedia":[{"embeddable":true,"href":"https:\/\/www.taller-palabras.com\/WordPress_04\/wp-json\/wp\/v2\/media\/6564"}],"wp:attachment":[{"href":"https:\/\/www.taller-palabras.com\/WordPress_04\/wp-json\/wp\/v2\/media?parent=6580"}],"wp:term":[{"taxonomy":"product_brand","embeddable":true,"href":"https:\/\/www.taller-palabras.com\/WordPress_04\/wp-json\/wp\/v2\/product_brand?post=6580"},{"taxonomy":"product_cat","embeddable":true,"href":"https:\/\/www.taller-palabras.com\/WordPress_04\/wp-json\/wp\/v2\/product_cat?post=6580"},{"taxonomy":"product_tag","embeddable":true,"href":"https:\/\/www.taller-palabras.com\/WordPress_04\/wp-json\/wp\/v2\/product_tag?post=6580"}],"curies":[{"name":"wp","href":"https:\/\/api.w.org\/{rel}","templated":true}]}}