{"id":6684,"date":"2020-08-31T12:00:38","date_gmt":"2020-08-31T15:00:38","guid":{"rendered":"https:\/\/www.taller-palabras.com\/WordPress_04\/?post_type=product&#038;p=6684"},"modified":"2023-12-27T15:57:23","modified_gmt":"2023-12-27T18:57:23","slug":"la-chica-que-sonaba-con-una-cerilla-y-un-bidon-de-gasolina-2-stieg-larsson-ebook","status":"publish","type":"product","link":"https:\/\/www.taller-palabras.com\/WordPress_04\/producto\/la-chica-que-sonaba-con-una-cerilla-y-un-bidon-de-gasolina-2-stieg-larsson-ebook","title":{"rendered":"La chica que so\u00f1aba con una cerilla y un bid\u00f3n de gasolina (2) &#8211; Stieg Larsson  \/ebook"},"content":{"rendered":"<figure id=\"attachment_2378\" aria-describedby=\"caption-attachment-2378\" style=\"width: 150px\" class=\"wp-caption alignleft\"><img loading=\"lazy\" decoding=\"async\" class=\"wp-image-2378 size-thumbnail\" src=\"https:\/\/www.taller-palabras.com\/WordPress_04\/wp-content\/uploads\/2020\/08\/StiegLarsson-150x150.jpg\" alt=\"\" width=\"150\" height=\"150\" srcset=\"https:\/\/www.taller-palabras.com\/WordPress_04\/wp-content\/uploads\/2020\/08\/StiegLarsson-150x150.jpg 150w, https:\/\/www.taller-palabras.com\/WordPress_04\/wp-content\/uploads\/2020\/08\/StiegLarsson-100x100.jpg 100w\" sizes=\"auto, (max-width: 150px) 100vw, 150px\" \/><figcaption id=\"caption-attachment-2378\" class=\"wp-caption-text\">Autor Stieg Larsson<\/figcaption><\/figure>\n<p>La segunda y esperada novela de Stieg Larsson de su saga trilog\u00eda Millennium. Lisbeth Salander se ha tomado un tiempo: necesita apartarse del foco de atenci\u00f3n y salir de Estocolmo. Trata de seguir una f\u00e9rrea disciplina y no contestar a las llamadas y mensajes de un Mikael que no entiende por qu\u00e9 ha desaparecido de su vida sin dar ning\u00fan tipo de explicaci\u00f3n. Las heridas del amor las cura Lisbeth en soledad, aunque intente despistar el desencanto con el estudio de las matem\u00e1ticas y ciertos felices placeres en una playa del Caribe. \u00bfY Mikael? El gran h\u00e9roe, el s\u00faper Blomkvist, vive buenos momentos en Millennium, con las finanzas de la revista saneadas y reconocimiento profesional de colegas y medios. Ahora tiene entre manos un reportaje apasionante que le propone una pareja, Dag y Mia, sobre el tr\u00e1fico y prostituci\u00f3n de mujeres provenientes del Este. Las vidas de nuestros dos protagonistas parecen haberse separado por completo, y mientras\u2026 una muchacha, atada a una cama soporta un d\u00eda y otro d\u00eda las horribles visitas de un ser despreciable, y sin decir una palabra, sue\u00f1a con una cerilla y un bid\u00f3n de gasolina, con la forma de provocar el fuego que acabe con todo. La segunda novela de la saga Stieg Larsson, donde conoceremos c\u00f3mo Lisbeth ha llegado a ser qui\u00e9n es. El inter\u00e9s, la complejidad y maravillosa riqueza de trama y personajes va in crecendo. La acci\u00f3n es de cortar el aliento. Los hechos que van desvel\u00e1ndose, absolutamente impactantes. No se puede pedir m\u00e1s a la segunda novela de una trilog\u00eda: que supere de calle las expectativas creadas con la primera y que vuelva a crear en el lector la necesidad de leer m\u00e1s.<\/p>\n","protected":false},"excerpt":{"rendered":"<p>La segunda y esperada novela de Stieg Larsson de su saga trilog\u00eda Millennium. Lisbeth Salander se ha tomado un tiempo: necesita apartarse del foco de atenci\u00f3n y salir de Estocolmo. Trata de seguir una f\u00e9rrea disciplina y no contestar a las llamadas y mensajes de un Mikael que no entiende por qu\u00e9 ha desaparecido de [&hellip;]<\/p>\n","protected":false},"featured_media":6688,"template":"","meta":[],"product_brand":[],"product_cat":[25],"product_tag":[54,983,45,261],"class_list":{"0":"post-6684","1":"product","2":"type-product","3":"status-publish","4":"has-post-thumbnail","6":"product_cat-libros-digitales-ebooks","7":"product_tag-descargar-ebook","8":"product_tag-la-chica-que-sonaba-con-una-cerilla","9":"product_tag-mejor-novela","10":"product_tag-stieg-larsson","12":"first","13":"instock","14":"shipping-taxable","15":"purchasable","16":"product-type-variable","17":"has-default-attributes"},"_links":{"self":[{"href":"https:\/\/www.taller-palabras.com\/WordPress_04\/wp-json\/wp\/v2\/product\/6684","targetHints":{"allow":["GET"]}}],"collection":[{"href":"https:\/\/www.taller-palabras.com\/WordPress_04\/wp-json\/wp\/v2\/product"}],"about":[{"href":"https:\/\/www.taller-palabras.com\/WordPress_04\/wp-json\/wp\/v2\/types\/product"}],"wp:featuredmedia":[{"embeddable":true,"href":"https:\/\/www.taller-palabras.com\/WordPress_04\/wp-json\/wp\/v2\/media\/6688"}],"wp:attachment":[{"href":"https:\/\/www.taller-palabras.com\/WordPress_04\/wp-json\/wp\/v2\/media?parent=6684"}],"wp:term":[{"taxonomy":"product_brand","embeddable":true,"href":"https:\/\/www.taller-palabras.com\/WordPress_04\/wp-json\/wp\/v2\/product_brand?post=6684"},{"taxonomy":"product_cat","embeddable":true,"href":"https:\/\/www.taller-palabras.com\/WordPress_04\/wp-json\/wp\/v2\/product_cat?post=6684"},{"taxonomy":"product_tag","embeddable":true,"href":"https:\/\/www.taller-palabras.com\/WordPress_04\/wp-json\/wp\/v2\/product_tag?post=6684"}],"curies":[{"name":"wp","href":"https:\/\/api.w.org\/{rel}","templated":true}]}}