{"id":6691,"date":"2020-08-31T11:50:21","date_gmt":"2020-08-31T14:50:21","guid":{"rendered":"https:\/\/www.taller-palabras.com\/WordPress_04\/?post_type=product&#038;p=6691"},"modified":"2023-12-27T15:33:47","modified_gmt":"2023-12-27T18:33:47","slug":"la-reina-en-el-palacio-de-las-corrientes-de-aire-3-stieg-larsson-ebook","status":"publish","type":"product","link":"https:\/\/www.taller-palabras.com\/WordPress_04\/producto\/la-reina-en-el-palacio-de-las-corrientes-de-aire-3-stieg-larsson-ebook","title":{"rendered":"La reina en el palacio de las corrientes de aire (3) &#8211; Stieg Larsson  \/ebook"},"content":{"rendered":"<figure id=\"attachment_2378\" aria-describedby=\"caption-attachment-2378\" style=\"width: 150px\" class=\"wp-caption alignleft\"><img loading=\"lazy\" decoding=\"async\" class=\"wp-image-2378 size-thumbnail\" src=\"https:\/\/www.taller-palabras.com\/WordPress_04\/wp-content\/uploads\/2020\/08\/StiegLarsson-150x150.jpg\" alt=\"\" width=\"150\" height=\"150\" srcset=\"https:\/\/www.taller-palabras.com\/WordPress_04\/wp-content\/uploads\/2020\/08\/StiegLarsson-150x150.jpg 150w, https:\/\/www.taller-palabras.com\/WordPress_04\/wp-content\/uploads\/2020\/08\/StiegLarsson-100x100.jpg 100w\" sizes=\"auto, (max-width: 150px) 100vw, 150px\" \/><figcaption id=\"caption-attachment-2378\" class=\"wp-caption-text\">Autor Stieg Larsson<\/figcaption><\/figure>\n<p>Llega el desenlace de la trilog\u00eda Millennium. Los lectores que llegaron con el coraz\u00f3n en un pu\u00f1o al final de La chica que so\u00f1aba con una cerilla y un bid\u00f3n de gasolina quiz\u00e1s prefi eran no seguir leyendo estas l\u00edneas y descubrir por s\u00ed mismos c\u00f3mo sigue la serie y, sobre todo, qu\u00e9 le sucede a Lisbeth Salander. Como ya imagin\u00e1bamos, Lisbeth no est\u00e1 muerta, aunque no hay muchas razones para cantar victoria: con una bala en el cerebro, necesita un milagro, o el m\u00e1s habilidoso cirujano, para salvar la vida. Le esperan semanas de confinamiento en el mismo centro donde un paciente muy peligroso sigue acech\u00e1ndola: Alexander Zalachenko, Zala. Desde la cama del hospital, Lisbeth hace esfuerzos sobrehumanos para mantenerse alerta, porque sabe que sus impresionantes habilidades inform\u00e1ticas van a ser, una vez m\u00e1s, su mejor defensa. Entre tanto, con una Erika Berger totalmente entregada a su nuevo trabajo, Mikael se siente muy solo. Quiz\u00e1s Lisbeth le haya apartado de su vida, pero a medida que sus investigaciones avanzan y las oscuras razones que est\u00e1n tras el complot contra Salander van tomando forma, Mikael sabe que no puede dejar en manos de la Justicia y del Estado la vida y la libertad de Lisbeth. Pesan sobre ella dur\u00edsimas acusaciones que hacen que la polic\u00eda mantenga la orden de aislamiento, as\u00ed que Kalle Blomkvist tendr\u00e1 que ingeni\u00e1rselas para llegar hasta ella, ayudarla, incluso a su pesar, y hacerle saber que sigue all\u00ed, a su lado, para siempre.<\/p>\n","protected":false},"excerpt":{"rendered":"<p>Llega el desenlace de la trilog\u00eda Millennium. Los lectores que llegaron con el coraz\u00f3n en un pu\u00f1o al final de La chica que so\u00f1aba con una cerilla y un bid\u00f3n de gasolina quiz\u00e1s prefi eran no seguir leyendo estas l\u00edneas y descubrir por s\u00ed mismos c\u00f3mo sigue la serie y, sobre todo, qu\u00e9 le sucede [&hellip;]<\/p>\n","protected":false},"featured_media":6696,"template":"","meta":[],"product_brand":[],"product_cat":[25],"product_tag":[54,984,45,261],"class_list":{"0":"post-6691","1":"product","2":"type-product","3":"status-publish","4":"has-post-thumbnail","6":"product_cat-libros-digitales-ebooks","7":"product_tag-descargar-ebook","8":"product_tag-la-reina-en-el-palacio-de-las-corrientes-de-aire","9":"product_tag-mejor-novela","10":"product_tag-stieg-larsson","12":"first","13":"instock","14":"shipping-taxable","15":"purchasable","16":"product-type-variable","17":"has-default-attributes"},"_links":{"self":[{"href":"https:\/\/www.taller-palabras.com\/WordPress_04\/wp-json\/wp\/v2\/product\/6691","targetHints":{"allow":["GET"]}}],"collection":[{"href":"https:\/\/www.taller-palabras.com\/WordPress_04\/wp-json\/wp\/v2\/product"}],"about":[{"href":"https:\/\/www.taller-palabras.com\/WordPress_04\/wp-json\/wp\/v2\/types\/product"}],"wp:featuredmedia":[{"embeddable":true,"href":"https:\/\/www.taller-palabras.com\/WordPress_04\/wp-json\/wp\/v2\/media\/6696"}],"wp:attachment":[{"href":"https:\/\/www.taller-palabras.com\/WordPress_04\/wp-json\/wp\/v2\/media?parent=6691"}],"wp:term":[{"taxonomy":"product_brand","embeddable":true,"href":"https:\/\/www.taller-palabras.com\/WordPress_04\/wp-json\/wp\/v2\/product_brand?post=6691"},{"taxonomy":"product_cat","embeddable":true,"href":"https:\/\/www.taller-palabras.com\/WordPress_04\/wp-json\/wp\/v2\/product_cat?post=6691"},{"taxonomy":"product_tag","embeddable":true,"href":"https:\/\/www.taller-palabras.com\/WordPress_04\/wp-json\/wp\/v2\/product_tag?post=6691"}],"curies":[{"name":"wp","href":"https:\/\/api.w.org\/{rel}","templated":true}]}}