{"id":6704,"date":"2020-08-31T11:30:56","date_gmt":"2020-08-31T14:30:56","guid":{"rendered":"https:\/\/www.taller-palabras.com\/WordPress_04\/?post_type=product&#038;p=6704"},"modified":"2023-12-27T15:01:18","modified_gmt":"2023-12-27T18:01:18","slug":"millenium-stieg-larsson-el-hombre-que-perseguia-su-sombra-5-david-lagercrantz-ebook-copia","status":"publish","type":"product","link":"https:\/\/www.taller-palabras.com\/WordPress_04\/producto\/millenium-stieg-larsson-el-hombre-que-perseguia-su-sombra-5-david-lagercrantz-ebook-copia","title":{"rendered":"Millenium\/Stieg Larsson &#8211; El hombre que persegu\u00eda su sombra (5) &#8211; David Lagercrantz  \/ebook"},"content":{"rendered":"<figure id=\"attachment_6697\" aria-describedby=\"caption-attachment-6697\" style=\"width: 150px\" class=\"wp-caption alignleft\"><img loading=\"lazy\" decoding=\"async\" class=\"wp-image-6697 size-thumbnail\" src=\"https:\/\/www.taller-palabras.com\/WordPress_04\/wp-content\/uploads\/2023\/02\/David-Lagerkrantz-1-150x150.jpg\" alt=\"\" width=\"150\" height=\"150\" srcset=\"https:\/\/www.taller-palabras.com\/WordPress_04\/wp-content\/uploads\/2023\/02\/David-Lagerkrantz-1-150x150.jpg 150w, https:\/\/www.taller-palabras.com\/WordPress_04\/wp-content\/uploads\/2023\/02\/David-Lagerkrantz-1-100x100.jpg 100w\" sizes=\"auto, (max-width: 150px) 100vw, 150px\" \/><figcaption id=\"caption-attachment-6697\" class=\"wp-caption-text\">Autor David Lagercrantz<\/figcaption><\/figure>\n<p>Lisbeth Salander est\u00e1 cumpliendo condena en la c\u00e1rcel de Flodberga, en la que intenta a toda costa evitar cualquier tipo de conflicto con el resto de las presas. Pero en el momento en el que Lisbeth se convierte en la protectora de la joven de Bangladesh que ocupa la celda vecina, la peligrosa l\u00edder de las internas la coloca en su punto de mira. Holger Palmgren visita a Lisbeth y le explica que ha recibido una serie de documentos que contienen informaci\u00f3n relativa a los abusos que sufri\u00f3 ella en su infancia. Salander acude a Mikael Blomkvist y ambos emprenden una investigaci\u00f3n que puede sacar a la luz uno de los experimentos m\u00e1s atroces auspiciado por el Gobierno sueco en los a\u00f1os ochenta. Los indicios los llevan hasta Leo Manheimer, socio en la financiera Alfred \u00d6gren, con quien Lisbeth comparte mucho m\u00e1s de lo que creen. En El hombre que persegu\u00eda su sombra, la quinta entrega de la serie Millennium, David Lagercrantz entreteje una electrizante historia sobre el abuso de poder y las sombras que, desde ni\u00f1a, acechan a Lisbeth. Primero descubre la verdad. Despu\u00e9s, v\u00e9ngate.<\/p>\n","protected":false},"excerpt":{"rendered":"<p>Lisbeth Salander est\u00e1 cumpliendo condena en la c\u00e1rcel de Flodberga, en la que intenta a toda costa evitar cualquier tipo de conflicto con el resto de las presas. Pero en el momento en el que Lisbeth se convierte en la protectora de la joven de Bangladesh que ocupa la celda vecina, la peligrosa l\u00edder de [&hellip;]<\/p>\n","protected":false},"featured_media":6709,"template":"","meta":[],"product_brand":[],"product_cat":[25],"product_tag":[987,54,986,45],"class_list":{"0":"post-6704","1":"product","2":"type-product","3":"status-publish","4":"has-post-thumbnail","6":"product_cat-libros-digitales-ebooks","7":"product_tag-david-lagercrantz","8":"product_tag-descargar-ebook","9":"product_tag-lo-que-no-te-mata-te-hace-mas-fuerte","10":"product_tag-mejor-novela","12":"first","13":"instock","14":"shipping-taxable","15":"purchasable","16":"product-type-variable","17":"has-default-attributes"},"_links":{"self":[{"href":"https:\/\/www.taller-palabras.com\/WordPress_04\/wp-json\/wp\/v2\/product\/6704","targetHints":{"allow":["GET"]}}],"collection":[{"href":"https:\/\/www.taller-palabras.com\/WordPress_04\/wp-json\/wp\/v2\/product"}],"about":[{"href":"https:\/\/www.taller-palabras.com\/WordPress_04\/wp-json\/wp\/v2\/types\/product"}],"wp:featuredmedia":[{"embeddable":true,"href":"https:\/\/www.taller-palabras.com\/WordPress_04\/wp-json\/wp\/v2\/media\/6709"}],"wp:attachment":[{"href":"https:\/\/www.taller-palabras.com\/WordPress_04\/wp-json\/wp\/v2\/media?parent=6704"}],"wp:term":[{"taxonomy":"product_brand","embeddable":true,"href":"https:\/\/www.taller-palabras.com\/WordPress_04\/wp-json\/wp\/v2\/product_brand?post=6704"},{"taxonomy":"product_cat","embeddable":true,"href":"https:\/\/www.taller-palabras.com\/WordPress_04\/wp-json\/wp\/v2\/product_cat?post=6704"},{"taxonomy":"product_tag","embeddable":true,"href":"https:\/\/www.taller-palabras.com\/WordPress_04\/wp-json\/wp\/v2\/product_tag?post=6704"}],"curies":[{"name":"wp","href":"https:\/\/api.w.org\/{rel}","templated":true}]}}