{"id":6727,"date":"2022-04-16T14:30:19","date_gmt":"2022-04-16T17:30:19","guid":{"rendered":"https:\/\/www.taller-palabras.com\/WordPress_04\/?post_type=product&#038;p=6727"},"modified":"2024-07-01T13:57:08","modified_gmt":"2024-07-01T16:57:08","slug":"la-carta-olvidada-lucinda-riley-ebook","status":"publish","type":"product","link":"https:\/\/www.taller-palabras.com\/WordPress_04\/producto\/la-carta-olvidada-lucinda-riley-ebook","title":{"rendered":"La carta olvidada &#8211; Lucinda Riley \/ebook"},"content":{"rendered":"<figure id=\"attachment_5506\" aria-describedby=\"caption-attachment-5506\" style=\"width: 150px\" class=\"wp-caption alignleft\"><img loading=\"lazy\" decoding=\"async\" class=\"wp-image-5506 size-thumbnail\" src=\"https:\/\/www.taller-palabras.com\/WordPress_04\/wp-content\/uploads\/2022\/04\/Lucinda-Ridley-150x150.jpg\" alt=\"\" width=\"150\" height=\"150\" srcset=\"https:\/\/www.taller-palabras.com\/WordPress_04\/wp-content\/uploads\/2022\/04\/Lucinda-Ridley-150x150.jpg 150w, https:\/\/www.taller-palabras.com\/WordPress_04\/wp-content\/uploads\/2022\/04\/Lucinda-Ridley-100x100.jpg 100w\" sizes=\"auto, (max-width: 150px) 100vw, 150px\" \/><figcaption id=\"caption-attachment-5506\" class=\"wp-caption-text\">Autora Lucinda Riley<\/figcaption><\/figure>\n<p>Los secretos son peligrosos. Londres, 1995. Cuando sir James Harrison, uno de los grandes actores de su generaci\u00f3n, muere a los noventa y cinco a\u00f1os, deja una familia rota y un secreto asombroso que podr\u00eda poner en peligro a la clase dirigente inglesa. Johanna Haslam, la joven y ambiciosa periodista encargada de cubrir el funeral, al que asiste la flor y nata de la sociedad londinense, se aleja del \u00abglamour\u00bb del evento y descubre algo que los dem\u00e1s parecen no haber notado: una carta que el actor ha dejado y cuyo contenido ha permanecido oculto durante setenta a\u00f1os. Johanna intenta desvelar el misterio, pero se encuentra con la firme oposici\u00f3n de las personas interesadas en que nada cambie. Una novela llena de secretos, mentiras y giros inolvidables de la autora superventas internacional Lucinda Riley.<\/p>\n","protected":false},"excerpt":{"rendered":"<p>Los secretos son peligrosos. Londres, 1995. Cuando sir James Harrison, uno de los grandes actores de su generaci\u00f3n, muere a los noventa y cinco a\u00f1os, deja una familia rota y un secreto asombroso que podr\u00eda poner en peligro a la clase dirigente inglesa. Johanna Haslam, la joven y ambiciosa periodista encargada de cubrir el funeral, [&hellip;]<\/p>\n","protected":false},"featured_media":6731,"template":"","meta":[],"product_brand":[],"product_cat":[25],"product_tag":[54,992,762,45],"class_list":{"0":"post-6727","1":"product","2":"type-product","3":"status-publish","4":"has-post-thumbnail","6":"product_cat-libros-digitales-ebooks","7":"product_tag-descargar-ebook","8":"product_tag-la-carta-olvidada","9":"product_tag-lucinda-riley","10":"product_tag-mejor-novela","12":"first","13":"instock","14":"shipping-taxable","15":"purchasable","16":"product-type-variable","17":"has-default-attributes"},"_links":{"self":[{"href":"https:\/\/www.taller-palabras.com\/WordPress_04\/wp-json\/wp\/v2\/product\/6727","targetHints":{"allow":["GET"]}}],"collection":[{"href":"https:\/\/www.taller-palabras.com\/WordPress_04\/wp-json\/wp\/v2\/product"}],"about":[{"href":"https:\/\/www.taller-palabras.com\/WordPress_04\/wp-json\/wp\/v2\/types\/product"}],"wp:featuredmedia":[{"embeddable":true,"href":"https:\/\/www.taller-palabras.com\/WordPress_04\/wp-json\/wp\/v2\/media\/6731"}],"wp:attachment":[{"href":"https:\/\/www.taller-palabras.com\/WordPress_04\/wp-json\/wp\/v2\/media?parent=6727"}],"wp:term":[{"taxonomy":"product_brand","embeddable":true,"href":"https:\/\/www.taller-palabras.com\/WordPress_04\/wp-json\/wp\/v2\/product_brand?post=6727"},{"taxonomy":"product_cat","embeddable":true,"href":"https:\/\/www.taller-palabras.com\/WordPress_04\/wp-json\/wp\/v2\/product_cat?post=6727"},{"taxonomy":"product_tag","embeddable":true,"href":"https:\/\/www.taller-palabras.com\/WordPress_04\/wp-json\/wp\/v2\/product_tag?post=6727"}],"curies":[{"name":"wp","href":"https:\/\/api.w.org\/{rel}","templated":true}]}}