{"id":6734,"date":"2023-02-21T10:59:39","date_gmt":"2023-02-21T13:59:39","guid":{"rendered":"https:\/\/www.taller-palabras.com\/WordPress_04\/?post_type=product&#038;p=6734"},"modified":"2024-11-09T10:43:18","modified_gmt":"2024-11-09T13:43:18","slug":"en-el-cafe-de-la-juventud-perdida-patrick-modiano-ebook","status":"publish","type":"product","link":"https:\/\/www.taller-palabras.com\/WordPress_04\/producto\/en-el-cafe-de-la-juventud-perdida-patrick-modiano-ebook","title":{"rendered":"En el caf\u00e9 de la juventud perdida &#8211; Patrick Modiano \/ebook"},"content":{"rendered":"<figure id=\"attachment_6738\" aria-describedby=\"caption-attachment-6738\" style=\"width: 150px\" class=\"wp-caption alignleft\"><img loading=\"lazy\" decoding=\"async\" class=\"wp-image-6738 size-thumbnail\" src=\"https:\/\/www.taller-palabras.com\/WordPress_04\/wp-content\/uploads\/2023\/02\/Patrick-Modiano-150x150.jpg\" alt=\"\" width=\"150\" height=\"150\" srcset=\"https:\/\/www.taller-palabras.com\/WordPress_04\/wp-content\/uploads\/2023\/02\/Patrick-Modiano-150x150.jpg 150w, https:\/\/www.taller-palabras.com\/WordPress_04\/wp-content\/uploads\/2023\/02\/Patrick-Modiano-100x100.jpg 100w\" sizes=\"auto, (max-width: 150px) 100vw, 150px\" \/><figcaption id=\"caption-attachment-6738\" class=\"wp-caption-text\">Autor Patrick Modiano<\/figcaption><\/figure>\n<p>Par\u00eds, a\u00f1os 60. En el caf\u00e9 Cond\u00e9 se re\u00fanen poetas malditos, futuros situacionistas y estudiantes. Y aunque la nostalgia de aquellos a\u00f1os perdidos parecer\u00eda ser el tema central de la novela, Modiano le da un giro sorprendente. Porque e En el caf\u00e9 de la juventud perdida es tambi\u00e9n una novela de misterio: todos los personajes y las historias confluyen en la enigm\u00e1tica Louki. Cuatro hombres nos cuentan sus encuentros y desencuentros con la hija de una trabajadora del Moulin-Rouge. Para casi todos ellos la chica encarna el inalcanzable objeto del deseo. Louki, como todos sus compa\u00f1eros de vagabundeo por un Par\u00eds espectral, es un personaje sin ra\u00edces, que se inventa identidades y lucha por construir un presente perpetuo. Modiano recrea alrededor de la fascinante y conmovedora figura de Louki el Par\u00eds de su juventud, al mismo tiempo que construye una hermos\u00edsima novela sobre el poder de la memoria y la b\u00fasqueda de la identidad.<\/p>\n<p>&nbsp;<\/p>\n","protected":false},"excerpt":{"rendered":"<p>Par\u00eds, a\u00f1os 60. En el caf\u00e9 Cond\u00e9 se re\u00fanen poetas malditos, futuros situacionistas y estudiantes. Y aunque la nostalgia de aquellos a\u00f1os perdidos parecer\u00eda ser el tema central de la novela, Modiano le da un giro sorprendente. Porque e En el caf\u00e9 de la juventud perdida es tambi\u00e9n una novela de misterio: todos los personajes [&hellip;]<\/p>\n","protected":false},"featured_media":6737,"template":"","meta":[],"product_brand":[],"product_cat":[25],"product_tag":[54,994,993],"class_list":{"0":"post-6734","1":"product","2":"type-product","3":"status-publish","4":"has-post-thumbnail","6":"product_cat-libros-digitales-ebooks","7":"product_tag-descargar-ebook","8":"product_tag-en-el-cafe-de-la-juventud-perdida","9":"product_tag-patrick-modiano","11":"first","12":"instock","13":"shipping-taxable","14":"purchasable","15":"product-type-variable","16":"has-default-attributes"},"_links":{"self":[{"href":"https:\/\/www.taller-palabras.com\/WordPress_04\/wp-json\/wp\/v2\/product\/6734","targetHints":{"allow":["GET"]}}],"collection":[{"href":"https:\/\/www.taller-palabras.com\/WordPress_04\/wp-json\/wp\/v2\/product"}],"about":[{"href":"https:\/\/www.taller-palabras.com\/WordPress_04\/wp-json\/wp\/v2\/types\/product"}],"wp:featuredmedia":[{"embeddable":true,"href":"https:\/\/www.taller-palabras.com\/WordPress_04\/wp-json\/wp\/v2\/media\/6737"}],"wp:attachment":[{"href":"https:\/\/www.taller-palabras.com\/WordPress_04\/wp-json\/wp\/v2\/media?parent=6734"}],"wp:term":[{"taxonomy":"product_brand","embeddable":true,"href":"https:\/\/www.taller-palabras.com\/WordPress_04\/wp-json\/wp\/v2\/product_brand?post=6734"},{"taxonomy":"product_cat","embeddable":true,"href":"https:\/\/www.taller-palabras.com\/WordPress_04\/wp-json\/wp\/v2\/product_cat?post=6734"},{"taxonomy":"product_tag","embeddable":true,"href":"https:\/\/www.taller-palabras.com\/WordPress_04\/wp-json\/wp\/v2\/product_tag?post=6734"}],"curies":[{"name":"wp","href":"https:\/\/api.w.org\/{rel}","templated":true}]}}