{"id":6741,"date":"2021-01-12T09:00:54","date_gmt":"2021-01-12T12:00:54","guid":{"rendered":"https:\/\/www.taller-palabras.com\/WordPress_04\/?post_type=product&#038;p=6741"},"modified":"2024-01-27T11:07:29","modified_gmt":"2024-01-27T14:07:29","slug":"mil-soles-esplendidos-khaled-hossein-ebook","status":"publish","type":"product","link":"https:\/\/www.taller-palabras.com\/WordPress_04\/producto\/mil-soles-esplendidos-khaled-hossein-ebook","title":{"rendered":"Mil soles esplendidos &#8211; Khaled Hosseini \/ebook"},"content":{"rendered":"<figure id=\"attachment_2958\" aria-describedby=\"caption-attachment-2958\" style=\"width: 150px\" class=\"wp-caption alignleft\"><img loading=\"lazy\" decoding=\"async\" class=\"wp-image-2958 size-thumbnail\" src=\"https:\/\/www.taller-palabras.com\/WordPress_04\/wp-content\/uploads\/2021\/01\/Khaled_Hosseinir-150x150.jpg\" alt=\"\" width=\"150\" height=\"150\" srcset=\"https:\/\/www.taller-palabras.com\/WordPress_04\/wp-content\/uploads\/2021\/01\/Khaled_Hosseinir-150x150.jpg 150w, https:\/\/www.taller-palabras.com\/WordPress_04\/wp-content\/uploads\/2021\/01\/Khaled_Hosseinir-100x100.jpg 100w\" sizes=\"auto, (max-width: 150px) 100vw, 150px\" \/><figcaption id=\"caption-attachment-2958\" class=\"wp-caption-text\">Autor Khaled Hosseini<\/figcaption><\/figure>\n<p>Hija ileg\u00edtima de un rico hombre de negocios, Mariam se cr\u00eda con su madre en una modesta vivienda a las afueras de Herat. A los quince a\u00f1os, su vida cambia dr\u00e1sticamente cuando su padre la env\u00eda a Kabul a casarse con Rashid, un hosco zapatero treinta a\u00f1os mayor que ella. Casi dos d\u00e9cadas m\u00e1s tarde, Rashid encuentra en las calles de Kabul a Laila, una joven de quince a\u00f1os sin hogar. Cuando el zapatero le ofrece cobijo en su casa, que deber\u00e1 compartir con Mariam, entre las dos mujeres se inicia una relaci\u00f3n que acabar\u00e1 siendo tan profunda como la de dos hermanas, tan fuerte como la de madre e hija. Pese a la diferencia de edad y las distintas experiencias que la vida les ha deparado, la necesidad de afrontar las terribles circunstancias que las rodean \u2014tanto de puertas adentro como en la calle, donde la violencia pol\u00edtica asola el pa\u00eds\u2014, har\u00e1 que Mariam y Laila vayan forjando un v\u00ednculo indestructible que les otorgar\u00e1 la fuerza necesaria para superar el miedo y dar cabida a la esperanza.<\/p>\n","protected":false},"excerpt":{"rendered":"<p>Hija ileg\u00edtima de un rico hombre de negocios, Mariam se cr\u00eda con su madre en una modesta vivienda a las afueras de Herat. A los quince a\u00f1os, su vida cambia dr\u00e1sticamente cuando su padre la env\u00eda a Kabul a casarse con Rashid, un hosco zapatero treinta a\u00f1os mayor que ella. Casi dos d\u00e9cadas m\u00e1s tarde, [&hellip;]<\/p>\n","protected":false},"featured_media":6745,"template":"","meta":[],"product_brand":[],"product_cat":[25],"product_tag":[54,353,225,995],"class_list":{"0":"post-6741","1":"product","2":"type-product","3":"status-publish","4":"has-post-thumbnail","6":"product_cat-libros-digitales-ebooks","7":"product_tag-descargar-ebook","8":"product_tag-khaled-hosseini","9":"product_tag-mejores-novelas","10":"product_tag-mil-soles-esplendidos","12":"first","13":"instock","14":"shipping-taxable","15":"purchasable","16":"product-type-variable","17":"has-default-attributes"},"_links":{"self":[{"href":"https:\/\/www.taller-palabras.com\/WordPress_04\/wp-json\/wp\/v2\/product\/6741","targetHints":{"allow":["GET"]}}],"collection":[{"href":"https:\/\/www.taller-palabras.com\/WordPress_04\/wp-json\/wp\/v2\/product"}],"about":[{"href":"https:\/\/www.taller-palabras.com\/WordPress_04\/wp-json\/wp\/v2\/types\/product"}],"wp:featuredmedia":[{"embeddable":true,"href":"https:\/\/www.taller-palabras.com\/WordPress_04\/wp-json\/wp\/v2\/media\/6745"}],"wp:attachment":[{"href":"https:\/\/www.taller-palabras.com\/WordPress_04\/wp-json\/wp\/v2\/media?parent=6741"}],"wp:term":[{"taxonomy":"product_brand","embeddable":true,"href":"https:\/\/www.taller-palabras.com\/WordPress_04\/wp-json\/wp\/v2\/product_brand?post=6741"},{"taxonomy":"product_cat","embeddable":true,"href":"https:\/\/www.taller-palabras.com\/WordPress_04\/wp-json\/wp\/v2\/product_cat?post=6741"},{"taxonomy":"product_tag","embeddable":true,"href":"https:\/\/www.taller-palabras.com\/WordPress_04\/wp-json\/wp\/v2\/product_tag?post=6741"}],"curies":[{"name":"wp","href":"https:\/\/api.w.org\/{rel}","templated":true}]}}