{"id":675,"date":"2019-12-09T11:28:36","date_gmt":"2019-12-09T14:28:36","guid":{"rendered":"https:\/\/www.taller-palabras.com\/WordPress_04\/?post_type=product&#038;p=675"},"modified":"2023-10-11T12:53:45","modified_gmt":"2023-10-11T15:53:45","slug":"robinson-crusoe-daniel-dufoe-ebook-copia","status":"publish","type":"product","link":"https:\/\/www.taller-palabras.com\/WordPress_04\/producto\/robinson-crusoe-daniel-dufoe-ebook-copia","title":{"rendered":"Robinson Crusoe &#8211; Daniel Defoe \/ebook"},"content":{"rendered":"<figure id=\"attachment_679\" aria-describedby=\"caption-attachment-679\" style=\"width: 150px\" class=\"wp-caption alignleft\"><img loading=\"lazy\" decoding=\"async\" class=\"wp-image-679 size-thumbnail\" src=\"https:\/\/www.taller-palabras.com\/WordPress_04\/wp-content\/uploads\/2019\/12\/autor-150x150.jpg\" alt=\"\" width=\"150\" height=\"150\" srcset=\"https:\/\/www.taller-palabras.com\/WordPress_04\/wp-content\/uploads\/2019\/12\/autor-150x150.jpg 150w, https:\/\/www.taller-palabras.com\/WordPress_04\/wp-content\/uploads\/2019\/12\/autor-100x100.jpg 100w\" sizes=\"auto, (max-width: 150px) 100vw, 150px\" \/><figcaption id=\"caption-attachment-679\" class=\"wp-caption-text\">Autor Daniel Defoe<\/figcaption><\/figure>\n<p>Despu\u00e9s de ser apresado y convertido en esclavo en \u00c1frica, como consecuencia de un naufragio, Robinson Crusoe llega a una isla deshabitada cerca de la desembocadura del r\u00edo Orinoco y se enfrenta al reto de crear un nuevo modo de vida, partiendo de cero. Con el tiempo, y tras ver desembarcar en la isla a varios grupos de can\u00edbales, libera al que iba a ser una de las v\u00edctimas, Viernes, y encuentra as\u00ed compa\u00f1\u00eda. Entre los dos, adem\u00e1s de ampliar las plantaciones de la isla, consiguen liberar a algunas otras v\u00edctimas, entre ellas a varios espa\u00f1oles que tambi\u00e9n hab\u00edan naufragado.<\/p>\n<p>Tomando como punto de partida las experiencias reales del marinero espa\u00f1ol Pedro Serrano (siglo XVI) y la del escoc\u00e9s Alexander Selkirk (s. XVIII), Daniel Defoe cre\u00f3 una ambiciosa obra que no es s\u00f3lo una apasionante novela de aventuras, sino tambi\u00e9n una obra que se plantea con agudeza diversas cuestiones de car\u00e1cter social, pol\u00edtico y filos\u00f3fico, que han dado a su vez pie a que se la ponga como ejemplo en las m\u00e1s diversas disciplinas (econom\u00eda, sociolog\u00eda, \u00e9tica, etc.).<\/p>\n<p>Hasta ahora, curiosamente, no exist\u00eda una versi\u00f3n \u00edntegra y fiel a la primera edici\u00f3n de Robinson Crusoe en espa\u00f1ol, pues al haber desde poco despu\u00e9s de su publicaci\u00f3n diversas versiones abreviadas y simplificadas de la novela, tradicionalmente se hab\u00edan tomado estas como punto de partida para traducirla, incluso cuando tal tarea corr\u00eda a cargo de alguien tan prestigioso como Julio Cort\u00e1zar. Al volver a la versi\u00f3n original aflora mucho m\u00e1s que la c\u00e9lebre novela de aventuras, pues buena parte de lo que sol\u00eda eliminarse eran las reflexiones y la exposici\u00f3n de ideas que, en el mundo anglosaj\u00f3n, tan productivas fueron y dieron pie a interesantes interpretaciones de intelectuales tan distintos como Joyce, Marx, Poe o Coetzee. El excelente trabajo del prestigioso escritor Enrique de H\u00e9riz nos devuelve la integridad de una obra que ha permanecido durante d\u00e9cadas oculta al lector en lengua espa\u00f1ola.<\/p>\n","protected":false},"excerpt":{"rendered":"<p>Despu\u00e9s de ser apresado y convertido en esclavo en \u00c1frica, como consecuencia de un naufragio, Robinson Crusoe llega a una isla deshabitada cerca de la desembocadura del r\u00edo Orinoco y se enfrenta al reto de crear un nuevo modo de vida, partiendo de cero. Con el tiempo, y tras ver desembarcar en la isla a [&hellip;]<\/p>\n","protected":false},"featured_media":681,"template":"","meta":[],"product_brand":[],"product_cat":[25],"product_tag":[195,136,55,194],"class_list":{"0":"post-675","1":"product","2":"type-product","3":"status-publish","4":"has-post-thumbnail","6":"product_cat-libros-digitales-ebooks","7":"product_tag-daniel-defoe","8":"product_tag-decargar-ebook","9":"product_tag-novelas","10":"product_tag-robinson-crusoe","12":"first","13":"instock","14":"shipping-taxable","15":"purchasable","16":"product-type-variable","17":"has-default-attributes"},"_links":{"self":[{"href":"https:\/\/www.taller-palabras.com\/WordPress_04\/wp-json\/wp\/v2\/product\/675","targetHints":{"allow":["GET"]}}],"collection":[{"href":"https:\/\/www.taller-palabras.com\/WordPress_04\/wp-json\/wp\/v2\/product"}],"about":[{"href":"https:\/\/www.taller-palabras.com\/WordPress_04\/wp-json\/wp\/v2\/types\/product"}],"wp:featuredmedia":[{"embeddable":true,"href":"https:\/\/www.taller-palabras.com\/WordPress_04\/wp-json\/wp\/v2\/media\/681"}],"wp:attachment":[{"href":"https:\/\/www.taller-palabras.com\/WordPress_04\/wp-json\/wp\/v2\/media?parent=675"}],"wp:term":[{"taxonomy":"product_brand","embeddable":true,"href":"https:\/\/www.taller-palabras.com\/WordPress_04\/wp-json\/wp\/v2\/product_brand?post=675"},{"taxonomy":"product_cat","embeddable":true,"href":"https:\/\/www.taller-palabras.com\/WordPress_04\/wp-json\/wp\/v2\/product_cat?post=675"},{"taxonomy":"product_tag","embeddable":true,"href":"https:\/\/www.taller-palabras.com\/WordPress_04\/wp-json\/wp\/v2\/product_tag?post=675"}],"curies":[{"name":"wp","href":"https:\/\/api.w.org\/{rel}","templated":true}]}}