{"id":6755,"date":"2023-03-04T11:47:13","date_gmt":"2023-03-04T14:47:13","guid":{"rendered":"https:\/\/www.taller-palabras.com\/WordPress_04\/?post_type=product&#038;p=6755"},"modified":"2024-11-10T11:17:16","modified_gmt":"2024-11-10T14:17:16","slug":"intocable-philippe-pozzo-di-borgo-ebook","status":"publish","type":"product","link":"https:\/\/www.taller-palabras.com\/WordPress_04\/producto\/intocable-philippe-pozzo-di-borgo-ebook","title":{"rendered":"Intocable &#8211; Philippe Pozzo di Borgo \/ebook"},"content":{"rendered":"<figure id=\"attachment_6754\" aria-describedby=\"caption-attachment-6754\" style=\"width: 150px\" class=\"wp-caption alignleft\"><img loading=\"lazy\" decoding=\"async\" class=\"wp-image-6754 size-thumbnail\" src=\"https:\/\/www.taller-palabras.com\/WordPress_04\/wp-content\/uploads\/2023\/03\/Philippe-Pozzo-di-Borgo-150x150.png\" alt=\"\" width=\"150\" height=\"150\" srcset=\"https:\/\/www.taller-palabras.com\/WordPress_04\/wp-content\/uploads\/2023\/03\/Philippe-Pozzo-di-Borgo-150x150.png 150w, https:\/\/www.taller-palabras.com\/WordPress_04\/wp-content\/uploads\/2023\/03\/Philippe-Pozzo-di-Borgo-100x100.png 100w\" sizes=\"auto, (max-width: 150px) 100vw, 150px\" \/><figcaption id=\"caption-attachment-6754\" class=\"wp-caption-text\">Autor Philippe Pozzo di Borgo<\/figcaption><\/figure>\n<p>Una conmovedora y divertida historia ver\u00eddica sobre dos hombres que no se habr\u00edan conocido en circunstancias normales: un arist\u00f3crata tetrapl\u00e9jico tras un accidente de parapente y un joven senegal\u00e9s de los suburbios que se convierte en su cuidador.<br \/>\nEn otras palabras, la historia de dos \u201cintocables\u201d: uno por su discapacidad y el otro por su condici\u00f3n social.<br \/>\nLa historia de Philippe Pozzo di Borgo ha inspirado la pel\u00edcula Intocable de Eric Tol\u00e9dano y Olivier Nakache, que ha alcanzado una cifra extraordinaria de espectadores en las salas francesas.<br \/>\nEn palabras del autor en el pr\u00f3logo: \u00abQuer\u00eda escribir un libro que no fuese un simple entretenimiento. No quer\u00eda hacer un retrato \u201crealista\u201d de la desventura, con su dosis de resentimientos y de buenos sentimientos que rayan en la condescendencia. Y tampoco de optimismo obligatorio, mentira irrisoria. Estos veinte a\u00f1os de proximidad con el mundo de los excluidos han agudizado mi visi\u00f3n de la sociedad y sus males, y me incitan a compartir algunos remedios que se me han vuelto evidentes.<br \/>\nGracias al diablo de la guarda \u2014alias Abdel\u2014 recupero el humor que pose\u00eda antes de los dramas. La pel\u00edcula Intocable se desarrolla con un tempo de ligereza y carcajadas; conservo cierta gravedad irreductible.<\/p>\n<p>&nbsp;<\/p>\n","protected":false},"excerpt":{"rendered":"<p>Una conmovedora y divertida historia ver\u00eddica sobre dos hombres que no se habr\u00edan conocido en circunstancias normales: un arist\u00f3crata tetrapl\u00e9jico tras un accidente de parapente y un joven senegal\u00e9s de los suburbios que se convierte en su cuidador. En otras palabras, la historia de dos \u201cintocables\u201d: uno por su discapacidad y el otro por su [&hellip;]<\/p>\n","protected":false},"featured_media":6753,"template":"","meta":[],"product_brand":[],"product_cat":[25],"product_tag":[54,997,45,996],"class_list":{"0":"post-6755","1":"product","2":"type-product","3":"status-publish","4":"has-post-thumbnail","6":"product_cat-libros-digitales-ebooks","7":"product_tag-descargar-ebook","8":"product_tag-intocable","9":"product_tag-mejor-novela","10":"product_tag-philippe-pozzo-di-borgo","12":"first","13":"instock","14":"shipping-taxable","15":"purchasable","16":"product-type-variable","17":"has-default-attributes"},"_links":{"self":[{"href":"https:\/\/www.taller-palabras.com\/WordPress_04\/wp-json\/wp\/v2\/product\/6755","targetHints":{"allow":["GET"]}}],"collection":[{"href":"https:\/\/www.taller-palabras.com\/WordPress_04\/wp-json\/wp\/v2\/product"}],"about":[{"href":"https:\/\/www.taller-palabras.com\/WordPress_04\/wp-json\/wp\/v2\/types\/product"}],"wp:featuredmedia":[{"embeddable":true,"href":"https:\/\/www.taller-palabras.com\/WordPress_04\/wp-json\/wp\/v2\/media\/6753"}],"wp:attachment":[{"href":"https:\/\/www.taller-palabras.com\/WordPress_04\/wp-json\/wp\/v2\/media?parent=6755"}],"wp:term":[{"taxonomy":"product_brand","embeddable":true,"href":"https:\/\/www.taller-palabras.com\/WordPress_04\/wp-json\/wp\/v2\/product_brand?post=6755"},{"taxonomy":"product_cat","embeddable":true,"href":"https:\/\/www.taller-palabras.com\/WordPress_04\/wp-json\/wp\/v2\/product_cat?post=6755"},{"taxonomy":"product_tag","embeddable":true,"href":"https:\/\/www.taller-palabras.com\/WordPress_04\/wp-json\/wp\/v2\/product_tag?post=6755"}],"curies":[{"name":"wp","href":"https:\/\/api.w.org\/{rel}","templated":true}]}}