{"id":6777,"date":"2019-12-09T15:30:17","date_gmt":"2019-12-09T18:30:17","guid":{"rendered":"https:\/\/www.taller-palabras.com\/WordPress_04\/?post_type=product&#038;p=6777"},"modified":"2023-10-12T12:31:21","modified_gmt":"2023-10-12T15:31:21","slug":"etica-para-amador-fernando-savater-ebook","status":"publish","type":"product","link":"https:\/\/www.taller-palabras.com\/WordPress_04\/producto\/etica-para-amador-fernando-savater-ebook","title":{"rendered":"\u00c9tica para Amador &#8211; Fernando Savater \/ebook"},"content":{"rendered":"<figure id=\"attachment_718\" aria-describedby=\"caption-attachment-718\" style=\"width: 150px\" class=\"wp-caption alignleft\"><img loading=\"lazy\" decoding=\"async\" class=\"wp-image-718 size-thumbnail\" src=\"https:\/\/www.taller-palabras.com\/WordPress_04\/wp-content\/uploads\/2019\/12\/fernando-savater-150x150.jpg\" alt=\"\" width=\"150\" height=\"150\" srcset=\"https:\/\/www.taller-palabras.com\/WordPress_04\/wp-content\/uploads\/2019\/12\/fernando-savater-150x150.jpg 150w, https:\/\/www.taller-palabras.com\/WordPress_04\/wp-content\/uploads\/2019\/12\/fernando-savater-324x324.jpg 324w, https:\/\/www.taller-palabras.com\/WordPress_04\/wp-content\/uploads\/2019\/12\/fernando-savater-100x100.jpg 100w\" sizes=\"auto, (max-width: 150px) 100vw, 150px\" \/><figcaption id=\"caption-attachment-718\" class=\"wp-caption-text\">Autor Fernando Savater<\/figcaption><\/figure>\n<p>Es el mejor manual de \u00e9tica para la juventud. Lo avalan las treinta lenguas a que est\u00e1 traducido y los m\u00e1s de 40 pa\u00edses registrados que lo han adoptado como esencial para la educaci\u00f3n. Un cl\u00e1sico indiscutible.<\/p>\n","protected":false},"excerpt":{"rendered":"<p>Es el mejor manual de \u00e9tica para la juventud. Lo avalan las treinta lenguas a que est\u00e1 traducido y los m\u00e1s de 40 pa\u00edses registrados que lo han adoptado como esencial para la educaci\u00f3n. Un cl\u00e1sico indiscutible.<\/p>\n","protected":false},"featured_media":6774,"template":"","meta":[],"product_brand":[],"product_cat":[25],"product_tag":[136,1004,189,55],"class_list":{"0":"post-6777","1":"product","2":"type-product","3":"status-publish","4":"has-post-thumbnail","6":"product_cat-libros-digitales-ebooks","7":"product_tag-decargar-ebook","8":"product_tag-etica-para-amador","9":"product_tag-fernando-savater","10":"product_tag-novelas","12":"first","13":"instock","14":"shipping-taxable","15":"purchasable","16":"product-type-variable","17":"has-default-attributes"},"_links":{"self":[{"href":"https:\/\/www.taller-palabras.com\/WordPress_04\/wp-json\/wp\/v2\/product\/6777","targetHints":{"allow":["GET"]}}],"collection":[{"href":"https:\/\/www.taller-palabras.com\/WordPress_04\/wp-json\/wp\/v2\/product"}],"about":[{"href":"https:\/\/www.taller-palabras.com\/WordPress_04\/wp-json\/wp\/v2\/types\/product"}],"wp:featuredmedia":[{"embeddable":true,"href":"https:\/\/www.taller-palabras.com\/WordPress_04\/wp-json\/wp\/v2\/media\/6774"}],"wp:attachment":[{"href":"https:\/\/www.taller-palabras.com\/WordPress_04\/wp-json\/wp\/v2\/media?parent=6777"}],"wp:term":[{"taxonomy":"product_brand","embeddable":true,"href":"https:\/\/www.taller-palabras.com\/WordPress_04\/wp-json\/wp\/v2\/product_brand?post=6777"},{"taxonomy":"product_cat","embeddable":true,"href":"https:\/\/www.taller-palabras.com\/WordPress_04\/wp-json\/wp\/v2\/product_cat?post=6777"},{"taxonomy":"product_tag","embeddable":true,"href":"https:\/\/www.taller-palabras.com\/WordPress_04\/wp-json\/wp\/v2\/product_tag?post=6777"}],"curies":[{"name":"wp","href":"https:\/\/api.w.org\/{rel}","templated":true}]}}