{"id":6784,"date":"2020-01-16T14:18:51","date_gmt":"2020-01-16T17:18:51","guid":{"rendered":"https:\/\/www.taller-palabras.com\/WordPress_04\/?post_type=product&#038;p=6784"},"modified":"2025-02-07T14:03:38","modified_gmt":"2025-02-07T17:03:38","slug":"las-cronicas-de-narnia-la-coleccion-completa-c-s-lewis-ebook","status":"publish","type":"product","link":"https:\/\/www.taller-palabras.com\/WordPress_04\/producto\/las-cronicas-de-narnia-la-coleccion-completa-c-s-lewis-ebook","title":{"rendered":"Las cr\u00f3nicas de Narnia &#8211; La colecci\u00f3n completa &#8211; C. S. Lewis  \/ebook"},"content":{"rendered":"<figure id=\"attachment_844\" aria-describedby=\"caption-attachment-844\" style=\"width: 150px\" class=\"wp-caption alignleft\"><img loading=\"lazy\" decoding=\"async\" class=\"wp-image-844 size-thumbnail\" src=\"https:\/\/www.taller-palabras.com\/WordPress_04\/wp-content\/uploads\/2020\/01\/CSLewis-150x150.jpg\" alt=\"\" width=\"150\" height=\"150\" srcset=\"https:\/\/www.taller-palabras.com\/WordPress_04\/wp-content\/uploads\/2020\/01\/CSLewis-150x150.jpg 150w, https:\/\/www.taller-palabras.com\/WordPress_04\/wp-content\/uploads\/2020\/01\/CSLewis-100x100.jpg 100w, https:\/\/www.taller-palabras.com\/WordPress_04\/wp-content\/uploads\/2020\/01\/CSLewis.jpg 200w\" sizes=\"auto, (max-width: 150px) 100vw, 150px\" \/><figcaption id=\"caption-attachment-844\" class=\"wp-caption-text\">Autor C.S. Lewis<\/figcaption><\/figure>\n<p>Con este libro se entrega la colecci\u00f3n completa de Las cr\u00f3nicas de Narnia que es una heptalog\u00eda (7) de libros infantiles escrita por el escritor y profesor anglo-irland\u00e9s C. S. Lewis entre 1949 y 1954. Relata las aventuras en Narnia, tierra de fantas\u00eda y magia creada por el autor, y poblada por animales parlantes y otras criaturas mitol\u00f3gicas que se ven envueltas en la eterna lucha entre el bien y el mal. Aslan, un legendario le\u00f3n creador del pa\u00eds de Narnia, se constituye como el aut\u00e9ntico protagonista de todos los relatos (si bien los cuatro hermanos Pevensie: Peter, Susan, Lucy y Edmund, aunque ausentes directamente en dos t\u00edtulos, sirven de hilo conductor). La saga es considerada un cl\u00e1sico de la literatura infantil, y es el trabajo m\u00e1s conocido del autor, habiendo vendido m\u00e1s de 100 millones de ejemplares, y siendo traducida a m\u00e1s de 41 idiomas. Las Cr\u00f3nicas de Narnia se han adaptado varias veces, completa o en parte, por la radio, la televisi\u00f3n, el cine y el teatro. Adem\u00e1s de numerosos temas cristianos tradicionales, la serie toma los personajes y las ideas de la mitolog\u00eda griega y la mitolog\u00eda romana, as\u00ed como de los cuentos de hadas tradicionales brit\u00e1nicos e irlandeses.<\/p>\n","protected":false},"excerpt":{"rendered":"<p>Con este libro se entrega la colecci\u00f3n completa de Las cr\u00f3nicas de Narnia que es una heptalog\u00eda (7) de libros infantiles escrita por el escritor y profesor anglo-irland\u00e9s C. S. Lewis entre 1949 y 1954. Relata las aventuras en Narnia, tierra de fantas\u00eda y magia creada por el autor, y poblada por animales parlantes y [&hellip;]<\/p>\n","protected":false},"featured_media":6788,"template":"","meta":[],"product_brand":[],"product_cat":[25],"product_tag":[168,136,1005,55],"class_list":{"0":"post-6784","1":"product","2":"type-product","3":"status-publish","4":"has-post-thumbnail","6":"product_cat-libros-digitales-ebooks","7":"product_tag-c-s-lewis","8":"product_tag-decargar-ebook","9":"product_tag-las-cronicas-de-narnia","10":"product_tag-novelas","12":"first","13":"instock","14":"shipping-taxable","15":"purchasable","16":"product-type-variable","17":"has-default-attributes"},"_links":{"self":[{"href":"https:\/\/www.taller-palabras.com\/WordPress_04\/wp-json\/wp\/v2\/product\/6784","targetHints":{"allow":["GET"]}}],"collection":[{"href":"https:\/\/www.taller-palabras.com\/WordPress_04\/wp-json\/wp\/v2\/product"}],"about":[{"href":"https:\/\/www.taller-palabras.com\/WordPress_04\/wp-json\/wp\/v2\/types\/product"}],"wp:featuredmedia":[{"embeddable":true,"href":"https:\/\/www.taller-palabras.com\/WordPress_04\/wp-json\/wp\/v2\/media\/6788"}],"wp:attachment":[{"href":"https:\/\/www.taller-palabras.com\/WordPress_04\/wp-json\/wp\/v2\/media?parent=6784"}],"wp:term":[{"taxonomy":"product_brand","embeddable":true,"href":"https:\/\/www.taller-palabras.com\/WordPress_04\/wp-json\/wp\/v2\/product_brand?post=6784"},{"taxonomy":"product_cat","embeddable":true,"href":"https:\/\/www.taller-palabras.com\/WordPress_04\/wp-json\/wp\/v2\/product_cat?post=6784"},{"taxonomy":"product_tag","embeddable":true,"href":"https:\/\/www.taller-palabras.com\/WordPress_04\/wp-json\/wp\/v2\/product_tag?post=6784"}],"curies":[{"name":"wp","href":"https:\/\/api.w.org\/{rel}","templated":true}]}}