{"id":6822,"date":"2023-03-26T11:22:32","date_gmt":"2023-03-26T14:22:32","guid":{"rendered":"https:\/\/www.taller-palabras.com\/WordPress_04\/?post_type=product&#038;p=6822"},"modified":"2024-11-13T17:26:08","modified_gmt":"2024-11-13T20:26:08","slug":"las-grandes-mujeres-alfonsina-storni-ebook","status":"publish","type":"product","link":"https:\/\/www.taller-palabras.com\/WordPress_04\/producto\/las-grandes-mujeres-alfonsina-storni-ebook","title":{"rendered":"Las grandes mujeres &#8211; Alfonsina Storni \/ebook"},"content":{"rendered":"<figure id=\"attachment_6820\" aria-describedby=\"caption-attachment-6820\" style=\"width: 150px\" class=\"wp-caption alignleft\"><img loading=\"lazy\" decoding=\"async\" class=\"wp-image-6820 size-thumbnail\" src=\"https:\/\/www.taller-palabras.com\/WordPress_04\/wp-content\/uploads\/2023\/03\/alfonsina_Storni-150x150.jpg\" alt=\"\" width=\"150\" height=\"150\" srcset=\"https:\/\/www.taller-palabras.com\/WordPress_04\/wp-content\/uploads\/2023\/03\/alfonsina_Storni-150x150.jpg 150w, https:\/\/www.taller-palabras.com\/WordPress_04\/wp-content\/uploads\/2023\/03\/alfonsina_Storni-300x300.jpg 300w, https:\/\/www.taller-palabras.com\/WordPress_04\/wp-content\/uploads\/2023\/03\/alfonsina_Storni-324x324.jpg 324w, https:\/\/www.taller-palabras.com\/WordPress_04\/wp-content\/uploads\/2023\/03\/alfonsina_Storni-100x100.jpg 100w, https:\/\/www.taller-palabras.com\/WordPress_04\/wp-content\/uploads\/2023\/03\/alfonsina_Storni.jpg 329w\" sizes=\"auto, (max-width: 150px) 100vw, 150px\" \/><figcaption id=\"caption-attachment-6820\" class=\"wp-caption-text\">Autora Alfonsina Storni<\/figcaption><\/figure>\n<p>Fue Alfonsina Storni una mujer fr\u00e1gil y fuerte a la vez. Su poes\u00eda es tierna y delicada, pero rocosa, como si uno tuviera que ara\u00f1arse las manos y las rodillas hasta coger esas flores y esos cardos y los besos de los que habla. Su obra es una defensa de la libertad art\u00edstica e individual y siempre busc\u00f3 la igualdad entre el hombre y la mujer. Mantuvo una estrecha relaci\u00f3n con otros poetas latinoamericanos de su \u00e9poca, como Gabriela Mistral o Juana de Ibarbourou y, especialmente, con Horacio Quiroga. El mar, que la ayud\u00f3 a decidir sobre su enfermedad, la acogi\u00f3 y desde entonces podemos imaginarla jugando con caballos marinos entre corales y algas. \u00abEn realidad, lo que le ocurre a Alfonsina Storni es lo que nos sucede a todos: \u00bfQui\u00e9n no tiene que sobrevivir y al mismo tiempo so\u00f1ar?, \u00bfqui\u00e9n no es equilibrado y a la vez hace locuras?, \u00bfqui\u00e9n no piensa en la muerte y juega con ella un poco?\u00bb<\/p>\n<p>&nbsp;<\/p>\n","protected":false},"excerpt":{"rendered":"<p>Fue Alfonsina Storni una mujer fr\u00e1gil y fuerte a la vez. Su poes\u00eda es tierna y delicada, pero rocosa, como si uno tuviera que ara\u00f1arse las manos y las rodillas hasta coger esas flores y esos cardos y los besos de los que habla. Su obra es una defensa de la libertad art\u00edstica e individual [&hellip;]<\/p>\n","protected":false},"featured_media":6821,"template":"","meta":[],"product_brand":[],"product_cat":[25],"product_tag":[1011,54,1012,45],"class_list":{"0":"post-6822","1":"product","2":"type-product","3":"status-publish","4":"has-post-thumbnail","6":"product_cat-libros-digitales-ebooks","7":"product_tag-alfonsina-storni","8":"product_tag-descargar-ebook","9":"product_tag-las-grandes-mujeres","10":"product_tag-mejor-novela","12":"first","13":"instock","14":"shipping-taxable","15":"purchasable","16":"product-type-variable","17":"has-default-attributes"},"_links":{"self":[{"href":"https:\/\/www.taller-palabras.com\/WordPress_04\/wp-json\/wp\/v2\/product\/6822","targetHints":{"allow":["GET"]}}],"collection":[{"href":"https:\/\/www.taller-palabras.com\/WordPress_04\/wp-json\/wp\/v2\/product"}],"about":[{"href":"https:\/\/www.taller-palabras.com\/WordPress_04\/wp-json\/wp\/v2\/types\/product"}],"wp:featuredmedia":[{"embeddable":true,"href":"https:\/\/www.taller-palabras.com\/WordPress_04\/wp-json\/wp\/v2\/media\/6821"}],"wp:attachment":[{"href":"https:\/\/www.taller-palabras.com\/WordPress_04\/wp-json\/wp\/v2\/media?parent=6822"}],"wp:term":[{"taxonomy":"product_brand","embeddable":true,"href":"https:\/\/www.taller-palabras.com\/WordPress_04\/wp-json\/wp\/v2\/product_brand?post=6822"},{"taxonomy":"product_cat","embeddable":true,"href":"https:\/\/www.taller-palabras.com\/WordPress_04\/wp-json\/wp\/v2\/product_cat?post=6822"},{"taxonomy":"product_tag","embeddable":true,"href":"https:\/\/www.taller-palabras.com\/WordPress_04\/wp-json\/wp\/v2\/product_tag?post=6822"}],"curies":[{"name":"wp","href":"https:\/\/api.w.org\/{rel}","templated":true}]}}