{"id":6866,"date":"2022-04-16T14:20:04","date_gmt":"2022-04-16T17:20:04","guid":{"rendered":"https:\/\/www.taller-palabras.com\/WordPress_04\/?post_type=product&#038;p=6866"},"modified":"2024-07-01T13:53:11","modified_gmt":"2024-07-01T16:53:11","slug":"el-secreto-de-helena-lucinda-riley-ebook","status":"publish","type":"product","link":"https:\/\/www.taller-palabras.com\/WordPress_04\/producto\/el-secreto-de-helena-lucinda-riley-ebook","title":{"rendered":"El secreto de Helena &#8211; Lucinda Riley \/ebook"},"content":{"rendered":"<figure id=\"attachment_5506\" aria-describedby=\"caption-attachment-5506\" style=\"width: 150px\" class=\"wp-caption alignleft\"><img loading=\"lazy\" decoding=\"async\" class=\"wp-image-5506 size-thumbnail\" src=\"https:\/\/www.taller-palabras.com\/WordPress_04\/wp-content\/uploads\/2022\/04\/Lucinda-Ridley-150x150.jpg\" alt=\"\" width=\"150\" height=\"150\" srcset=\"https:\/\/www.taller-palabras.com\/WordPress_04\/wp-content\/uploads\/2022\/04\/Lucinda-Ridley-150x150.jpg 150w, https:\/\/www.taller-palabras.com\/WordPress_04\/wp-content\/uploads\/2022\/04\/Lucinda-Ridley-100x100.jpg 100w\" sizes=\"auto, (max-width: 150px) 100vw, 150px\" \/><figcaption id=\"caption-attachment-5506\" class=\"wp-caption-text\">Autora Lucinda Riley<\/figcaption><\/figure>\n<p>Una casa m\u00e1gica. Un verano para recordar. Amor y secretos bajo el sol chipriota. Dicen que los que se alojan en Pandora se enamoran. Hace veinticuatro a\u00f1os, durante unas vacaciones m\u00e1gicas en Chipre, Helena se enamor\u00f3 por primera vez. Ahora regresa a Pandora, una casa hermosa pero en muy mal estado que su padrino le ha dejado en herencia, para pasar el verano junto a su familia. No obstante, la id\u00edlica belleza de Pandora esconde muchos secretos, secretos que durante a\u00f1os Helena ha sido capaz de ocultar a su marido, William, y a su hijo Alex, que, con solo trece a\u00f1os, se debate entre proteger a su madre o averiguar la verdad sobre su verdadero padre. El delicado equilibrio de la vida de la protagonista se rompe cuando coincide por casualidad con su antiguo amor y su pasado y su presente chocan por fin. Helena sabe que su vida y la de su familia no ser\u00e1 la misma en el momento en que los secretos de Pandora salgan a la luz.<\/p>\n","protected":false},"excerpt":{"rendered":"<p>Una casa m\u00e1gica. Un verano para recordar. Amor y secretos bajo el sol chipriota. Dicen que los que se alojan en Pandora se enamoran. Hace veinticuatro a\u00f1os, durante unas vacaciones m\u00e1gicas en Chipre, Helena se enamor\u00f3 por primera vez. Ahora regresa a Pandora, una casa hermosa pero en muy mal estado que su padrino le [&hellip;]<\/p>\n","protected":false},"featured_media":6859,"template":"","meta":[],"product_brand":[],"product_cat":[25],"product_tag":[54,1016,762,45],"class_list":{"0":"post-6866","1":"product","2":"type-product","3":"status-publish","4":"has-post-thumbnail","6":"product_cat-libros-digitales-ebooks","7":"product_tag-descargar-ebook","8":"product_tag-el-secreto-de-helena","9":"product_tag-lucinda-riley","10":"product_tag-mejor-novela","12":"first","13":"instock","14":"shipping-taxable","15":"purchasable","16":"product-type-variable","17":"has-default-attributes"},"_links":{"self":[{"href":"https:\/\/www.taller-palabras.com\/WordPress_04\/wp-json\/wp\/v2\/product\/6866","targetHints":{"allow":["GET"]}}],"collection":[{"href":"https:\/\/www.taller-palabras.com\/WordPress_04\/wp-json\/wp\/v2\/product"}],"about":[{"href":"https:\/\/www.taller-palabras.com\/WordPress_04\/wp-json\/wp\/v2\/types\/product"}],"wp:featuredmedia":[{"embeddable":true,"href":"https:\/\/www.taller-palabras.com\/WordPress_04\/wp-json\/wp\/v2\/media\/6859"}],"wp:attachment":[{"href":"https:\/\/www.taller-palabras.com\/WordPress_04\/wp-json\/wp\/v2\/media?parent=6866"}],"wp:term":[{"taxonomy":"product_brand","embeddable":true,"href":"https:\/\/www.taller-palabras.com\/WordPress_04\/wp-json\/wp\/v2\/product_brand?post=6866"},{"taxonomy":"product_cat","embeddable":true,"href":"https:\/\/www.taller-palabras.com\/WordPress_04\/wp-json\/wp\/v2\/product_cat?post=6866"},{"taxonomy":"product_tag","embeddable":true,"href":"https:\/\/www.taller-palabras.com\/WordPress_04\/wp-json\/wp\/v2\/product_tag?post=6866"}],"curies":[{"name":"wp","href":"https:\/\/api.w.org\/{rel}","templated":true}]}}