{"id":7009,"date":"2023-05-14T13:30:51","date_gmt":"2023-05-14T16:30:51","guid":{"rendered":"https:\/\/www.taller-palabras.com\/WordPress_04\/?post_type=product&#038;p=7009"},"modified":"2024-11-17T16:50:49","modified_gmt":"2024-11-17T19:50:49","slug":"los-cuatro-acuerdos-miguel-angel-ruiz-ebook","status":"publish","type":"product","link":"https:\/\/www.taller-palabras.com\/WordPress_04\/producto\/los-cuatro-acuerdos-miguel-angel-ruiz-ebook","title":{"rendered":"Los cuatro acuerdos &#8211; Miguel Angel Ru\u00edz \/ebook"},"content":{"rendered":"<figure id=\"attachment_7017\" aria-describedby=\"caption-attachment-7017\" style=\"width: 150px\" class=\"wp-caption alignleft\"><img loading=\"lazy\" decoding=\"async\" class=\"wp-image-7017 size-thumbnail\" src=\"https:\/\/www.taller-palabras.com\/WordPress_04\/wp-content\/uploads\/2023\/05\/Miguel-Ruiz-150x150.jpg\" alt=\"\" width=\"150\" height=\"150\" srcset=\"https:\/\/www.taller-palabras.com\/WordPress_04\/wp-content\/uploads\/2023\/05\/Miguel-Ruiz-150x150.jpg 150w, https:\/\/www.taller-palabras.com\/WordPress_04\/wp-content\/uploads\/2023\/05\/Miguel-Ruiz-100x100.jpg 100w, https:\/\/www.taller-palabras.com\/WordPress_04\/wp-content\/uploads\/2023\/05\/Miguel-Ruiz.jpg 225w\" sizes=\"auto, (max-width: 150px) 100vw, 150px\" \/><figcaption id=\"caption-attachment-7017\" class=\"wp-caption-text\">Autor Miguel Angel Ru\u00edz<\/figcaption><\/figure>\n<p>Una gu\u00eda pr\u00e1ctica para la libertad personal El conocimiento tolteca surge de la misma unidad esencial de la verdad de la que parten todas las tradiciones esot\u00e9ricas sagradas del mundo. Aunque no es una religi\u00f3n, respeta a todos los maestros espirituales que han ense\u00f1ado en la tierra, y si bien abraza el esp\u00edritu, resulta m\u00e1s preciso describirlo como una manera de vivir que se distingue por su f\u00e1cil acceso a la felicidad y el amor. El doctor Miguel Ruiz nos propone en este libro un sencillo procedimiento para eliminar todas aquellas creencias heredadas que nos limitan y substituirlas por otras que responden a nuestra realidad interior y nos conducen a la libertad.<\/p>\n<p>&nbsp;<\/p>\n","protected":false},"excerpt":{"rendered":"<p>Una gu\u00eda pr\u00e1ctica para la libertad personal El conocimiento tolteca surge de la misma unidad esencial de la verdad de la que parten todas las tradiciones esot\u00e9ricas sagradas del mundo. Aunque no es una religi\u00f3n, respeta a todos los maestros espirituales que han ense\u00f1ado en la tierra, y si bien abraza el esp\u00edritu, resulta m\u00e1s [&hellip;]<\/p>\n","protected":false},"featured_media":7013,"template":"","meta":[],"product_brand":[],"product_cat":[25],"product_tag":[1020,54,1019,45,1018],"class_list":{"0":"post-7009","1":"product","2":"type-product","3":"status-publish","4":"has-post-thumbnail","6":"product_cat-libros-digitales-ebooks","7":"product_tag-autoayuda","8":"product_tag-descargar-ebook","9":"product_tag-los-cuatro-acuerdos","10":"product_tag-mejor-novela","11":"product_tag-miguel-angel-ruiz","13":"first","14":"instock","15":"shipping-taxable","16":"purchasable","17":"product-type-variable","18":"has-default-attributes"},"_links":{"self":[{"href":"https:\/\/www.taller-palabras.com\/WordPress_04\/wp-json\/wp\/v2\/product\/7009","targetHints":{"allow":["GET"]}}],"collection":[{"href":"https:\/\/www.taller-palabras.com\/WordPress_04\/wp-json\/wp\/v2\/product"}],"about":[{"href":"https:\/\/www.taller-palabras.com\/WordPress_04\/wp-json\/wp\/v2\/types\/product"}],"wp:featuredmedia":[{"embeddable":true,"href":"https:\/\/www.taller-palabras.com\/WordPress_04\/wp-json\/wp\/v2\/media\/7013"}],"wp:attachment":[{"href":"https:\/\/www.taller-palabras.com\/WordPress_04\/wp-json\/wp\/v2\/media?parent=7009"}],"wp:term":[{"taxonomy":"product_brand","embeddable":true,"href":"https:\/\/www.taller-palabras.com\/WordPress_04\/wp-json\/wp\/v2\/product_brand?post=7009"},{"taxonomy":"product_cat","embeddable":true,"href":"https:\/\/www.taller-palabras.com\/WordPress_04\/wp-json\/wp\/v2\/product_cat?post=7009"},{"taxonomy":"product_tag","embeddable":true,"href":"https:\/\/www.taller-palabras.com\/WordPress_04\/wp-json\/wp\/v2\/product_tag?post=7009"}],"curies":[{"name":"wp","href":"https:\/\/api.w.org\/{rel}","templated":true}]}}