{"id":7094,"date":"2023-05-28T13:29:14","date_gmt":"2023-05-28T16:29:14","guid":{"rendered":"https:\/\/www.taller-palabras.com\/WordPress_04\/?post_type=product&#038;p=7094"},"modified":"2024-12-13T13:52:13","modified_gmt":"2024-12-13T16:52:13","slug":"somos-las-nietas-de-las-brujas-que-no-pudisteis-quemar-ame-soler-ebook","status":"publish","type":"product","link":"https:\/\/www.taller-palabras.com\/WordPress_04\/producto\/somos-las-nietas-de-las-brujas-que-no-pudisteis-quemar-ame-soler-ebook","title":{"rendered":"Somos las nietas de las brujas que no pudisteis quemar &#8211; Ame Soler \/ebook"},"content":{"rendered":"<figure id=\"attachment_7092\" aria-describedby=\"caption-attachment-7092\" style=\"width: 150px\" class=\"wp-caption alignleft\"><img loading=\"lazy\" decoding=\"async\" class=\"wp-image-7092 size-thumbnail\" src=\"https:\/\/www.taller-palabras.com\/WordPress_04\/wp-content\/uploads\/2023\/05\/Ame-Soler-150x150.jpg\" alt=\"\" width=\"150\" height=\"150\" srcset=\"https:\/\/www.taller-palabras.com\/WordPress_04\/wp-content\/uploads\/2023\/05\/Ame-Soler-150x150.jpg 150w, https:\/\/www.taller-palabras.com\/WordPress_04\/wp-content\/uploads\/2023\/05\/Ame-Soler-100x100.jpg 100w, https:\/\/www.taller-palabras.com\/WordPress_04\/wp-content\/uploads\/2023\/05\/Ame-Soler.jpg 300w\" sizes=\"auto, (max-width: 150px) 100vw, 150px\" \/><figcaption id=\"caption-attachment-7092\" class=\"wp-caption-text\">Autora Ame Soler<\/figcaption><\/figure>\n<p>El manifiesto feminista autobiogr\u00e1fico de Tres Voltes Rebel, una de las j\u00f3venes promesas de la ilustraci\u00f3n en nuestro pa\u00eds, que nos empodera y recuerda que nada podr\u00e1 con nosotras. \u00abNunca he encajado en los esquemas que la sociedad ha construido para ser una chica perfecta. Desde peque\u00f1a me despeinaba de manera asombrosamente f\u00e1cil. Recuerdo un d\u00eda que hab\u00eda jugado, corrido, saltado\u2026 Y un profesor me dijo: P\u00e9inate, pareces una bruja. Estos a\u00f1os me prepararon para la adolescencia m\u00e1s insegura y dependiente que puedas imaginar. Un sufrimiento que parec\u00eda no terminar. Hasta que descubr\u00ed el feminismo y pude dar nombre y forma a todo aquello que me oprimi\u00f3. Hasta que me un\u00ed a un grupo de luchadoras que volamos a contracorriente\u00bb. Sincero, po\u00e9tico y desgarrador, un relato en el que Tres Voltes Rebel nos da su propia visi\u00f3n del feminismo.<\/p>\n<p>&nbsp;<\/p>\n","protected":false},"excerpt":{"rendered":"<p>El manifiesto feminista autobiogr\u00e1fico de Tres Voltes Rebel, una de las j\u00f3venes promesas de la ilustraci\u00f3n en nuestro pa\u00eds, que nos empodera y recuerda que nada podr\u00e1 con nosotras. \u00abNunca he encajado en los esquemas que la sociedad ha construido para ser una chica perfecta. Desde peque\u00f1a me despeinaba de manera asombrosamente f\u00e1cil. Recuerdo un [&hellip;]<\/p>\n","protected":false},"featured_media":7093,"template":"","meta":[],"product_brand":[],"product_cat":[25],"product_tag":[1038,54,45,1039],"class_list":{"0":"post-7094","1":"product","2":"type-product","3":"status-publish","4":"has-post-thumbnail","6":"product_cat-libros-digitales-ebooks","7":"product_tag-ame-soler","8":"product_tag-descargar-ebook","9":"product_tag-mejor-novela","10":"product_tag-somos-las-nietas-de-las-brujas","12":"first","13":"instock","14":"shipping-taxable","15":"purchasable","16":"product-type-variable","17":"has-default-attributes"},"_links":{"self":[{"href":"https:\/\/www.taller-palabras.com\/WordPress_04\/wp-json\/wp\/v2\/product\/7094","targetHints":{"allow":["GET"]}}],"collection":[{"href":"https:\/\/www.taller-palabras.com\/WordPress_04\/wp-json\/wp\/v2\/product"}],"about":[{"href":"https:\/\/www.taller-palabras.com\/WordPress_04\/wp-json\/wp\/v2\/types\/product"}],"wp:featuredmedia":[{"embeddable":true,"href":"https:\/\/www.taller-palabras.com\/WordPress_04\/wp-json\/wp\/v2\/media\/7093"}],"wp:attachment":[{"href":"https:\/\/www.taller-palabras.com\/WordPress_04\/wp-json\/wp\/v2\/media?parent=7094"}],"wp:term":[{"taxonomy":"product_brand","embeddable":true,"href":"https:\/\/www.taller-palabras.com\/WordPress_04\/wp-json\/wp\/v2\/product_brand?post=7094"},{"taxonomy":"product_cat","embeddable":true,"href":"https:\/\/www.taller-palabras.com\/WordPress_04\/wp-json\/wp\/v2\/product_cat?post=7094"},{"taxonomy":"product_tag","embeddable":true,"href":"https:\/\/www.taller-palabras.com\/WordPress_04\/wp-json\/wp\/v2\/product_tag?post=7094"}],"curies":[{"name":"wp","href":"https:\/\/api.w.org\/{rel}","templated":true}]}}