{"id":713,"date":"2019-12-09T15:24:19","date_gmt":"2019-12-09T18:24:19","guid":{"rendered":"https:\/\/www.taller-palabras.com\/WordPress_04\/?post_type=product&#038;p=713"},"modified":"2023-10-12T12:18:37","modified_gmt":"2023-10-12T15:18:37","slug":"el-jardin-de-las-dudas-fernando-savater","status":"publish","type":"product","link":"https:\/\/www.taller-palabras.com\/WordPress_04\/producto\/el-jardin-de-las-dudas-fernando-savater","title":{"rendered":"El jard\u00edn de las dudas &#8211; Fernando Savater \/ebook"},"content":{"rendered":"<figure id=\"attachment_718\" aria-describedby=\"caption-attachment-718\" style=\"width: 150px\" class=\"wp-caption alignleft\"><img loading=\"lazy\" decoding=\"async\" class=\"wp-image-718 size-thumbnail\" src=\"https:\/\/www.taller-palabras.com\/WordPress_04\/wp-content\/uploads\/2019\/12\/fernando-savater-150x150.jpg\" alt=\"\" width=\"150\" height=\"150\" srcset=\"https:\/\/www.taller-palabras.com\/WordPress_04\/wp-content\/uploads\/2019\/12\/fernando-savater-150x150.jpg 150w, https:\/\/www.taller-palabras.com\/WordPress_04\/wp-content\/uploads\/2019\/12\/fernando-savater-324x324.jpg 324w, https:\/\/www.taller-palabras.com\/WordPress_04\/wp-content\/uploads\/2019\/12\/fernando-savater-100x100.jpg 100w\" sizes=\"auto, (max-width: 150px) 100vw, 150px\" \/><figcaption id=\"caption-attachment-718\" class=\"wp-caption-text\">Autor Fernando Savater<\/figcaption><\/figure>\n<p>Carolina de Beauregard, dama francesa afincada en Espa\u00f1a, se aburre profundamente.Para salir del sopor diario, inicia un intercambio epistolar con Voltaire. Inventor del moderno intelectual, comprometido con las causas humanitarias, Voltaire cuenta en once cartas ap\u00f3crigas, con un sentido del humor malicioso y genial, c\u00f3mo combati\u00f3 los cr\u00edmenes con la risa y se convirti\u00f3 en una gran figura del siglo de las luces.<\/p>\n<p>San Sebasti\u00e1n, (1947). Fernando Savater, escritor,\u00a0es Catedr\u00e1tico de filosof\u00eda en la Universidad Complutense de Madrid.\u00a0Ha publicado m\u00e1s de cincuenta obras de ensayo pol\u00edtico, literario y filos\u00f3fico, narraciones y obras de teatro, adem\u00e1s de cientos de art\u00edculos en la prensa espa\u00f1ola y extranjera.<\/p>\n","protected":false},"excerpt":{"rendered":"<p>Carolina de Beauregard, dama francesa afincada en Espa\u00f1a, se aburre profundamente.Para salir del sopor diario, inicia un intercambio epistolar con Voltaire. Inventor del moderno intelectual, comprometido con las causas humanitarias, Voltaire cuenta en once cartas ap\u00f3crigas, con un sentido del humor malicioso y genial, c\u00f3mo combati\u00f3 los cr\u00edmenes con la risa y se convirti\u00f3 en [&hellip;]<\/p>\n","protected":false},"featured_media":722,"template":"","meta":[],"product_brand":[],"product_cat":[25],"product_tag":[136,188,189,55],"class_list":{"0":"post-713","1":"product","2":"type-product","3":"status-publish","4":"has-post-thumbnail","6":"product_cat-libros-digitales-ebooks","7":"product_tag-decargar-ebook","8":"product_tag-el-jardin-de-las-dudas","9":"product_tag-fernando-savater","10":"product_tag-novelas","12":"first","13":"instock","14":"shipping-taxable","15":"purchasable","16":"product-type-variable","17":"has-default-attributes"},"_links":{"self":[{"href":"https:\/\/www.taller-palabras.com\/WordPress_04\/wp-json\/wp\/v2\/product\/713","targetHints":{"allow":["GET"]}}],"collection":[{"href":"https:\/\/www.taller-palabras.com\/WordPress_04\/wp-json\/wp\/v2\/product"}],"about":[{"href":"https:\/\/www.taller-palabras.com\/WordPress_04\/wp-json\/wp\/v2\/types\/product"}],"wp:featuredmedia":[{"embeddable":true,"href":"https:\/\/www.taller-palabras.com\/WordPress_04\/wp-json\/wp\/v2\/media\/722"}],"wp:attachment":[{"href":"https:\/\/www.taller-palabras.com\/WordPress_04\/wp-json\/wp\/v2\/media?parent=713"}],"wp:term":[{"taxonomy":"product_brand","embeddable":true,"href":"https:\/\/www.taller-palabras.com\/WordPress_04\/wp-json\/wp\/v2\/product_brand?post=713"},{"taxonomy":"product_cat","embeddable":true,"href":"https:\/\/www.taller-palabras.com\/WordPress_04\/wp-json\/wp\/v2\/product_cat?post=713"},{"taxonomy":"product_tag","embeddable":true,"href":"https:\/\/www.taller-palabras.com\/WordPress_04\/wp-json\/wp\/v2\/product_tag?post=713"}],"curies":[{"name":"wp","href":"https:\/\/api.w.org\/{rel}","templated":true}]}}