{"id":7171,"date":"2021-09-29T13:58:03","date_gmt":"2021-09-29T16:58:03","guid":{"rendered":"https:\/\/www.taller-palabras.com\/WordPress_04\/?post_type=product&#038;p=7171"},"modified":"2024-01-13T11:57:19","modified_gmt":"2024-01-13T14:57:19","slug":"baudolino-umberto-eco-ebook","status":"publish","type":"product","link":"https:\/\/www.taller-palabras.com\/WordPress_04\/producto\/baudolino-umberto-eco-ebook","title":{"rendered":"Baudolino &#8211; Umberto Eco \/ebook"},"content":{"rendered":"<figure id=\"attachment_2208\" aria-describedby=\"caption-attachment-2208\" style=\"width: 150px\" class=\"wp-caption alignleft\"><img loading=\"lazy\" decoding=\"async\" class=\"wp-image-2208 size-thumbnail\" src=\"https:\/\/www.taller-palabras.com\/WordPress_04\/wp-content\/uploads\/2020\/07\/umberto-eco-150x150.jpg\" alt=\"\" width=\"150\" height=\"150\" srcset=\"https:\/\/www.taller-palabras.com\/WordPress_04\/wp-content\/uploads\/2020\/07\/umberto-eco-150x150.jpg 150w, https:\/\/www.taller-palabras.com\/WordPress_04\/wp-content\/uploads\/2020\/07\/umberto-eco-100x100.jpg 100w\" sizes=\"auto, (max-width: 150px) 100vw, 150px\" \/><figcaption id=\"caption-attachment-2208\" class=\"wp-caption-text\">Autor Umberto Eco<\/figcaption><\/figure>\n<p>En una zona del bajo Piamonte donde a\u00f1os despu\u00e9s se fundar\u00eda la ciudad de Alessandria, el fantasioso y embustero Baudolino conquista a Federico Barbarroja y se convierte en su hijo adoptivo. Baudolino inventa historias que se transforman en Historia y, empujado por la imaginaci\u00f3n de su ahijado, Federico emprende una cruzada por restituir al Preste Juan las m\u00e1s prestigiosa reliquia de la cristiandad, el Santo Grial. Federico muere en el intento, y ser\u00e1 Baudolino quien contin\u00fae el viaje hacia tierras lejanas, desafiando monstruos y enamorando a la m\u00e1s singular de las hijas de Eva. Aventura picaresca, novela hist\u00f3rica, relato de un delito imposible, teatro de invenciones ling\u00fc\u00edsticas hilarantes, esta obra es una celebarci\u00f3n del mito y la utop\u00eda.<\/p>\n<p>&nbsp;<\/p>\n","protected":false},"excerpt":{"rendered":"<p>En una zona del bajo Piamonte donde a\u00f1os despu\u00e9s se fundar\u00eda la ciudad de Alessandria, el fantasioso y embustero Baudolino conquista a Federico Barbarroja y se convierte en su hijo adoptivo. Baudolino inventa historias que se transforman en Historia y, empujado por la imaginaci\u00f3n de su ahijado, Federico emprende una cruzada por restituir al Preste [&hellip;]<\/p>\n","protected":false},"featured_media":7174,"template":"","meta":[],"product_brand":[],"product_cat":[25],"product_tag":[1043,54,45,305],"class_list":{"0":"post-7171","1":"product","2":"type-product","3":"status-publish","4":"has-post-thumbnail","6":"product_cat-libros-digitales-ebooks","7":"product_tag-baudolino","8":"product_tag-descargar-ebook","9":"product_tag-mejor-novela","10":"product_tag-umberto-eco","12":"first","13":"instock","14":"shipping-taxable","15":"purchasable","16":"product-type-variable","17":"has-default-attributes"},"_links":{"self":[{"href":"https:\/\/www.taller-palabras.com\/WordPress_04\/wp-json\/wp\/v2\/product\/7171","targetHints":{"allow":["GET"]}}],"collection":[{"href":"https:\/\/www.taller-palabras.com\/WordPress_04\/wp-json\/wp\/v2\/product"}],"about":[{"href":"https:\/\/www.taller-palabras.com\/WordPress_04\/wp-json\/wp\/v2\/types\/product"}],"wp:featuredmedia":[{"embeddable":true,"href":"https:\/\/www.taller-palabras.com\/WordPress_04\/wp-json\/wp\/v2\/media\/7174"}],"wp:attachment":[{"href":"https:\/\/www.taller-palabras.com\/WordPress_04\/wp-json\/wp\/v2\/media?parent=7171"}],"wp:term":[{"taxonomy":"product_brand","embeddable":true,"href":"https:\/\/www.taller-palabras.com\/WordPress_04\/wp-json\/wp\/v2\/product_brand?post=7171"},{"taxonomy":"product_cat","embeddable":true,"href":"https:\/\/www.taller-palabras.com\/WordPress_04\/wp-json\/wp\/v2\/product_cat?post=7171"},{"taxonomy":"product_tag","embeddable":true,"href":"https:\/\/www.taller-palabras.com\/WordPress_04\/wp-json\/wp\/v2\/product_tag?post=7171"}],"curies":[{"name":"wp","href":"https:\/\/api.w.org\/{rel}","templated":true}]}}