{"id":7180,"date":"2023-07-11T13:06:43","date_gmt":"2023-07-11T16:06:43","guid":{"rendered":"https:\/\/www.taller-palabras.com\/WordPress_04\/?post_type=product&#038;p=7180"},"modified":"2024-12-14T13:24:09","modified_gmt":"2024-12-14T16:24:09","slug":"cuentos-completos-mario-benedetti-ebook","status":"publish","type":"product","link":"https:\/\/www.taller-palabras.com\/WordPress_04\/producto\/cuentos-completos-mario-benedetti-ebook","title":{"rendered":"Cuentos completos &#8211; Mario Benedetti \/ebook"},"content":{"rendered":"<figure id=\"attachment_7183\" aria-describedby=\"caption-attachment-7183\" style=\"width: 150px\" class=\"wp-caption alignleft\"><img loading=\"lazy\" decoding=\"async\" class=\"wp-image-7183 size-thumbnail\" src=\"https:\/\/www.taller-palabras.com\/WordPress_04\/wp-content\/uploads\/2023\/07\/Mario-Benedetti-150x150.jpg\" alt=\"\" width=\"150\" height=\"150\" srcset=\"https:\/\/www.taller-palabras.com\/WordPress_04\/wp-content\/uploads\/2023\/07\/Mario-Benedetti-150x150.jpg 150w, https:\/\/www.taller-palabras.com\/WordPress_04\/wp-content\/uploads\/2023\/07\/Mario-Benedetti-100x100.jpg 100w\" sizes=\"auto, (max-width: 150px) 100vw, 150px\" \/><figcaption id=\"caption-attachment-7183\" class=\"wp-caption-text\">Autor Mario Benedetti<\/figcaption><\/figure>\n<p>Leer a Benedetti es emprender un viaje desde el reino de la imaginaci\u00f3n que a diario se restaura y en donde el remitente es el coraz\u00f3n de uno mismo. En estos Cuentos completos encontramos historias de amor, de pol\u00edtica, humor\u00edsticas e incluso tr\u00e1gicas, pero ante todo una serie de espejos donde es posible ver nuestra vida. Todos podemos reconocernos en sus personajes.<\/p>\n<p>Estos Cuentos completos prueban que Mario Benedetti es uno de los grandes cuentistas de nuestra lengua y de nuestro siglo. JOS\u00c9 EMILIO PACHECO.<\/p>\n<p>&nbsp;<\/p>\n","protected":false},"excerpt":{"rendered":"<p>Leer a Benedetti es emprender un viaje desde el reino de la imaginaci\u00f3n que a diario se restaura y en donde el remitente es el coraz\u00f3n de uno mismo. En estos Cuentos completos encontramos historias de amor, de pol\u00edtica, humor\u00edsticas e incluso tr\u00e1gicas, pero ante todo una serie de espejos donde es posible ver nuestra [&hellip;]<\/p>\n","protected":false},"featured_media":7175,"template":"","meta":[],"product_brand":[],"product_cat":[25],"product_tag":[410,54,1044,45],"class_list":{"0":"post-7180","1":"product","2":"type-product","3":"status-publish","4":"has-post-thumbnail","6":"product_cat-libros-digitales-ebooks","7":"product_tag-cuentos-completos","8":"product_tag-descargar-ebook","9":"product_tag-mario-benedetti","10":"product_tag-mejor-novela","12":"first","13":"instock","14":"shipping-taxable","15":"purchasable","16":"product-type-variable","17":"has-default-attributes"},"_links":{"self":[{"href":"https:\/\/www.taller-palabras.com\/WordPress_04\/wp-json\/wp\/v2\/product\/7180","targetHints":{"allow":["GET"]}}],"collection":[{"href":"https:\/\/www.taller-palabras.com\/WordPress_04\/wp-json\/wp\/v2\/product"}],"about":[{"href":"https:\/\/www.taller-palabras.com\/WordPress_04\/wp-json\/wp\/v2\/types\/product"}],"wp:featuredmedia":[{"embeddable":true,"href":"https:\/\/www.taller-palabras.com\/WordPress_04\/wp-json\/wp\/v2\/media\/7175"}],"wp:attachment":[{"href":"https:\/\/www.taller-palabras.com\/WordPress_04\/wp-json\/wp\/v2\/media?parent=7180"}],"wp:term":[{"taxonomy":"product_brand","embeddable":true,"href":"https:\/\/www.taller-palabras.com\/WordPress_04\/wp-json\/wp\/v2\/product_brand?post=7180"},{"taxonomy":"product_cat","embeddable":true,"href":"https:\/\/www.taller-palabras.com\/WordPress_04\/wp-json\/wp\/v2\/product_cat?post=7180"},{"taxonomy":"product_tag","embeddable":true,"href":"https:\/\/www.taller-palabras.com\/WordPress_04\/wp-json\/wp\/v2\/product_tag?post=7180"}],"curies":[{"name":"wp","href":"https:\/\/api.w.org\/{rel}","templated":true}]}}