{"id":7201,"date":"2023-07-19T15:46:09","date_gmt":"2023-07-19T18:46:09","guid":{"rendered":"https:\/\/www.taller-palabras.com\/WordPress_04\/?post_type=product&#038;p=7201"},"modified":"2024-12-14T13:41:33","modified_gmt":"2024-12-14T16:41:33","slug":"antes-que-anochezca-reinaldo-arenas-ebook","status":"publish","type":"product","link":"https:\/\/www.taller-palabras.com\/WordPress_04\/producto\/antes-que-anochezca-reinaldo-arenas-ebook","title":{"rendered":"Antes que anochezca &#8211; Reinaldo Arenas \/ebook"},"content":{"rendered":"<figure id=\"attachment_7209\" aria-describedby=\"caption-attachment-7209\" style=\"width: 150px\" class=\"wp-caption alignleft\"><img loading=\"lazy\" decoding=\"async\" class=\"wp-image-7209 size-thumbnail\" src=\"https:\/\/www.taller-palabras.com\/WordPress_04\/wp-content\/uploads\/2023\/07\/Reinaldo-Arenas-150x150.jpg\" alt=\"\" width=\"150\" height=\"150\" srcset=\"https:\/\/www.taller-palabras.com\/WordPress_04\/wp-content\/uploads\/2023\/07\/Reinaldo-Arenas-150x150.jpg 150w, https:\/\/www.taller-palabras.com\/WordPress_04\/wp-content\/uploads\/2023\/07\/Reinaldo-Arenas-300x300.jpg 300w, https:\/\/www.taller-palabras.com\/WordPress_04\/wp-content\/uploads\/2023\/07\/Reinaldo-Arenas-100x100.jpg 100w, https:\/\/www.taller-palabras.com\/WordPress_04\/wp-content\/uploads\/2023\/07\/Reinaldo-Arenas.jpg 320w\" sizes=\"auto, (max-width: 150px) 100vw, 150px\" \/><figcaption id=\"caption-attachment-7209\" class=\"wp-caption-text\">Autor Reinaldo Arenas<\/figcaption><\/figure>\n<p>El 7 de diciembre de 1990 el escritor cubano Reinaldo Arenas, en fase terminal del SIDA, se suicidaba en Nueva York dejando este estremecedor testimonio personal y pol\u00edtico, que termin\u00f3 apenas unos d\u00edas antes de poner fin a su vida. Arenas, en efecto, reun\u00eda las tres condiciones m\u00e1s id\u00f3neas para convertirse en uno de los muchos parias engendrados por el infierno inquisitorial y carcelario de la Cuba castrista: ser escritor, homosexual y disidente. Silencien o no la presencia de este libro los interesados en perpetuar el enga\u00f1o, deseamos que sean cada vez menos los que a\u00fan digan que ignoran qu\u00e9 encubr\u00eda, y encubre, el c\u00e9lebre \u00abpara\u00edso caribe\u00f1o\u00bb del patriarca Fidel Castro. De los bajos fondos de la Habana, donde reptan los excluidos del sistema, a la dificultad de vivir, una vez en el exterior, neg\u00e1ndose a la discreta neutralidad que la izquierda bien pensante espera de un exiliado cubano, la vida de Arenas fue, muy a pesar suyo, una continua peripecia vital e intelectual.<\/p>\n<p>&nbsp;<\/p>\n","protected":false},"excerpt":{"rendered":"<p>El 7 de diciembre de 1990 el escritor cubano Reinaldo Arenas, en fase terminal del SIDA, se suicidaba en Nueva York dejando este estremecedor testimonio personal y pol\u00edtico, que termin\u00f3 apenas unos d\u00edas antes de poner fin a su vida. Arenas, en efecto, reun\u00eda las tres condiciones m\u00e1s id\u00f3neas para convertirse en uno de los [&hellip;]<\/p>\n","protected":false},"featured_media":7204,"template":"","meta":[],"product_brand":[],"product_cat":[25],"product_tag":[1049,54,45,1048],"class_list":{"0":"post-7201","1":"product","2":"type-product","3":"status-publish","4":"has-post-thumbnail","6":"product_cat-libros-digitales-ebooks","7":"product_tag-antes-que-anochezca","8":"product_tag-descargar-ebook","9":"product_tag-mejor-novela","10":"product_tag-reinaldo-arenas","12":"first","13":"instock","14":"shipping-taxable","15":"purchasable","16":"product-type-variable","17":"has-default-attributes"},"_links":{"self":[{"href":"https:\/\/www.taller-palabras.com\/WordPress_04\/wp-json\/wp\/v2\/product\/7201","targetHints":{"allow":["GET"]}}],"collection":[{"href":"https:\/\/www.taller-palabras.com\/WordPress_04\/wp-json\/wp\/v2\/product"}],"about":[{"href":"https:\/\/www.taller-palabras.com\/WordPress_04\/wp-json\/wp\/v2\/types\/product"}],"wp:featuredmedia":[{"embeddable":true,"href":"https:\/\/www.taller-palabras.com\/WordPress_04\/wp-json\/wp\/v2\/media\/7204"}],"wp:attachment":[{"href":"https:\/\/www.taller-palabras.com\/WordPress_04\/wp-json\/wp\/v2\/media?parent=7201"}],"wp:term":[{"taxonomy":"product_brand","embeddable":true,"href":"https:\/\/www.taller-palabras.com\/WordPress_04\/wp-json\/wp\/v2\/product_brand?post=7201"},{"taxonomy":"product_cat","embeddable":true,"href":"https:\/\/www.taller-palabras.com\/WordPress_04\/wp-json\/wp\/v2\/product_cat?post=7201"},{"taxonomy":"product_tag","embeddable":true,"href":"https:\/\/www.taller-palabras.com\/WordPress_04\/wp-json\/wp\/v2\/product_tag?post=7201"}],"curies":[{"name":"wp","href":"https:\/\/api.w.org\/{rel}","templated":true}]}}