{"id":7230,"date":"2023-07-21T11:10:10","date_gmt":"2023-07-21T14:10:10","guid":{"rendered":"https:\/\/www.taller-palabras.com\/WordPress_04\/?post_type=product&#038;p=7230"},"modified":"2024-12-15T17:29:00","modified_gmt":"2024-12-15T20:29:00","slug":"saga-el-ultimo-tramo-3-patrick-leigh-fermor-ebook","status":"publish","type":"product","link":"https:\/\/www.taller-palabras.com\/WordPress_04\/producto\/saga-el-ultimo-tramo-3-patrick-leigh-fermor-ebook","title":{"rendered":"Saga: El \u00faltimo tramo (3) &#8211; Patrick Leigh Fermor \/ebook"},"content":{"rendered":"<figure id=\"attachment_7207\" aria-describedby=\"caption-attachment-7207\" style=\"width: 150px\" class=\"wp-caption alignleft\"><img loading=\"lazy\" decoding=\"async\" class=\"wp-image-7207 size-thumbnail\" src=\"https:\/\/www.taller-palabras.com\/WordPress_04\/wp-content\/uploads\/2023\/07\/Fremor-150x150.jpg\" alt=\"\" width=\"150\" height=\"150\" srcset=\"https:\/\/www.taller-palabras.com\/WordPress_04\/wp-content\/uploads\/2023\/07\/Fremor-150x150.jpg 150w, https:\/\/www.taller-palabras.com\/WordPress_04\/wp-content\/uploads\/2023\/07\/Fremor-100x100.jpg 100w, https:\/\/www.taller-palabras.com\/WordPress_04\/wp-content\/uploads\/2023\/07\/Fremor.jpg 283w\" sizes=\"auto, (max-width: 150px) 100vw, 150px\" \/><figcaption id=\"caption-attachment-7207\" class=\"wp-caption-text\">Autor Patrick Leigh Fermor<\/figcaption><\/figure>\n<p>Aparecido p\u00f3stumamente, \u00abEl \u00faltimo tramo\u00bb cierra la trilog\u00eda que hasta ahora permanec\u00eda inconclusa. Re\u00fane, por un lado, el contenido in\u00e9dito del manuscrito que el escritor redact\u00f3 en la d\u00e9cada de 1960 y que luego abandon\u00f3 pendiente de corregir, y, por otro, un diario en el que describe las semanas que pas\u00f3 en Monte Athos, inmediatamente despu\u00e9s de su viaje inici\u00e1tico. Editados por Colin Thubron y Artemis Cooper, los textos reunidos en este libro ponen el broche de oro a una de las experiencias viajeras m\u00e1s memorables del siglo pasado.<\/p>\n<p>&nbsp;<\/p>\n","protected":false},"excerpt":{"rendered":"<p>Aparecido p\u00f3stumamente, \u00abEl \u00faltimo tramo\u00bb cierra la trilog\u00eda que hasta ahora permanec\u00eda inconclusa. Re\u00fane, por un lado, el contenido in\u00e9dito del manuscrito que el escritor redact\u00f3 en la d\u00e9cada de 1960 y que luego abandon\u00f3 pendiente de corregir, y, por otro, un diario en el que describe las semanas que pas\u00f3 en Monte Athos, inmediatamente [&hellip;]<\/p>\n","protected":false},"featured_media":7211,"template":"","meta":[],"product_brand":[],"product_cat":[47],"product_tag":[54,1053,45,1050],"class_list":{"0":"post-7230","1":"product","2":"type-product","3":"status-publish","4":"has-post-thumbnail","6":"product_cat-libros-digitales-sagas","7":"product_tag-descargar-ebook","8":"product_tag-el-ultimo-tramo","9":"product_tag-mejor-novela","10":"product_tag-patrick-leigh-fermor","12":"first","13":"instock","14":"shipping-taxable","15":"purchasable","16":"product-type-variable","17":"has-default-attributes"},"_links":{"self":[{"href":"https:\/\/www.taller-palabras.com\/WordPress_04\/wp-json\/wp\/v2\/product\/7230","targetHints":{"allow":["GET"]}}],"collection":[{"href":"https:\/\/www.taller-palabras.com\/WordPress_04\/wp-json\/wp\/v2\/product"}],"about":[{"href":"https:\/\/www.taller-palabras.com\/WordPress_04\/wp-json\/wp\/v2\/types\/product"}],"wp:featuredmedia":[{"embeddable":true,"href":"https:\/\/www.taller-palabras.com\/WordPress_04\/wp-json\/wp\/v2\/media\/7211"}],"wp:attachment":[{"href":"https:\/\/www.taller-palabras.com\/WordPress_04\/wp-json\/wp\/v2\/media?parent=7230"}],"wp:term":[{"taxonomy":"product_brand","embeddable":true,"href":"https:\/\/www.taller-palabras.com\/WordPress_04\/wp-json\/wp\/v2\/product_brand?post=7230"},{"taxonomy":"product_cat","embeddable":true,"href":"https:\/\/www.taller-palabras.com\/WordPress_04\/wp-json\/wp\/v2\/product_cat?post=7230"},{"taxonomy":"product_tag","embeddable":true,"href":"https:\/\/www.taller-palabras.com\/WordPress_04\/wp-json\/wp\/v2\/product_tag?post=7230"}],"curies":[{"name":"wp","href":"https:\/\/api.w.org\/{rel}","templated":true}]}}