{"id":7317,"date":"2021-07-29T11:42:41","date_gmt":"2021-07-29T14:42:41","guid":{"rendered":"https:\/\/www.taller-palabras.com\/WordPress_04\/?post_type=product&#038;p=7317"},"modified":"2024-03-30T14:33:38","modified_gmt":"2024-03-30T17:33:38","slug":"la-piedra-lunar-wilkie-collins-ebook","status":"publish","type":"product","link":"https:\/\/www.taller-palabras.com\/WordPress_04\/producto\/la-piedra-lunar-wilkie-collins-ebook","title":{"rendered":"La piedra lunar  &#8211; Wilkie Collins \/ebook"},"content":{"rendered":"<figure id=\"attachment_7304\" aria-describedby=\"caption-attachment-7304\" style=\"width: 150px\" class=\"wp-caption alignleft\"><img loading=\"lazy\" decoding=\"async\" class=\"wp-image-7304 size-thumbnail\" src=\"https:\/\/www.taller-palabras.com\/WordPress_04\/wp-content\/uploads\/2023\/07\/wilkie-collins-150x150.jpeg\" alt=\"\" width=\"150\" height=\"150\" srcset=\"https:\/\/www.taller-palabras.com\/WordPress_04\/wp-content\/uploads\/2023\/07\/wilkie-collins-150x150.jpeg 150w, https:\/\/www.taller-palabras.com\/WordPress_04\/wp-content\/uploads\/2023\/07\/wilkie-collins-100x100.jpeg 100w\" sizes=\"auto, (max-width: 150px) 100vw, 150px\" \/><figcaption id=\"caption-attachment-7304\" class=\"wp-caption-text\">Autor Wilkie Collins<\/figcaption><\/figure>\n<p>Jorge Luis Borges no se cans\u00f3 de repetir a todo aquel que quiso o\u00edrle que La Dama de Blanco y La Piedra Lunar, las dos grandes novelas de \u00abWilkie Collins\u00bb, pertenecen a la estirpe de los libros inolvidables. El gran poeta Eliot adoraba a ambas. Fitzgerald, insigne traductor y casi inventor de Omar Jayy\u00e1m, prefer\u00eda La Dama de Blanco, pero para Swinburne La Piedra Lunar es una obra maestra. El novelista japon\u00e9s Shusaku Endo declar\u00f3 que son, de entre todas las escritas a lo largo de la historia, sus dos novelas favoritas. Muchos otros autores de renombre se han pronunciado en id\u00e9ntico sentido. \u00bfCu\u00e1l es la raz\u00f3n de que escritores tan dispares proclamen un\u00e1nimemente la bondad de ambos libros? La respuesta habr\u00e1 de hallarse en el galopante ritmo de la trama, en el equilibrio que alcanza entre la novela de detectives y el melodrama, en los desenlaces imprevisibles, en sus v\u00edvidos y humanos personajes (entre ellos Cuff, el primer detective de la literatura brit\u00e1nica, en La Piedra Lunar). \u00abLa Piedra Lunar\u00bb (la m\u00e1s perfecta novela polic\u00edaca, en palabras de Eliot) fue publicada en 1868, y desde entonces ha sido permanentemente reeditada en casi todas las lenguas.<\/p>\n","protected":false},"excerpt":{"rendered":"<p>Jorge Luis Borges no se cans\u00f3 de repetir a todo aquel que quiso o\u00edrle que La Dama de Blanco y La Piedra Lunar, las dos grandes novelas de \u00abWilkie Collins\u00bb, pertenecen a la estirpe de los libros inolvidables. El gran poeta Eliot adoraba a ambas. Fitzgerald, insigne traductor y casi inventor de Omar Jayy\u00e1m, prefer\u00eda [&hellip;]<\/p>\n","protected":false},"featured_media":7303,"template":"","meta":[],"product_brand":[],"product_cat":[25],"product_tag":[54,1064,225,1061],"class_list":{"0":"post-7317","1":"product","2":"type-product","3":"status-publish","4":"has-post-thumbnail","6":"product_cat-libros-digitales-ebooks","7":"product_tag-descargar-ebook","8":"product_tag-la-piedra-lunar","9":"product_tag-mejores-novelas","10":"product_tag-wilkie-collins","12":"first","13":"instock","14":"shipping-taxable","15":"purchasable","16":"product-type-variable","17":"has-default-attributes"},"_links":{"self":[{"href":"https:\/\/www.taller-palabras.com\/WordPress_04\/wp-json\/wp\/v2\/product\/7317","targetHints":{"allow":["GET"]}}],"collection":[{"href":"https:\/\/www.taller-palabras.com\/WordPress_04\/wp-json\/wp\/v2\/product"}],"about":[{"href":"https:\/\/www.taller-palabras.com\/WordPress_04\/wp-json\/wp\/v2\/types\/product"}],"wp:featuredmedia":[{"embeddable":true,"href":"https:\/\/www.taller-palabras.com\/WordPress_04\/wp-json\/wp\/v2\/media\/7303"}],"wp:attachment":[{"href":"https:\/\/www.taller-palabras.com\/WordPress_04\/wp-json\/wp\/v2\/media?parent=7317"}],"wp:term":[{"taxonomy":"product_brand","embeddable":true,"href":"https:\/\/www.taller-palabras.com\/WordPress_04\/wp-json\/wp\/v2\/product_brand?post=7317"},{"taxonomy":"product_cat","embeddable":true,"href":"https:\/\/www.taller-palabras.com\/WordPress_04\/wp-json\/wp\/v2\/product_cat?post=7317"},{"taxonomy":"product_tag","embeddable":true,"href":"https:\/\/www.taller-palabras.com\/WordPress_04\/wp-json\/wp\/v2\/product_tag?post=7317"}],"curies":[{"name":"wp","href":"https:\/\/api.w.org\/{rel}","templated":true}]}}