{"id":7336,"date":"2021-11-30T12:21:52","date_gmt":"2021-11-30T15:21:52","guid":{"rendered":"https:\/\/www.taller-palabras.com\/WordPress_04\/?post_type=product&#038;p=7336"},"modified":"2024-05-24T12:48:10","modified_gmt":"2024-05-24T15:48:10","slug":"bel-ami-guy-de-maupassant-ebook","status":"publish","type":"product","link":"https:\/\/www.taller-palabras.com\/WordPress_04\/producto\/bel-ami-guy-de-maupassant-ebook","title":{"rendered":"Bel Ami &#8211; Guy de Maupassant \/ebook)"},"content":{"rendered":"<figure id=\"attachment_7342\" aria-describedby=\"caption-attachment-7342\" style=\"width: 150px\" class=\"wp-caption alignleft\"><img loading=\"lazy\" decoding=\"async\" class=\"wp-image-7342 size-thumbnail\" src=\"https:\/\/www.taller-palabras.com\/WordPress_04\/wp-content\/uploads\/2023\/07\/Maupassant-150x150.jpg\" alt=\"\" width=\"150\" height=\"150\" srcset=\"https:\/\/www.taller-palabras.com\/WordPress_04\/wp-content\/uploads\/2023\/07\/Maupassant-150x150.jpg 150w, https:\/\/www.taller-palabras.com\/WordPress_04\/wp-content\/uploads\/2023\/07\/Maupassant-100x100.jpg 100w, https:\/\/www.taller-palabras.com\/WordPress_04\/wp-content\/uploads\/2023\/07\/Maupassant.jpg 200w\" sizes=\"auto, (max-width: 150px) 100vw, 150px\" \/><figcaption id=\"caption-attachment-7342\" class=\"wp-caption-text\">Autor Guy de Maupassant<\/figcaption><\/figure>\n<p>El mayor logro de Maupassant como novelista: un formidable retrato sobre una sociedad en declive. Un joven apuesto llega a Par\u00eds procedente de Argelia, donde ha pasado dos a\u00f1os movilizado con el ej\u00e9rcito. Su buena fortuna le proporciona un encuentro casual con un amigo de la infancia que trabaja como periodista y le introduce en su c\u00edrculo. El encanto personal de Duroy, el protagonista, comienza a abrirle puertas\u2026 Pronto ver\u00e1 que la lealtad no es el camino m\u00e1s r\u00e1pido para ingresar en la aristocracia; la maquinaci\u00f3n y la seducci\u00f3n lo elevar\u00e1n hasta las m\u00e1s altas esferas de Par\u00eds. La presente edici\u00f3n, en traducci\u00f3n de Carlos de Arce, incluye un art\u00edculo escrito por el ganador del prestigioso Premio Goncourt Jean-Louis Bory y recoge escritos, tanto del autor como ajenos, sobre la recepci\u00f3n en su \u00e9poca del mayor logro literario de Guy de Maupassant. \u00abY si acaso enviuda, acu\u00e9rdese de mi candidatura\u00bb. Jean-Paul Sartre dijo\u2026 \u00abEn el ascenso de Duroy entendemos el declive de toda una sociedad\u00bb.<\/p>\n","protected":false},"excerpt":{"rendered":"<p>El mayor logro de Maupassant como novelista: un formidable retrato sobre una sociedad en declive. Un joven apuesto llega a Par\u00eds procedente de Argelia, donde ha pasado dos a\u00f1os movilizado con el ej\u00e9rcito. Su buena fortuna le proporciona un encuentro casual con un amigo de la infancia que trabaja como periodista y le introduce en [&hellip;]<\/p>\n","protected":false},"featured_media":7343,"template":"","meta":[],"product_brand":[],"product_cat":[25],"product_tag":[1068,54,225],"class_list":{"0":"post-7336","1":"product","2":"type-product","3":"status-publish","4":"has-post-thumbnail","6":"product_cat-libros-digitales-ebooks","7":"product_tag-bel-ami","8":"product_tag-descargar-ebook","9":"product_tag-mejores-novelas","11":"first","12":"instock","13":"shipping-taxable","14":"purchasable","15":"product-type-variable","16":"has-default-attributes"},"_links":{"self":[{"href":"https:\/\/www.taller-palabras.com\/WordPress_04\/wp-json\/wp\/v2\/product\/7336","targetHints":{"allow":["GET"]}}],"collection":[{"href":"https:\/\/www.taller-palabras.com\/WordPress_04\/wp-json\/wp\/v2\/product"}],"about":[{"href":"https:\/\/www.taller-palabras.com\/WordPress_04\/wp-json\/wp\/v2\/types\/product"}],"wp:featuredmedia":[{"embeddable":true,"href":"https:\/\/www.taller-palabras.com\/WordPress_04\/wp-json\/wp\/v2\/media\/7343"}],"wp:attachment":[{"href":"https:\/\/www.taller-palabras.com\/WordPress_04\/wp-json\/wp\/v2\/media?parent=7336"}],"wp:term":[{"taxonomy":"product_brand","embeddable":true,"href":"https:\/\/www.taller-palabras.com\/WordPress_04\/wp-json\/wp\/v2\/product_brand?post=7336"},{"taxonomy":"product_cat","embeddable":true,"href":"https:\/\/www.taller-palabras.com\/WordPress_04\/wp-json\/wp\/v2\/product_cat?post=7336"},{"taxonomy":"product_tag","embeddable":true,"href":"https:\/\/www.taller-palabras.com\/WordPress_04\/wp-json\/wp\/v2\/product_tag?post=7336"}],"curies":[{"name":"wp","href":"https:\/\/api.w.org\/{rel}","templated":true}]}}