{"id":7355,"date":"2023-07-30T18:35:20","date_gmt":"2023-07-30T21:35:20","guid":{"rendered":"https:\/\/www.taller-palabras.com\/WordPress_04\/?post_type=product&#038;p=7355"},"modified":"2025-01-24T11:24:41","modified_gmt":"2025-01-24T14:24:41","slug":"las-ratas-jose-bianco-ebook","status":"publish","type":"product","link":"https:\/\/www.taller-palabras.com\/WordPress_04\/producto\/las-ratas-jose-bianco-ebook","title":{"rendered":"Las ratas &#8211; Jos\u00e9 Bianco \/ebook"},"content":{"rendered":"<figure id=\"attachment_7353\" aria-describedby=\"caption-attachment-7353\" style=\"width: 150px\" class=\"wp-caption alignleft\"><img loading=\"lazy\" decoding=\"async\" class=\"wp-image-7353 size-thumbnail\" src=\"https:\/\/www.taller-palabras.com\/WordPress_04\/wp-content\/uploads\/2023\/07\/Jose-Bianco-150x150.jpg\" alt=\"\" width=\"150\" height=\"150\" srcset=\"https:\/\/www.taller-palabras.com\/WordPress_04\/wp-content\/uploads\/2023\/07\/Jose-Bianco-150x150.jpg 150w, https:\/\/www.taller-palabras.com\/WordPress_04\/wp-content\/uploads\/2023\/07\/Jose-Bianco-100x100.jpg 100w, https:\/\/www.taller-palabras.com\/WordPress_04\/wp-content\/uploads\/2023\/07\/Jose-Bianco.jpg 194w\" sizes=\"auto, (max-width: 150px) 100vw, 150px\" \/><figcaption id=\"caption-attachment-7353\" class=\"wp-caption-text\">Autor Jos\u00e9 Bianco<\/figcaption><\/figure>\n<p>Leer es uno de los ejercicios m\u00e1s personales de la inteligencia, un banquete \u00edntimo de la imaginaci\u00f3n y de la libertad. La virtualidad de la literatura permite saldar injusticias, traspasar los l\u00edmites de lo establecido o mejorar simb\u00f3licamente una circunstancia que el sentido com\u00fan ha declarado irreversible. Leer literatura argentina supone, adem\u00e1s, redescubrir la inmediatez de una lengua y una cultura propias, entablar una conversaci\u00f3n capaz de hacernos m\u00e1s l\u00facidos, entrenarnos para comprender y discutir una realidad en toda su riqueza y en su desafiante complejidad. Las ratas (1943) de Jos\u00e9 Bianco es un ejemplo \u00fanico de esa diversidad. En la concisa perfecci\u00f3n de su escritura, en la desasosegada historia de una familia culta de clase media, se esconde un drama que condensa m\u00faltiples claves de la sociedad argentina.<\/p>\n<p>&nbsp;<\/p>\n","protected":false},"excerpt":{"rendered":"<p>Leer es uno de los ejercicios m\u00e1s personales de la inteligencia, un banquete \u00edntimo de la imaginaci\u00f3n y de la libertad. La virtualidad de la literatura permite saldar injusticias, traspasar los l\u00edmites de lo establecido o mejorar simb\u00f3licamente una circunstancia que el sentido com\u00fan ha declarado irreversible. Leer literatura argentina supone, adem\u00e1s, redescubrir la inmediatez [&hellip;]<\/p>\n","protected":false},"featured_media":7354,"template":"","meta":[],"product_brand":[],"product_cat":[25],"product_tag":[54,1071,1072,45],"class_list":{"0":"post-7355","1":"product","2":"type-product","3":"status-publish","4":"has-post-thumbnail","6":"product_cat-libros-digitales-ebooks","7":"product_tag-descargar-ebook","8":"product_tag-jose-bianco","9":"product_tag-las-ratas","10":"product_tag-mejor-novela","12":"first","13":"instock","14":"shipping-taxable","15":"purchasable","16":"product-type-variable","17":"has-default-attributes"},"_links":{"self":[{"href":"https:\/\/www.taller-palabras.com\/WordPress_04\/wp-json\/wp\/v2\/product\/7355","targetHints":{"allow":["GET"]}}],"collection":[{"href":"https:\/\/www.taller-palabras.com\/WordPress_04\/wp-json\/wp\/v2\/product"}],"about":[{"href":"https:\/\/www.taller-palabras.com\/WordPress_04\/wp-json\/wp\/v2\/types\/product"}],"wp:featuredmedia":[{"embeddable":true,"href":"https:\/\/www.taller-palabras.com\/WordPress_04\/wp-json\/wp\/v2\/media\/7354"}],"wp:attachment":[{"href":"https:\/\/www.taller-palabras.com\/WordPress_04\/wp-json\/wp\/v2\/media?parent=7355"}],"wp:term":[{"taxonomy":"product_brand","embeddable":true,"href":"https:\/\/www.taller-palabras.com\/WordPress_04\/wp-json\/wp\/v2\/product_brand?post=7355"},{"taxonomy":"product_cat","embeddable":true,"href":"https:\/\/www.taller-palabras.com\/WordPress_04\/wp-json\/wp\/v2\/product_cat?post=7355"},{"taxonomy":"product_tag","embeddable":true,"href":"https:\/\/www.taller-palabras.com\/WordPress_04\/wp-json\/wp\/v2\/product_tag?post=7355"}],"curies":[{"name":"wp","href":"https:\/\/api.w.org\/{rel}","templated":true}]}}