{"id":7447,"date":"2020-04-29T16:10:56","date_gmt":"2020-04-29T19:10:56","guid":{"rendered":"https:\/\/www.taller-palabras.com\/WordPress_04\/?post_type=product&#038;p=7447"},"modified":"2023-11-12T13:27:25","modified_gmt":"2023-11-12T16:27:25","slug":"el-ultimo-dickens-matthew-pearl-ebook","status":"publish","type":"product","link":"https:\/\/www.taller-palabras.com\/WordPress_04\/producto\/el-ultimo-dickens-matthew-pearl-ebook","title":{"rendered":"El \u00faltimo Dickens &#8211; Matthew Pearl \/ebook"},"content":{"rendered":"<figure id=\"attachment_1903\" aria-describedby=\"caption-attachment-1903\" style=\"width: 150px\" class=\"wp-caption alignleft\"><img loading=\"lazy\" decoding=\"async\" class=\"wp-image-1903 size-thumbnail\" src=\"https:\/\/www.taller-palabras.com\/WordPress_04\/wp-content\/uploads\/2020\/04\/MatthewPearl-150x150.jpg\" alt=\"\" width=\"150\" height=\"150\" srcset=\"https:\/\/www.taller-palabras.com\/WordPress_04\/wp-content\/uploads\/2020\/04\/MatthewPearl-150x150.jpg 150w, https:\/\/www.taller-palabras.com\/WordPress_04\/wp-content\/uploads\/2020\/04\/MatthewPearl-298x300.jpg 298w, https:\/\/www.taller-palabras.com\/WordPress_04\/wp-content\/uploads\/2020\/04\/MatthewPearl-100x100.jpg 100w, https:\/\/www.taller-palabras.com\/WordPress_04\/wp-content\/uploads\/2020\/04\/MatthewPearl.jpg 318w\" sizes=\"auto, (max-width: 150px) 100vw, 150px\" \/><figcaption id=\"caption-attachment-1903\" class=\"wp-caption-text\">Autor Matthew Pearl<\/figcaption><\/figure>\n<p>Un apasionante y vertiginoso thriller que reabre uno de los m\u00e1s grandes enigmas literarios de la historia. \u00bfQu\u00e9 ocurri\u00f3 con la novela inconclusa de Charles Dickens? \u00bfHubo alguna relaci\u00f3n entre la repentina muerte del escritor m\u00e1s admirado en vida, y esta misteriosa obra cuya sola menci\u00f3n deja un rastro de cad\u00e1veres en tres continentes? Una brillante y adictiva trama que mezcla el tr\u00e1fico del opio y la literatura, el efervescente Boston de fines del siglo XIX, el Londres victoriano y la India colonial. Dejar\u00e1 sin aliento a la cada vez mayor legi\u00f3n de seguidores del maestro de la novela hist\u00f3rica de intriga, y atrapar\u00e1 desde la primera p\u00e1gina a los nuevos lectores.<\/p>\n<p>&nbsp;<\/p>\n","protected":false},"excerpt":{"rendered":"<p>Un apasionante y vertiginoso thriller que reabre uno de los m\u00e1s grandes enigmas literarios de la historia. \u00bfQu\u00e9 ocurri\u00f3 con la novela inconclusa de Charles Dickens? \u00bfHubo alguna relaci\u00f3n entre la repentina muerte del escritor m\u00e1s admirado en vida, y esta misteriosa obra cuya sola menci\u00f3n deja un rastro de cad\u00e1veres en tres continentes? Una [&hellip;]<\/p>\n","protected":false},"featured_media":7452,"template":"","meta":[],"product_brand":[],"product_cat":[25],"product_tag":[54,1090,197,45],"class_list":{"0":"post-7447","1":"product","2":"type-product","3":"status-publish","4":"has-post-thumbnail","6":"product_cat-libros-digitales-ebooks","7":"product_tag-descargar-ebook","8":"product_tag-el-ultimo-dickens","9":"product_tag-matthew-pearl","10":"product_tag-mejor-novela","12":"first","13":"instock","14":"shipping-taxable","15":"purchasable","16":"product-type-variable","17":"has-default-attributes"},"_links":{"self":[{"href":"https:\/\/www.taller-palabras.com\/WordPress_04\/wp-json\/wp\/v2\/product\/7447","targetHints":{"allow":["GET"]}}],"collection":[{"href":"https:\/\/www.taller-palabras.com\/WordPress_04\/wp-json\/wp\/v2\/product"}],"about":[{"href":"https:\/\/www.taller-palabras.com\/WordPress_04\/wp-json\/wp\/v2\/types\/product"}],"wp:featuredmedia":[{"embeddable":true,"href":"https:\/\/www.taller-palabras.com\/WordPress_04\/wp-json\/wp\/v2\/media\/7452"}],"wp:attachment":[{"href":"https:\/\/www.taller-palabras.com\/WordPress_04\/wp-json\/wp\/v2\/media?parent=7447"}],"wp:term":[{"taxonomy":"product_brand","embeddable":true,"href":"https:\/\/www.taller-palabras.com\/WordPress_04\/wp-json\/wp\/v2\/product_brand?post=7447"},{"taxonomy":"product_cat","embeddable":true,"href":"https:\/\/www.taller-palabras.com\/WordPress_04\/wp-json\/wp\/v2\/product_cat?post=7447"},{"taxonomy":"product_tag","embeddable":true,"href":"https:\/\/www.taller-palabras.com\/WordPress_04\/wp-json\/wp\/v2\/product_tag?post=7447"}],"curies":[{"name":"wp","href":"https:\/\/api.w.org\/{rel}","templated":true}]}}