{"id":745,"date":"2019-12-04T12:05:26","date_gmt":"2019-12-04T15:05:26","guid":{"rendered":"https:\/\/www.taller-palabras.com\/WordPress_04\/?post_type=product&#038;p=745"},"modified":"2023-10-14T09:45:01","modified_gmt":"2023-10-14T12:45:01","slug":"cada-siete-olas-daniel-glattauer-ebook","status":"publish","type":"product","link":"https:\/\/www.taller-palabras.com\/WordPress_04\/producto\/cada-siete-olas-daniel-glattauer-ebook","title":{"rendered":"Cada siete olas &#8211; Daniel Glattauer  \/ebook"},"content":{"rendered":"<figure id=\"attachment_663\" aria-describedby=\"caption-attachment-663\" style=\"width: 150px\" class=\"wp-caption alignleft\"><img loading=\"lazy\" decoding=\"async\" class=\"wp-image-663 size-thumbnail\" src=\"https:\/\/www.taller-palabras.com\/WordPress_04\/wp-content\/uploads\/2019\/12\/glattauer-150x150.jpg\" alt=\"\" width=\"150\" height=\"150\" srcset=\"https:\/\/www.taller-palabras.com\/WordPress_04\/wp-content\/uploads\/2019\/12\/glattauer-150x150.jpg 150w, https:\/\/www.taller-palabras.com\/WordPress_04\/wp-content\/uploads\/2019\/12\/glattauer-324x324.jpg 324w, https:\/\/www.taller-palabras.com\/WordPress_04\/wp-content\/uploads\/2019\/12\/glattauer-100x100.jpg 100w\" sizes=\"auto, (max-width: 150px) 100vw, 150px\" \/><figcaption id=\"caption-attachment-663\" class=\"wp-caption-text\">Autor Daniel Glattauer<\/figcaption><\/figure>\n<p>Nunca hab\u00edamos estado tan cerca y al mismo tiempo tan lejos 1) \u00bfYa conoces a Emmi Rothner y a Leo Leike? Entonces es que has le\u00eddo <a href=\"https:\/\/www.taller-palabras.com\/WordPress_04\/?product=contra-el-viento-del-norte-daniel-glattauer\">Contra el viento del norte<\/a>, la inusual historia de amor en que dos personas que jam\u00e1s se han visto se enamoran perdidamente por e-mail. 2) \u00bfOpinas que los enamorados se merec\u00edan verse personalmente, aunque fuera s\u00f3lo una vez? Comienza a leer Cada siete olas. 3) \u00bfTe dispones a abrir este libro sin conocer Contra el viento del norte? Aqu\u00ed tienes el equipaje necesario: Leo Leike vuelve de Boston tras poco menos de un a\u00f1o. En casa lo esperan noticias de Emmi Rothner. Ambos se dan cuenta de que sus sentimientos no han cambiado y piensan que quiz\u00e1 deber\u00edan verse una vez en persona. Pero Leo ha empezado una relaci\u00f3n y Emmi sigue casada\u2026 Daniel Glattauer vuelve a cautivar a los lectores y a la cr\u00edtica internacional con su peculiar mirada sobre las relaciones amorosas en nuestro tiempo. Emmi y Leo nos ense\u00f1an que, despu\u00e9s de que seis olas rompan en la orilla llega la s\u00e9ptima, y \u00e9sa trae siempre muchas sorpresas.<\/p>\n","protected":false},"excerpt":{"rendered":"<p>Nunca hab\u00edamos estado tan cerca y al mismo tiempo tan lejos 1) \u00bfYa conoces a Emmi Rothner y a Leo Leike? Entonces es que has le\u00eddo Contra el viento del norte, la inusual historia de amor en que dos personas que jam\u00e1s se han visto se enamoran perdidamente por e-mail. 2) \u00bfOpinas que los enamorados [&hellip;]<\/p>\n","protected":false},"featured_media":749,"template":"","meta":[],"product_brand":[],"product_cat":[25],"product_tag":[183,125,136,55],"class_list":{"0":"post-745","1":"product","2":"type-product","3":"status-publish","4":"has-post-thumbnail","6":"product_cat-libros-digitales-ebooks","7":"product_tag-cada-siete-olas","8":"product_tag-daniel-glattauer","9":"product_tag-decargar-ebook","10":"product_tag-novelas","12":"first","13":"instock","14":"shipping-taxable","15":"purchasable","16":"product-type-variable","17":"has-default-attributes"},"_links":{"self":[{"href":"https:\/\/www.taller-palabras.com\/WordPress_04\/wp-json\/wp\/v2\/product\/745","targetHints":{"allow":["GET"]}}],"collection":[{"href":"https:\/\/www.taller-palabras.com\/WordPress_04\/wp-json\/wp\/v2\/product"}],"about":[{"href":"https:\/\/www.taller-palabras.com\/WordPress_04\/wp-json\/wp\/v2\/types\/product"}],"wp:featuredmedia":[{"embeddable":true,"href":"https:\/\/www.taller-palabras.com\/WordPress_04\/wp-json\/wp\/v2\/media\/749"}],"wp:attachment":[{"href":"https:\/\/www.taller-palabras.com\/WordPress_04\/wp-json\/wp\/v2\/media?parent=745"}],"wp:term":[{"taxonomy":"product_brand","embeddable":true,"href":"https:\/\/www.taller-palabras.com\/WordPress_04\/wp-json\/wp\/v2\/product_brand?post=745"},{"taxonomy":"product_cat","embeddable":true,"href":"https:\/\/www.taller-palabras.com\/WordPress_04\/wp-json\/wp\/v2\/product_cat?post=745"},{"taxonomy":"product_tag","embeddable":true,"href":"https:\/\/www.taller-palabras.com\/WordPress_04\/wp-json\/wp\/v2\/product_tag?post=745"}],"curies":[{"name":"wp","href":"https:\/\/api.w.org\/{rel}","templated":true}]}}